{"id":3846,"date":"2021-10-20T15:09:00","date_gmt":"2021-10-20T13:09:00","guid":{"rendered":"https:\/\/mahlers.a.vaia.cloud\/sikkerhet\/"},"modified":"2021-10-21T10:37:20","modified_gmt":"2021-10-21T08:37:20","slug":"sikkerhet","status":"publish","type":"page","link":"https:\/\/mahlers.se\/no\/sikkerhet\/","title":{"rendered":"Sikkerhet"},"content":{"rendered":"\t\t<div data-elementor-type=\"wp-page\" data-elementor-id=\"3846\" class=\"elementor elementor-3846 elementor-3838\" data-elementor-post-type=\"page\">\n\t\t\t\t\t\t<section class=\"elementor-section elementor-top-section elementor-element elementor-element-c5fcbae elementor-section-boxed elementor-section-height-default elementor-section-height-default\" data-id=\"c5fcbae\" data-element_type=\"section\" data-e-type=\"section\">\n\t\t\t\t\t\t<div class=\"elementor-container elementor-column-gap-default\">\n\t\t\t\t\t<div class=\"elementor-column elementor-col-100 elementor-top-column elementor-element elementor-element-c6e0ce0\" data-id=\"c6e0ce0\" data-element_type=\"column\" data-e-type=\"column\">\n\t\t\t<div class=\"elementor-widget-wrap elementor-element-populated\">\n\t\t\t\t\t\t<div class=\"elementor-element elementor-element-150e5fe elementor-widget elementor-widget-image\" data-id=\"150e5fe\" data-element_type=\"widget\" data-e-type=\"widget\" data-widget_type=\"image.default\">\n\t\t\t\t<div class=\"elementor-widget-container\">\n\t\t\t\t\t\t\t\t\t\t\t\t\t\t\t<img fetchpriority=\"high\" decoding=\"async\" width=\"750\" height=\"350\" src=\"https:\/\/mahlers.se\/wp-content\/uploads\/2021\/10\/nag-mahlers.jpg\" class=\"attachment-large size-large wp-image-3606\" alt=\"\" srcset=\"https:\/\/mahlers.se\/wp-content\/uploads\/2021\/10\/nag-mahlers.jpg 750w, https:\/\/mahlers.se\/wp-content\/uploads\/2021\/10\/nag-mahlers-300x140.jpg 300w\" sizes=\"(max-width: 750px) 100vw, 750px\" \/>\t\t\t\t\t\t\t\t\t\t\t\t\t\t\t<\/div>\n\t\t\t\t<\/div>\n\t\t\t\t<div class=\"elementor-element elementor-element-a6ee675 elementor-widget elementor-widget-text-editor\" data-id=\"a6ee675\" data-element_type=\"widget\" data-e-type=\"widget\" data-widget_type=\"text-editor.default\">\n\t\t\t\t<div class=\"elementor-widget-container\">\n\t\t\t\t\t\t\t\t\t<h1>Non Accident Generation<\/h1>\n\t\t\t\t\t\t\t\t<\/div>\n\t\t\t\t<\/div>\n\t\t\t\t<div class=\"elementor-element elementor-element-b96f21b elementor-widget elementor-widget-text-editor\" data-id=\"b96f21b\" data-element_type=\"widget\" data-e-type=\"widget\" data-widget_type=\"text-editor.default\">\n\t\t\t\t<div class=\"elementor-widget-container\">\n\t\t\t\t\t\t\t\t\t<h2>Sikkert resultat<\/h2>\n<p><strong>I mer enn 100 \u00e5r har M\u00e4hlers v\u00e6rt synonymt med kvalitetsredskaper og er proffenes f\u00f8rstevalg for sn\u00f8rydding og veivedlikehold i Skandinavia.<\/strong><\/p>\n\t\t\t\t\t\t\t\t<\/div>\n\t\t\t\t<\/div>\n\t\t\t\t<section class=\"elementor-section elementor-inner-section elementor-element elementor-element-51f2a53 elementor-section-boxed elementor-section-height-default elementor-section-height-default\" data-id=\"51f2a53\" data-element_type=\"section\" data-e-type=\"section\">\n\t\t\t\t\t\t<div class=\"elementor-container elementor-column-gap-no\">\n\t\t\t\t\t<div class=\"elementor-column elementor-col-50 elementor-inner-column elementor-element elementor-element-bdfcb8b\" data-id=\"bdfcb8b\" data-element_type=\"column\" data-e-type=\"column\">\n\t\t\t<div class=\"elementor-widget-wrap elementor-element-populated\">\n\t\t\t\t\t\t<div class=\"elementor-element elementor-element-5c0a57c elementor-widget elementor-widget-text-editor\" data-id=\"5c0a57c\" data-element_type=\"widget\" data-e-type=\"widget\" data-widget_type=\"text-editor.default\">\n\t\t\t\t<div class=\"elementor-widget-container\">\n\t\t\t\t\t\t\t\t\t<p>Forklaringen er at vi aldri blir forn\u00f8yde eller stopper opp. Det kontinuerlige utviklingsarbeidet f\u00f8rer til nyheter og fortl\u00f8pende forbedringer n\u00e5r det gjelder effektivitet og sikkerhet.<\/p>\n<blockquote><p><em>Alle diagonalplogene til M\u00e4hlers oppfyller EU-standarden EN 13021+A1:2008 takket v\u00e6re utl\u00f8sende sikkerhetsskj\u00e6r som klarer en 50 mm h\u00f8y hindring i 40 km\/h.<\/em><\/p><\/blockquote>\n\t\t\t\t\t\t\t\t<\/div>\n\t\t\t\t<\/div>\n\t\t\t\t\t<\/div>\n\t\t<\/div>\n\t\t\t\t<div class=\"elementor-column elementor-col-50 elementor-inner-column elementor-element elementor-element-00fd67d\" data-id=\"00fd67d\" data-element_type=\"column\" data-e-type=\"column\">\n\t\t\t<div class=\"elementor-widget-wrap elementor-element-populated\">\n\t\t\t\t\t\t<div class=\"elementor-element elementor-element-dcd6130 elementor-widget elementor-widget-image\" data-id=\"dcd6130\" data-element_type=\"widget\" data-e-type=\"widget\" data-widget_type=\"image.default\">\n\t\t\t\t<div class=\"elementor-widget-container\">\n\t\t\t\t\t\t\t\t\t\t\t\t\t\t\t<img decoding=\"async\" width=\"460\" height=\"290\" src=\"https:\/\/mahlers.se\/wp-content\/uploads\/2021\/10\/sakra-resultat.jpg\" class=\"attachment-large size-large wp-image-3603\" alt=\"\" srcset=\"https:\/\/mahlers.se\/wp-content\/uploads\/2021\/10\/sakra-resultat.jpg 460w, https:\/\/mahlers.se\/wp-content\/uploads\/2021\/10\/sakra-resultat-300x189.jpg 300w\" sizes=\"(max-width: 460px) 100vw, 460px\" \/>\t\t\t\t\t\t\t\t\t\t\t\t\t\t\t<\/div>\n\t\t\t\t<\/div>\n\t\t\t\t\t<\/div>\n\t\t<\/div>\n\t\t\t\t\t<\/div>\n\t\t<\/section>\n\t\t\t\t<div class=\"elementor-element elementor-element-f03ef9b elementor-widget elementor-widget-text-editor\" data-id=\"f03ef9b\" data-element_type=\"widget\" data-e-type=\"widget\" data-widget_type=\"text-editor.default\">\n\t\t\t\t<div class=\"elementor-widget-container\">\n\t\t\t\t\t\t\t\t\t<h2>Hydrauliske sideploger \u00f8ker arbeidsomr\u00e5det<\/h2>\n<p><strong>M\u00e4hlers hydrauliske ploger gj\u00f8r deg mer fleksibel og effektiv, ikke minst ved sn\u00f8rydding p\u00e5 tettsteder.<\/strong><\/p>\n\t\t\t\t\t\t\t\t<\/div>\n\t\t\t\t<\/div>\n\t\t\t\t<section class=\"elementor-section elementor-inner-section elementor-element elementor-element-8cbeeaf elementor-section-boxed elementor-section-height-default elementor-section-height-default\" data-id=\"8cbeeaf\" data-element_type=\"section\" data-e-type=\"section\">\n\t\t\t\t\t\t<div class=\"elementor-container elementor-column-gap-no\">\n\t\t\t\t\t<div class=\"elementor-column elementor-col-50 elementor-inner-column elementor-element elementor-element-27b4fda\" data-id=\"27b4fda\" data-element_type=\"column\" data-e-type=\"column\">\n\t\t\t<div class=\"elementor-widget-wrap elementor-element-populated\">\n\t\t\t\t\t\t<div class=\"elementor-element elementor-element-2190ef1 elementor-widget elementor-widget-text-editor\" data-id=\"2190ef1\" data-element_type=\"widget\" data-e-type=\"widget\" data-widget_type=\"text-editor.default\">\n\t\t\t\t<div class=\"elementor-widget-container\">\n\t\t\t\t\t\t\t\t\t<p>Veih\u00f8vel eller lastebil med diagonalplog pluss hydraulisk sideplog er en effektiv kombinasjon for de fleste kapasitetskrevende arbeidsoppgaver.<\/p>\n<blockquote>\n<p><em>Alle sideplogene til M\u00e4hlers har s\u00e5kalte sjokkventiler som l\u00f8ser seg ut ved eventuell kollisjon mot faste hindringer (type autovern, betongbarrierer) og hindrer at lastebilen kastes ut i veibanen. Som ekstra sikkerhet forbindes plogen og festet med st\u00e5lwire.<\/em><\/p>\n<\/blockquote>\n\t\t\t\t\t\t\t\t<\/div>\n\t\t\t\t<\/div>\n\t\t\t\t\t<\/div>\n\t\t<\/div>\n\t\t\t\t<div class=\"elementor-column elementor-col-50 elementor-inner-column elementor-element elementor-element-2673944\" data-id=\"2673944\" data-element_type=\"column\" data-e-type=\"column\">\n\t\t\t<div class=\"elementor-widget-wrap elementor-element-populated\">\n\t\t\t\t\t\t<div class=\"elementor-element elementor-element-b190c96 elementor-widget elementor-widget-image\" data-id=\"b190c96\" data-element_type=\"widget\" data-e-type=\"widget\" data-widget_type=\"image.default\">\n\t\t\t\t<div class=\"elementor-widget-container\">\n\t\t\t\t\t\t\t\t\t\t\t\t\t\t\t<img decoding=\"async\" width=\"460\" height=\"290\" src=\"https:\/\/mahlers.se\/wp-content\/uploads\/2021\/10\/hydrauliska-sidplogar.jpg\" class=\"attachment-large size-large wp-image-3608\" alt=\"\" srcset=\"https:\/\/mahlers.se\/wp-content\/uploads\/2021\/10\/hydrauliska-sidplogar.jpg 460w, https:\/\/mahlers.se\/wp-content\/uploads\/2021\/10\/hydrauliska-sidplogar-300x189.jpg 300w\" sizes=\"(max-width: 460px) 100vw, 460px\" \/>\t\t\t\t\t\t\t\t\t\t\t\t\t\t\t<\/div>\n\t\t\t\t<\/div>\n\t\t\t\t\t<\/div>\n\t\t<\/div>\n\t\t\t\t\t<\/div>\n\t\t<\/section>\n\t\t\t\t<div class=\"elementor-element elementor-element-3bd580f elementor-widget elementor-widget-text-editor\" data-id=\"3bd580f\" data-element_type=\"widget\" data-e-type=\"widget\" data-widget_type=\"text-editor.default\">\n\t\t\t\t<div class=\"elementor-widget-container\">\n\t\t\t\t\t\t\t\t\t<h2>Multifunksjonelt styresystem<\/h2>\n<p><strong>M\u00e4hlers nye styresystem MC3 kan kombineres for drift av b\u00e5de h\u00f8velblad og ploger.<\/strong><\/p>\n\t\t\t\t\t\t\t\t<\/div>\n\t\t\t\t<\/div>\n\t\t\t\t<section class=\"elementor-section elementor-inner-section elementor-element elementor-element-eb111c8 elementor-section-boxed elementor-section-height-default elementor-section-height-default\" data-id=\"eb111c8\" data-element_type=\"section\" data-e-type=\"section\">\n\t\t\t\t\t\t<div class=\"elementor-container elementor-column-gap-no\">\n\t\t\t\t\t<div class=\"elementor-column elementor-col-50 elementor-inner-column elementor-element elementor-element-b6500b3\" data-id=\"b6500b3\" data-element_type=\"column\" data-e-type=\"column\">\n\t\t\t<div class=\"elementor-widget-wrap elementor-element-populated\">\n\t\t\t\t\t\t<div class=\"elementor-element elementor-element-8c1ee5a elementor-widget elementor-widget-text-editor\" data-id=\"8c1ee5a\" data-element_type=\"widget\" data-e-type=\"widget\" data-widget_type=\"text-editor.default\">\n\t\t\t\t<div class=\"elementor-widget-container\">\n\t\t\t\t\t\t\t\t\t<p>MC3 er et proporsjonalt styresystem. Det vil si at alt plogutstyr kan styres trinnl\u00f8st.  <\/p>\n<p>Dessuten er programvaren i MC3 tilpasset for \u00e5 st\u00f8tte styring av andre typer funksjoner, som sand- og saltutstyr, tippflak m.m.<br \/>\nStyresystemet er dessuten bygd for fjern-support; via mobilnettet kan man koble opp styresystemet og f\u00e5 teknisk support, uavhengig av hvor man befinner seg. <\/p>\n<blockquote><p><em>Oppfyller EN ISO 13849, tredjepartssertifisert.<br \/>\nAlle betjeningselementer oppfyller sikkerhetsniv\u00e5et PLd.<br \/>\nCANopen Safety-kompatibel for sikrere styring.<br \/>\nOverv\u00e5kning av niv\u00e5er med sleideoverv\u00e5kning i hydraulikken.<br \/>\nSikkerhetsventil i alle hydraulikkblokker.<\/em><\/p><\/blockquote>\n\t\t\t\t\t\t\t\t<\/div>\n\t\t\t\t<\/div>\n\t\t\t\t\t<\/div>\n\t\t<\/div>\n\t\t\t\t<div class=\"elementor-column elementor-col-50 elementor-inner-column elementor-element elementor-element-fa11d18\" data-id=\"fa11d18\" data-element_type=\"column\" data-e-type=\"column\">\n\t\t\t<div class=\"elementor-widget-wrap\">\n\t\t\t\t\t\t\t<\/div>\n\t\t<\/div>\n\t\t\t\t\t<\/div>\n\t\t<\/section>\n\t\t\t\t\t<\/div>\n\t\t<\/div>\n\t\t\t\t\t<\/div>\n\t\t<\/section>\n\t\t\t\t<\/div>\n\t\t","protected":false},"excerpt":{"rendered":"<p>Non Accident Generation Sikkert resultat I mer enn 100 \u00e5r har M\u00e4hlers v\u00e6rt synonymt med kvalitetsredskaper og er proffenes f\u00f8rstevalg for sn\u00f8rydding og veivedlikehold i Skandinavia. Forklaringen er at vi aldri blir forn\u00f8yde eller stopper opp. Det kontinuerlige utviklingsarbeidet f\u00f8rer til nyheter og fortl\u00f8pende forbedringer n\u00e5r det gjelder effektivitet og sikkerhet. Alle diagonalplogene til M\u00e4hlers [&hellip;]<\/p>\n","protected":false},"author":2,"featured_media":0,"parent":0,"menu_order":0,"comment_status":"closed","ping_status":"closed","template":"","meta":{"_acf_changed":false,"footnotes":""},"class_list":["post-3846","page","type-page","status-publish","hentry"],"acf":[],"yoast_head":"<!-- This site is optimized with the Yoast SEO plugin v27.2 - https:\/\/yoast.com\/product\/yoast-seo-wordpress\/ -->\n<title>Sikkerhet - M\u00e4hlers<\/title>\n<meta name=\"robots\" content=\"index, follow, max-snippet:-1, max-image-preview:large, max-video-preview:-1\" \/>\n<link rel=\"canonical\" href=\"https:\/\/mahlers.se\/no\/sikkerhet\/\" \/>\n<meta property=\"og:locale\" content=\"nb_NO\" \/>\n<meta property=\"og:type\" content=\"article\" \/>\n<meta property=\"og:title\" content=\"Sikkerhet - M\u00e4hlers\" \/>\n<meta property=\"og:description\" content=\"Non Accident Generation Sikkert resultat I mer enn 100 \u00e5r har M\u00e4hlers v\u00e6rt synonymt med kvalitetsredskaper og er proffenes f\u00f8rstevalg for sn\u00f8rydding og veivedlikehold i Skandinavia. Forklaringen er at vi aldri blir forn\u00f8yde eller stopper opp. Det kontinuerlige utviklingsarbeidet f\u00f8rer til nyheter og fortl\u00f8pende forbedringer n\u00e5r det gjelder effektivitet og sikkerhet. Alle diagonalplogene til M\u00e4hlers [&hellip;]\" \/>\n<meta property=\"og:url\" content=\"https:\/\/mahlers.se\/no\/sikkerhet\/\" \/>\n<meta property=\"og:site_name\" content=\"M\u00e4hlers\" \/>\n<meta property=\"article:modified_time\" content=\"2021-10-21T08:37:20+00:00\" \/>\n<meta property=\"og:image\" content=\"https:\/\/mahlers.se\/wp-content\/uploads\/2021\/10\/nag-mahlers.jpg\" \/>\n<meta name=\"twitter:card\" content=\"summary_large_image\" \/>\n<meta name=\"twitter:label1\" content=\"Ansl. lesetid\" \/>\n\t<meta name=\"twitter:data1\" content=\"2 minutter\" \/>\n<script type=\"application\/ld+json\" class=\"yoast-schema-graph\">{\"@context\":\"https:\/\/schema.org\",\"@graph\":[{\"@type\":\"WebPage\",\"@id\":\"https:\/\/mahlers.se\/no\/sikkerhet\/\",\"url\":\"https:\/\/mahlers.se\/no\/sikkerhet\/\",\"name\":\"Sikkerhet - M\u00e4hlers\",\"isPartOf\":{\"@id\":\"https:\/\/mahlers.se\/no\/#website\"},\"primaryImageOfPage\":{\"@id\":\"https:\/\/mahlers.se\/no\/sikkerhet\/#primaryimage\"},\"image\":{\"@id\":\"https:\/\/mahlers.se\/no\/sikkerhet\/#primaryimage\"},\"thumbnailUrl\":\"https:\/\/mahlers.se\/wp-content\/uploads\/2021\/10\/nag-mahlers.jpg\",\"datePublished\":\"2021-10-20T13:09:00+00:00\",\"dateModified\":\"2021-10-21T08:37:20+00:00\",\"breadcrumb\":{\"@id\":\"https:\/\/mahlers.se\/no\/sikkerhet\/#breadcrumb\"},\"inLanguage\":\"nb-NO\",\"potentialAction\":[{\"@type\":\"ReadAction\",\"target\":[\"https:\/\/mahlers.se\/no\/sikkerhet\/\"]}]},{\"@type\":\"ImageObject\",\"inLanguage\":\"nb-NO\",\"@id\":\"https:\/\/mahlers.se\/no\/sikkerhet\/#primaryimage\",\"url\":\"https:\/\/mahlers.se\/wp-content\/uploads\/2021\/10\/nag-mahlers.jpg\",\"contentUrl\":\"https:\/\/mahlers.se\/wp-content\/uploads\/2021\/10\/nag-mahlers.jpg\"},{\"@type\":\"BreadcrumbList\",\"@id\":\"https:\/\/mahlers.se\/no\/sikkerhet\/#breadcrumb\",\"itemListElement\":[{\"@type\":\"ListItem\",\"position\":1,\"name\":\"Hem\",\"item\":\"https:\/\/mahlers.se\/no\/\"},{\"@type\":\"ListItem\",\"position\":2,\"name\":\"Sikkerhet\"}]},{\"@type\":\"WebSite\",\"@id\":\"https:\/\/mahlers.se\/no\/#website\",\"url\":\"https:\/\/mahlers.se\/no\/\",\"name\":\"M\u00e4hlers\",\"description\":\"F\u00f6r effektivare sn\u00f6r\u00f6jning och v\u00e4gunderh\u00e5ll\",\"publisher\":{\"@id\":\"https:\/\/mahlers.se\/no\/#organization\"},\"potentialAction\":[{\"@type\":\"SearchAction\",\"target\":{\"@type\":\"EntryPoint\",\"urlTemplate\":\"https:\/\/mahlers.se\/no\/?s={search_term_string}\"},\"query-input\":{\"@type\":\"PropertyValueSpecification\",\"valueRequired\":true,\"valueName\":\"search_term_string\"}}],\"inLanguage\":\"nb-NO\"},{\"@type\":\"Organization\",\"@id\":\"https:\/\/mahlers.se\/no\/#organization\",\"name\":\"M\u00e4hlers\",\"url\":\"https:\/\/mahlers.se\/no\/\",\"logo\":{\"@type\":\"ImageObject\",\"inLanguage\":\"nb-NO\",\"@id\":\"https:\/\/mahlers.se\/no\/#\/schema\/logo\/image\/\",\"url\":\"https:\/\/mahlers.se\/wp-content\/uploads\/2021\/06\/Mahlers-logo-ned-wordonly.png\",\"contentUrl\":\"https:\/\/mahlers.se\/wp-content\/uploads\/2021\/06\/Mahlers-logo-ned-wordonly.png\",\"width\":1026,\"height\":186,\"caption\":\"M\u00e4hlers\"},\"image\":{\"@id\":\"https:\/\/mahlers.se\/no\/#\/schema\/logo\/image\/\"}}]}<\/script>\n<!-- \/ Yoast SEO plugin. -->","yoast_head_json":{"title":"Sikkerhet - M\u00e4hlers","robots":{"index":"index","follow":"follow","max-snippet":"max-snippet:-1","max-image-preview":"max-image-preview:large","max-video-preview":"max-video-preview:-1"},"canonical":"https:\/\/mahlers.se\/no\/sikkerhet\/","og_locale":"nb_NO","og_type":"article","og_title":"Sikkerhet - M\u00e4hlers","og_description":"Non Accident Generation Sikkert resultat I mer enn 100 \u00e5r har M\u00e4hlers v\u00e6rt synonymt med kvalitetsredskaper og er proffenes f\u00f8rstevalg for sn\u00f8rydding og veivedlikehold i Skandinavia. Forklaringen er at vi aldri blir forn\u00f8yde eller stopper opp. Det kontinuerlige utviklingsarbeidet f\u00f8rer til nyheter og fortl\u00f8pende forbedringer n\u00e5r det gjelder effektivitet og sikkerhet. Alle diagonalplogene til M\u00e4hlers [&hellip;]","og_url":"https:\/\/mahlers.se\/no\/sikkerhet\/","og_site_name":"M\u00e4hlers","article_modified_time":"2021-10-21T08:37:20+00:00","og_image":[{"url":"https:\/\/mahlers.se\/wp-content\/uploads\/2021\/10\/nag-mahlers.jpg","type":"","width":"","height":""}],"twitter_card":"summary_large_image","twitter_misc":{"Ansl. lesetid":"2 minutter"},"schema":{"@context":"https:\/\/schema.org","@graph":[{"@type":"WebPage","@id":"https:\/\/mahlers.se\/no\/sikkerhet\/","url":"https:\/\/mahlers.se\/no\/sikkerhet\/","name":"Sikkerhet - M\u00e4hlers","isPartOf":{"@id":"https:\/\/mahlers.se\/no\/#website"},"primaryImageOfPage":{"@id":"https:\/\/mahlers.se\/no\/sikkerhet\/#primaryimage"},"image":{"@id":"https:\/\/mahlers.se\/no\/sikkerhet\/#primaryimage"},"thumbnailUrl":"https:\/\/mahlers.se\/wp-content\/uploads\/2021\/10\/nag-mahlers.jpg","datePublished":"2021-10-20T13:09:00+00:00","dateModified":"2021-10-21T08:37:20+00:00","breadcrumb":{"@id":"https:\/\/mahlers.se\/no\/sikkerhet\/#breadcrumb"},"inLanguage":"nb-NO","potentialAction":[{"@type":"ReadAction","target":["https:\/\/mahlers.se\/no\/sikkerhet\/"]}]},{"@type":"ImageObject","inLanguage":"nb-NO","@id":"https:\/\/mahlers.se\/no\/sikkerhet\/#primaryimage","url":"https:\/\/mahlers.se\/wp-content\/uploads\/2021\/10\/nag-mahlers.jpg","contentUrl":"https:\/\/mahlers.se\/wp-content\/uploads\/2021\/10\/nag-mahlers.jpg"},{"@type":"BreadcrumbList","@id":"https:\/\/mahlers.se\/no\/sikkerhet\/#breadcrumb","itemListElement":[{"@type":"ListItem","position":1,"name":"Hem","item":"https:\/\/mahlers.se\/no\/"},{"@type":"ListItem","position":2,"name":"Sikkerhet"}]},{"@type":"WebSite","@id":"https:\/\/mahlers.se\/no\/#website","url":"https:\/\/mahlers.se\/no\/","name":"M\u00e4hlers","description":"F\u00f6r effektivare sn\u00f6r\u00f6jning och v\u00e4gunderh\u00e5ll","publisher":{"@id":"https:\/\/mahlers.se\/no\/#organization"},"potentialAction":[{"@type":"SearchAction","target":{"@type":"EntryPoint","urlTemplate":"https:\/\/mahlers.se\/no\/?s={search_term_string}"},"query-input":{"@type":"PropertyValueSpecification","valueRequired":true,"valueName":"search_term_string"}}],"inLanguage":"nb-NO"},{"@type":"Organization","@id":"https:\/\/mahlers.se\/no\/#organization","name":"M\u00e4hlers","url":"https:\/\/mahlers.se\/no\/","logo":{"@type":"ImageObject","inLanguage":"nb-NO","@id":"https:\/\/mahlers.se\/no\/#\/schema\/logo\/image\/","url":"https:\/\/mahlers.se\/wp-content\/uploads\/2021\/06\/Mahlers-logo-ned-wordonly.png","contentUrl":"https:\/\/mahlers.se\/wp-content\/uploads\/2021\/06\/Mahlers-logo-ned-wordonly.png","width":1026,"height":186,"caption":"M\u00e4hlers"},"image":{"@id":"https:\/\/mahlers.se\/no\/#\/schema\/logo\/image\/"}}]}},"_links":{"self":[{"href":"https:\/\/mahlers.se\/no\/wp-json\/wp\/v2\/pages\/3846","targetHints":{"allow":["GET"]}}],"collection":[{"href":"https:\/\/mahlers.se\/no\/wp-json\/wp\/v2\/pages"}],"about":[{"href":"https:\/\/mahlers.se\/no\/wp-json\/wp\/v2\/types\/page"}],"author":[{"embeddable":true,"href":"https:\/\/mahlers.se\/no\/wp-json\/wp\/v2\/users\/2"}],"replies":[{"embeddable":true,"href":"https:\/\/mahlers.se\/no\/wp-json\/wp\/v2\/comments?post=3846"}],"version-history":[{"count":5,"href":"https:\/\/mahlers.se\/no\/wp-json\/wp\/v2\/pages\/3846\/revisions"}],"predecessor-version":[{"id":3928,"href":"https:\/\/mahlers.se\/no\/wp-json\/wp\/v2\/pages\/3846\/revisions\/3928"}],"wp:attachment":[{"href":"https:\/\/mahlers.se\/no\/wp-json\/wp\/v2\/media?parent=3846"}],"curies":[{"name":"wp","href":"https:\/\/api.w.org\/{rel}","templated":true}]}}