{"id":2876,"date":"2021-08-16T14:33:54","date_gmt":"2021-08-16T12:33:54","guid":{"rendered":"https:\/\/mahlers.a.vaia.cloud\/om-mahlers\/"},"modified":"2025-04-07T11:34:43","modified_gmt":"2025-04-07T09:34:43","slug":"om-mahlers","status":"publish","type":"page","link":"https:\/\/mahlers.se\/no\/om-mahlers\/","title":{"rendered":"Om M\u00e4hlers"},"content":{"rendered":"\t\t<div data-elementor-type=\"wp-page\" data-elementor-id=\"2876\" class=\"elementor elementor-2876 elementor-493\" data-elementor-post-type=\"page\">\n\t\t\t\t\t\t<section class=\"elementor-section elementor-top-section elementor-element elementor-element-2a57fa22 elementor-section-boxed elementor-section-height-default elementor-section-height-default\" data-id=\"2a57fa22\" data-element_type=\"section\" data-e-type=\"section\">\n\t\t\t\t\t\t<div class=\"elementor-container elementor-column-gap-default\">\n\t\t\t\t\t<div class=\"elementor-column elementor-col-100 elementor-top-column elementor-element elementor-element-1c7f2935\" data-id=\"1c7f2935\" data-element_type=\"column\" data-e-type=\"column\">\n\t\t\t<div class=\"elementor-widget-wrap elementor-element-populated\">\n\t\t\t\t\t\t<div class=\"elementor-element elementor-element-637e4c02 elementor-widget elementor-widget-spacer\" data-id=\"637e4c02\" data-element_type=\"widget\" data-e-type=\"widget\" data-widget_type=\"spacer.default\">\n\t\t\t\t<div class=\"elementor-widget-container\">\n\t\t\t\t\t\t\t<div class=\"elementor-spacer\">\n\t\t\t<div class=\"elementor-spacer-inner\"><\/div>\n\t\t<\/div>\n\t\t\t\t\t\t<\/div>\n\t\t\t\t<\/div>\n\t\t\t\t\t<\/div>\n\t\t<\/div>\n\t\t\t\t\t<\/div>\n\t\t<\/section>\n\t\t\t\t<section class=\"elementor-section elementor-top-section elementor-element elementor-element-55390a41 elementor-section-boxed elementor-section-height-default elementor-section-height-default\" data-id=\"55390a41\" data-element_type=\"section\" data-e-type=\"section\">\n\t\t\t\t\t\t<div class=\"elementor-container elementor-column-gap-default\">\n\t\t\t\t\t<div class=\"elementor-column elementor-col-100 elementor-top-column elementor-element elementor-element-7ebed28f\" data-id=\"7ebed28f\" data-element_type=\"column\" data-e-type=\"column\">\n\t\t\t<div class=\"elementor-widget-wrap elementor-element-populated\">\n\t\t\t\t\t\t<div class=\"elementor-element elementor-element-599cfa11 elementor-widget elementor-widget-heading\" data-id=\"599cfa11\" data-element_type=\"widget\" data-e-type=\"widget\" data-widget_type=\"heading.default\">\n\t\t\t\t<div class=\"elementor-widget-container\">\n\t\t\t\t\t<h1 class=\"elementor-heading-title elementor-size-default\">Om M\u00e4hlers<\/h1>\t\t\t\t<\/div>\n\t\t\t\t<\/div>\n\t\t\t\t\t<\/div>\n\t\t<\/div>\n\t\t\t\t\t<\/div>\n\t\t<\/section>\n\t\t\t\t<section class=\"elementor-section elementor-top-section elementor-element elementor-element-7a882d6c elementor-section-boxed elementor-section-height-default elementor-section-height-default\" data-id=\"7a882d6c\" data-element_type=\"section\" data-e-type=\"section\">\n\t\t\t\t\t\t<div class=\"elementor-container elementor-column-gap-default\">\n\t\t\t\t\t<div class=\"elementor-column elementor-col-50 elementor-top-column elementor-element elementor-element-8e1bb14\" data-id=\"8e1bb14\" data-element_type=\"column\" data-e-type=\"column\">\n\t\t\t<div class=\"elementor-widget-wrap elementor-element-populated\">\n\t\t\t\t\t\t<div class=\"elementor-element elementor-element-44af97bc elementor-widget elementor-widget-text-editor\" data-id=\"44af97bc\" data-element_type=\"widget\" data-e-type=\"widget\" data-widget_type=\"text-editor.default\">\n\t\t\t\t<div class=\"elementor-widget-container\">\n\t\t\t\t\t\t\t\t\t<strong>AB M\u00c4HLER &amp; S\u00d6NER<\/strong> ble grunnlagt i 1895 i Hoting og holder n\u00e5 til i Ross\u00f6n som ligger i den nordlige delen av J\u00e4mtland, Sverige.\r\nTil tross for v\u00e5r lange historie, har vi ikke stagnert i v\u00e5r utvikling. Vi jobber stadig nytenkende og utvikler nye produkter. Det har f\u00f8rt til at vi n\u00e5 er markedsledende i Norden n\u00e5r det gjelder veivedlikehold \u00e5ret rundt.\r\nVi kan foresl\u00e5 og levere komplette utrustninger for lastebil og veih\u00f8vel. V\u00e5r lydh\u00f8rhet for kundenes synspunkter gj\u00f8r at M\u00e4hlers hele tiden forbedrer og fornyer produktprogrammet. Sats p\u00e5 M\u00e4hlers du ogs\u00e5 \u2013 da er du sikret rett metode og produkt samt optimal \u00f8konomi og produksjon.\t\t\t\t\t\t\t\t<\/div>\n\t\t\t\t<\/div>\n\t\t\t\t\t<\/div>\n\t\t<\/div>\n\t\t\t\t<div class=\"elementor-column elementor-col-50 elementor-top-column elementor-element elementor-element-32087f\" data-id=\"32087f\" data-element_type=\"column\" data-e-type=\"column\">\n\t\t\t<div class=\"elementor-widget-wrap\">\n\t\t\t\t\t\t\t<\/div>\n\t\t<\/div>\n\t\t\t\t\t<\/div>\n\t\t<\/section>\n\t\t\t\t<section class=\"elementor-section elementor-top-section elementor-element elementor-element-15c5bcf elementor-section-boxed elementor-section-height-default elementor-section-height-default\" data-id=\"15c5bcf\" data-element_type=\"section\" data-e-type=\"section\">\n\t\t\t\t\t\t<div class=\"elementor-container elementor-column-gap-default\">\n\t\t\t\t\t<div class=\"elementor-column elementor-col-50 elementor-top-column elementor-element elementor-element-9628f87\" data-id=\"9628f87\" data-element_type=\"column\" data-e-type=\"column\">\n\t\t\t<div class=\"elementor-widget-wrap elementor-element-populated\">\n\t\t\t\t\t\t<div class=\"elementor-element elementor-element-9ce3a23 elementor-widget elementor-widget-text-editor\" data-id=\"9ce3a23\" data-element_type=\"widget\" data-e-type=\"widget\" data-widget_type=\"text-editor.default\">\n\t\t\t\t<div class=\"elementor-widget-container\">\n\t\t\t\t\t\t\t\t\t<h2>Kvalitetsdokument<\/h2><p><a href=\"https:\/\/mahlers.se\/wp-content\/uploads\/2022\/05\/General-technical-requirements-Mahlers.pdf\" target=\"_blank\" rel=\"noopener\">General technical requirements<\/a><\/p><p><a href=\"https:\/\/mahlers.se\/wp-content\/uploads\/2022\/05\/How-to-Deliver-to-Mahlers.pdf\" target=\"_blank\" rel=\"noopener\">How to Deliver to M\u00e4hlers<\/a><\/p><p><a href=\"\/wp-content\/uploads\/2022\/05\/Supplier-Handbook-Mahlers.pdf\" target=\"_blank\" rel=\"noopener\">Supplier Handbook<\/a><\/p><p><a href=\"https:\/\/mahlers.se\/wp-content\/uploads\/2024\/01\/Mahlers-Code-of-conduct-A4-low.pdf\">Code of conduct<\/a><\/p><p><a href=\"https:\/\/mahlers.se\/wp-content\/uploads\/2023\/11\/2016.06.-Salgsbetingelser-Norsk.pdf\" target=\"_blank\" rel=\"noopener\">Salgsbetingelser<\/a><\/p><p><a href=\"https:\/\/mahlers.se\/wp-content\/uploads\/2025\/04\/Mahlers-Hallbarhetsrapport-2024.pdf\" target=\"_blank\" rel=\"noopener\">B\u00e6rekraftsrapport<\/a><\/p><p><a href=\"https:\/\/mahlers.se\/wp-content\/uploads\/2024\/06\/Mahlers-Garantivilkar-NO-1.pdf\" target=\"_blank\" rel=\"noopener\">Garantivilk\u00e5r<\/a><\/p><p><a href=\"https:\/\/mahlers.se\/wp-content\/uploads\/2024\/08\/Mahlers-Dataskyddspolicy-NO.pdf\">Personvernpolicy<\/a><\/p>\t\t\t\t\t\t\t\t<\/div>\n\t\t\t\t<\/div>\n\t\t\t\t\t<\/div>\n\t\t<\/div>\n\t\t\t\t<div class=\"elementor-column elementor-col-50 elementor-top-column elementor-element elementor-element-c87e618\" data-id=\"c87e618\" data-element_type=\"column\" data-e-type=\"column\">\n\t\t\t<div class=\"elementor-widget-wrap\">\n\t\t\t\t\t\t\t<\/div>\n\t\t<\/div>\n\t\t\t\t\t<\/div>\n\t\t<\/section>\n\t\t\t\t<\/div>\n\t\t","protected":false},"excerpt":{"rendered":"<p>Om M\u00e4hlers AB M\u00c4HLER &amp; S\u00d6NER ble grunnlagt i 1895 i Hoting og holder n\u00e5 til i Ross\u00f6n som ligger i den nordlige delen av J\u00e4mtland, Sverige. Til tross for v\u00e5r lange historie, har vi ikke stagnert i v\u00e5r utvikling. Vi jobber stadig nytenkende og utvikler nye produkter. Det har f\u00f8rt til at vi n\u00e5 [&hellip;]<\/p>\n","protected":false},"author":1,"featured_media":0,"parent":0,"menu_order":0,"comment_status":"closed","ping_status":"closed","template":"","meta":{"_acf_changed":false,"footnotes":""},"class_list":["post-2876","page","type-page","status-publish","hentry"],"acf":[],"yoast_head":"<!-- This site is optimized with the Yoast SEO plugin v27.2 - https:\/\/yoast.com\/product\/yoast-seo-wordpress\/ -->\n<title>Om M\u00e4hlers - M\u00e4hlers<\/title>\n<meta name=\"robots\" content=\"index, follow, max-snippet:-1, max-image-preview:large, max-video-preview:-1\" \/>\n<link rel=\"canonical\" href=\"https:\/\/mahlers.se\/no\/om-mahlers\/\" \/>\n<meta property=\"og:locale\" content=\"nb_NO\" \/>\n<meta property=\"og:type\" content=\"article\" \/>\n<meta property=\"og:title\" content=\"Om M\u00e4hlers - M\u00e4hlers\" \/>\n<meta property=\"og:description\" content=\"Om M\u00e4hlers AB M\u00c4HLER &amp; S\u00d6NER ble grunnlagt i 1895 i Hoting og holder n\u00e5 til i Ross\u00f6n som ligger i den nordlige delen av J\u00e4mtland, Sverige. Til tross for v\u00e5r lange historie, har vi ikke stagnert i v\u00e5r utvikling. Vi jobber stadig nytenkende og utvikler nye produkter. Det har f\u00f8rt til at vi n\u00e5 [&hellip;]\" \/>\n<meta property=\"og:url\" content=\"https:\/\/mahlers.se\/no\/om-mahlers\/\" \/>\n<meta property=\"og:site_name\" content=\"M\u00e4hlers\" \/>\n<meta property=\"article:modified_time\" content=\"2025-04-07T09:34:43+00:00\" \/>\n<meta name=\"twitter:card\" content=\"summary_large_image\" \/>\n<meta name=\"twitter:label1\" content=\"Ansl. lesetid\" \/>\n\t<meta name=\"twitter:data1\" content=\"1 minutt\" \/>\n<script type=\"application\/ld+json\" class=\"yoast-schema-graph\">{\"@context\":\"https:\/\/schema.org\",\"@graph\":[{\"@type\":\"WebPage\",\"@id\":\"https:\/\/mahlers.se\/no\/om-mahlers\/\",\"url\":\"https:\/\/mahlers.se\/no\/om-mahlers\/\",\"name\":\"Om M\u00e4hlers - M\u00e4hlers\",\"isPartOf\":{\"@id\":\"https:\/\/mahlers.se\/no\/#website\"},\"datePublished\":\"2021-08-16T12:33:54+00:00\",\"dateModified\":\"2025-04-07T09:34:43+00:00\",\"breadcrumb\":{\"@id\":\"https:\/\/mahlers.se\/no\/om-mahlers\/#breadcrumb\"},\"inLanguage\":\"nb-NO\",\"potentialAction\":[{\"@type\":\"ReadAction\",\"target\":[\"https:\/\/mahlers.se\/no\/om-mahlers\/\"]}]},{\"@type\":\"BreadcrumbList\",\"@id\":\"https:\/\/mahlers.se\/no\/om-mahlers\/#breadcrumb\",\"itemListElement\":[{\"@type\":\"ListItem\",\"position\":1,\"name\":\"Hem\",\"item\":\"https:\/\/mahlers.se\/no\/\"},{\"@type\":\"ListItem\",\"position\":2,\"name\":\"Om M\u00e4hlers\"}]},{\"@type\":\"WebSite\",\"@id\":\"https:\/\/mahlers.se\/no\/#website\",\"url\":\"https:\/\/mahlers.se\/no\/\",\"name\":\"M\u00e4hlers\",\"description\":\"F\u00f6r effektivare sn\u00f6r\u00f6jning och v\u00e4gunderh\u00e5ll\",\"publisher\":{\"@id\":\"https:\/\/mahlers.se\/no\/#organization\"},\"potentialAction\":[{\"@type\":\"SearchAction\",\"target\":{\"@type\":\"EntryPoint\",\"urlTemplate\":\"https:\/\/mahlers.se\/no\/?s={search_term_string}\"},\"query-input\":{\"@type\":\"PropertyValueSpecification\",\"valueRequired\":true,\"valueName\":\"search_term_string\"}}],\"inLanguage\":\"nb-NO\"},{\"@type\":\"Organization\",\"@id\":\"https:\/\/mahlers.se\/no\/#organization\",\"name\":\"M\u00e4hlers\",\"url\":\"https:\/\/mahlers.se\/no\/\",\"logo\":{\"@type\":\"ImageObject\",\"inLanguage\":\"nb-NO\",\"@id\":\"https:\/\/mahlers.se\/no\/#\/schema\/logo\/image\/\",\"url\":\"https:\/\/mahlers.se\/wp-content\/uploads\/2021\/06\/Mahlers-logo-ned-wordonly.png\",\"contentUrl\":\"https:\/\/mahlers.se\/wp-content\/uploads\/2021\/06\/Mahlers-logo-ned-wordonly.png\",\"width\":1026,\"height\":186,\"caption\":\"M\u00e4hlers\"},\"image\":{\"@id\":\"https:\/\/mahlers.se\/no\/#\/schema\/logo\/image\/\"}}]}<\/script>\n<!-- \/ Yoast SEO plugin. -->","yoast_head_json":{"title":"Om M\u00e4hlers - M\u00e4hlers","robots":{"index":"index","follow":"follow","max-snippet":"max-snippet:-1","max-image-preview":"max-image-preview:large","max-video-preview":"max-video-preview:-1"},"canonical":"https:\/\/mahlers.se\/no\/om-mahlers\/","og_locale":"nb_NO","og_type":"article","og_title":"Om M\u00e4hlers - M\u00e4hlers","og_description":"Om M\u00e4hlers AB M\u00c4HLER &amp; S\u00d6NER ble grunnlagt i 1895 i Hoting og holder n\u00e5 til i Ross\u00f6n som ligger i den nordlige delen av J\u00e4mtland, Sverige. Til tross for v\u00e5r lange historie, har vi ikke stagnert i v\u00e5r utvikling. Vi jobber stadig nytenkende og utvikler nye produkter. Det har f\u00f8rt til at vi n\u00e5 [&hellip;]","og_url":"https:\/\/mahlers.se\/no\/om-mahlers\/","og_site_name":"M\u00e4hlers","article_modified_time":"2025-04-07T09:34:43+00:00","twitter_card":"summary_large_image","twitter_misc":{"Ansl. lesetid":"1 minutt"},"schema":{"@context":"https:\/\/schema.org","@graph":[{"@type":"WebPage","@id":"https:\/\/mahlers.se\/no\/om-mahlers\/","url":"https:\/\/mahlers.se\/no\/om-mahlers\/","name":"Om M\u00e4hlers - M\u00e4hlers","isPartOf":{"@id":"https:\/\/mahlers.se\/no\/#website"},"datePublished":"2021-08-16T12:33:54+00:00","dateModified":"2025-04-07T09:34:43+00:00","breadcrumb":{"@id":"https:\/\/mahlers.se\/no\/om-mahlers\/#breadcrumb"},"inLanguage":"nb-NO","potentialAction":[{"@type":"ReadAction","target":["https:\/\/mahlers.se\/no\/om-mahlers\/"]}]},{"@type":"BreadcrumbList","@id":"https:\/\/mahlers.se\/no\/om-mahlers\/#breadcrumb","itemListElement":[{"@type":"ListItem","position":1,"name":"Hem","item":"https:\/\/mahlers.se\/no\/"},{"@type":"ListItem","position":2,"name":"Om M\u00e4hlers"}]},{"@type":"WebSite","@id":"https:\/\/mahlers.se\/no\/#website","url":"https:\/\/mahlers.se\/no\/","name":"M\u00e4hlers","description":"F\u00f6r effektivare sn\u00f6r\u00f6jning och v\u00e4gunderh\u00e5ll","publisher":{"@id":"https:\/\/mahlers.se\/no\/#organization"},"potentialAction":[{"@type":"SearchAction","target":{"@type":"EntryPoint","urlTemplate":"https:\/\/mahlers.se\/no\/?s={search_term_string}"},"query-input":{"@type":"PropertyValueSpecification","valueRequired":true,"valueName":"search_term_string"}}],"inLanguage":"nb-NO"},{"@type":"Organization","@id":"https:\/\/mahlers.se\/no\/#organization","name":"M\u00e4hlers","url":"https:\/\/mahlers.se\/no\/","logo":{"@type":"ImageObject","inLanguage":"nb-NO","@id":"https:\/\/mahlers.se\/no\/#\/schema\/logo\/image\/","url":"https:\/\/mahlers.se\/wp-content\/uploads\/2021\/06\/Mahlers-logo-ned-wordonly.png","contentUrl":"https:\/\/mahlers.se\/wp-content\/uploads\/2021\/06\/Mahlers-logo-ned-wordonly.png","width":1026,"height":186,"caption":"M\u00e4hlers"},"image":{"@id":"https:\/\/mahlers.se\/no\/#\/schema\/logo\/image\/"}}]}},"_links":{"self":[{"href":"https:\/\/mahlers.se\/no\/wp-json\/wp\/v2\/pages\/2876","targetHints":{"allow":["GET"]}}],"collection":[{"href":"https:\/\/mahlers.se\/no\/wp-json\/wp\/v2\/pages"}],"about":[{"href":"https:\/\/mahlers.se\/no\/wp-json\/wp\/v2\/types\/page"}],"author":[{"embeddable":true,"href":"https:\/\/mahlers.se\/no\/wp-json\/wp\/v2\/users\/1"}],"replies":[{"embeddable":true,"href":"https:\/\/mahlers.se\/no\/wp-json\/wp\/v2\/comments?post=2876"}],"version-history":[{"count":3,"href":"https:\/\/mahlers.se\/no\/wp-json\/wp\/v2\/pages\/2876\/revisions"}],"predecessor-version":[{"id":13278,"href":"https:\/\/mahlers.se\/no\/wp-json\/wp\/v2\/pages\/2876\/revisions\/13278"}],"wp:attachment":[{"href":"https:\/\/mahlers.se\/no\/wp-json\/wp\/v2\/media?parent=2876"}],"curies":[{"name":"wp","href":"https:\/\/api.w.org\/{rel}","templated":true}]}}