{"id":1581,"date":"2021-08-30T14:34:05","date_gmt":"2021-08-30T12:34:05","guid":{"rendered":"https:\/\/mahlers.a.vaia.cloud\/personvernerklaering\/"},"modified":"2023-02-08T11:00:12","modified_gmt":"2023-02-08T10:00:12","slug":"personvernerklaering","status":"publish","type":"page","link":"https:\/\/mahlers.se\/no\/personvernerklaering\/","title":{"rendered":"Personvernerkl\u00e6ring"},"content":{"rendered":"\t\t<div data-elementor-type=\"wp-page\" data-elementor-id=\"1581\" class=\"elementor elementor-1581 elementor-1569\" data-elementor-post-type=\"page\">\n\t\t\t\t\t\t<section class=\"elementor-section elementor-top-section elementor-element elementor-element-40a6e644 elementor-section-full_width elementor-section-height-default elementor-section-height-default\" data-id=\"40a6e644\" data-element_type=\"section\" data-e-type=\"section\">\n\t\t\t\t\t\t<div class=\"elementor-container elementor-column-gap-default\">\n\t\t\t\t\t<div class=\"elementor-column elementor-col-100 elementor-top-column elementor-element elementor-element-31c58206\" data-id=\"31c58206\" data-element_type=\"column\" data-e-type=\"column\">\n\t\t\t<div class=\"elementor-widget-wrap\">\n\t\t\t\t\t\t\t<\/div>\n\t\t<\/div>\n\t\t\t\t\t<\/div>\n\t\t<\/section>\n\t\t\t\t<section class=\"elementor-section elementor-top-section elementor-element elementor-element-fe94c77 elementor-section-boxed elementor-section-height-default elementor-section-height-default\" data-id=\"fe94c77\" data-element_type=\"section\" data-e-type=\"section\">\n\t\t\t\t\t\t<div class=\"elementor-container elementor-column-gap-default\">\n\t\t\t\t\t<div class=\"elementor-column elementor-col-100 elementor-top-column elementor-element elementor-element-5674f0c0\" data-id=\"5674f0c0\" data-element_type=\"column\" data-e-type=\"column\">\n\t\t\t<div class=\"elementor-widget-wrap elementor-element-populated\">\n\t\t\t\t\t\t<div class=\"elementor-element elementor-element-6c659063 elementor-widget elementor-widget-spacer\" data-id=\"6c659063\" data-element_type=\"widget\" data-e-type=\"widget\" data-widget_type=\"spacer.default\">\n\t\t\t\t<div class=\"elementor-widget-container\">\n\t\t\t\t\t\t\t<div class=\"elementor-spacer\">\n\t\t\t<div class=\"elementor-spacer-inner\"><\/div>\n\t\t<\/div>\n\t\t\t\t\t\t<\/div>\n\t\t\t\t<\/div>\n\t\t\t\t\t<\/div>\n\t\t<\/div>\n\t\t\t\t\t<\/div>\n\t\t<\/section>\n\t\t\t\t<section class=\"elementor-section elementor-top-section elementor-element elementor-element-736db1e6 elementor-section-boxed elementor-section-height-default elementor-section-height-default\" data-id=\"736db1e6\" data-element_type=\"section\" data-e-type=\"section\">\n\t\t\t\t\t\t<div class=\"elementor-container elementor-column-gap-default\">\n\t\t\t\t\t<div class=\"elementor-column elementor-col-100 elementor-top-column elementor-element elementor-element-664f55d9\" data-id=\"664f55d9\" data-element_type=\"column\" data-e-type=\"column\">\n\t\t\t<div class=\"elementor-widget-wrap elementor-element-populated\">\n\t\t\t\t\t\t<div class=\"elementor-element elementor-element-2b7098c5 elementor-widget elementor-widget-heading\" data-id=\"2b7098c5\" data-element_type=\"widget\" data-e-type=\"widget\" data-widget_type=\"heading.default\">\n\t\t\t\t<div class=\"elementor-widget-container\">\n\t\t\t\t\t<h1 class=\"elementor-heading-title elementor-size-default\">Personvernerkl\u00e6ring<\/h1>\t\t\t\t<\/div>\n\t\t\t\t<\/div>\n\t\t\t\t\t<\/div>\n\t\t<\/div>\n\t\t\t\t\t<\/div>\n\t\t<\/section>\n\t\t\t\t<section class=\"elementor-section elementor-top-section elementor-element elementor-element-5908b676 elementor-section-boxed elementor-section-height-default elementor-section-height-default\" data-id=\"5908b676\" data-element_type=\"section\" data-e-type=\"section\">\n\t\t\t\t\t\t<div class=\"elementor-container elementor-column-gap-default\">\n\t\t\t\t\t<div class=\"elementor-column elementor-col-50 elementor-top-column elementor-element elementor-element-57aa71e2\" data-id=\"57aa71e2\" data-element_type=\"column\" data-e-type=\"column\">\n\t\t\t<div class=\"elementor-widget-wrap elementor-element-populated\">\n\t\t\t\t\t\t<div class=\"elementor-element elementor-element-6cf4b815 elementor-widget elementor-widget-text-editor\" data-id=\"6cf4b815\" data-element_type=\"widget\" data-e-type=\"widget\" data-widget_type=\"text-editor.default\">\n\t\t\t\t<div class=\"elementor-widget-container\">\n\t\t\t\t\t\t\t\t\t<p><strong>engcon-konsernet (engcon) og konsernselskapene ivaretar personvernet ditt, og vi fors\u00f8ker alltid \u00e5 verne personopplysningene dine p\u00e5 beste m\u00e5te og f\u00f8lge gjeldende lover og regler for personvern. Med denne personvernerkl\u00e6ringen vil vi informere deg om hvordan personopplysningene dine behandles av engcon. Denne erkl\u00e6ringen gjelder for alle opplysninger som samles inn i forbindelse med foresp\u00f8rsel, bestilling og kj\u00f8p som du gj\u00f8r hos engcon, gjennom bruk av v\u00e5r hjemmeside, innsendte skjemaer eller abonnementer.<\/strong><\/p>\n<p><strong>Hvem er ansvarlig for personopplysningene dine<\/strong><\/p>\n<p>engcon Holding AB (556647-1727), Vilohemsgatan 1, SE-833 31 Str\u00f6msund, Sverige er ansvarlig for behandlingen av personopplysningene dine. Du kan kontakte v\u00e5r personvernr\u00e5dgiver p\u00e5 telefon +46 670 178 00 eller via e-post <a href=\"mailto:gdpr@mahlers.se\">gdpr@mahlers.se<\/a>.<\/p>\n<p><strong>Hvilke personopplysninger behandler vi<\/strong><\/p>\n<p>engcon behandler personopplysninger som du selv har levert til oss, som vi samler inn via v\u00e5rt nettsted, eller som vi f\u00e5r fra en tredjepart innenfor rammen av v\u00e5rt forretningsnettverk. N\u00e5r du kommer med en foresp\u00f8rsel eller gj\u00f8r et kj\u00f8p hos oss, gir du informasjon til oss, likes\u00e5 n\u00e5r du registrerer deg i noen av v\u00e5re skjemaer. Du kan ogs\u00e5 komme til \u00e5 gi informasjon til engcon av andre grunner. Informasjonen som du gir, kan v\u00e6re navn, bilde, IP adresse, personnummer, kontakt- og adresseopplysninger, personlige preferanser, telefonnummer osv.<\/p>\n<p><strong>For hvilke form\u00e5l behandler vi dine opplysninger<\/strong><\/p>\n<p>Vi behandler dine kontaktopplysninger for \u00e5 administrere foresp\u00f8rsler fra deg og eventuelle avtaler med deg og for \u00e5 gi informasjon og service i forbindelse med slike foresp\u00f8rsler og avtaler. Dette kan eksempelvis v\u00e6re melding av interesse for v\u00e5re tjenester og produkter, kurs som du velger \u00e5 delta i, utlodninger\/konkurranser eller abonnementer.<\/p>\n<p>Personopplysningene dine kan ogs\u00e5 bli brukt for markedsf\u00f8ring, oppf\u00f8lging og salg- og produktutvikling med det form\u00e5l \u00e5 forbedre v\u00e5re tjenester og produkter. I tilfelle du ikke vil ta imot markedsf\u00f8ring og\/eller tilbud, bes du kontakte v\u00e5r behandlingsansvarlig.<\/p>\n<p>Vi behandler ogs\u00e5 personopplysninger for statistiske form\u00e5l for \u00e5 se hvordan brukere anvender nettstedet, for \u00e5 analysere s\u00f8keatferd og for \u00e5 vise deg tilpasset innhold. N\u00e5r du bruker v\u00e5r hjemmeside, vil vi automatisk samle inn og analysere din IP-adresse, varer og tjenester du har vist interesse for, og din surfeatferd p\u00e5 v\u00e5r hjemmeside. I dette arbeidet benytter vi oss for eksempel av verkt\u00f8yet Google Analytics. V\u00e5r analyse av profileringsdata gir oss \u00f8kt kunnskap om og forst\u00e5else av v\u00e5re kunder generelt og s\u00f8rger ogs\u00e5 for at vi kan presentere tilbud direkte p\u00e5 v\u00e5r hjemmeside som vi tror er relevante for deg. Vi vil gj\u00f8re oppmerksom p\u00e5 at Google Analytics har forsynt denne nettsiden med koden \u00abgat._anonymizeIp();\u00bb for \u00e5 garantere en anonym registrering av IP-adresser.<\/p>\n<p>For \u00e5 hindre at informasjon om deg lagres via Google Analytics, kan du bruke et nettlesertillegg som du finner her <a href=\"https:\/\/tools.google.com\/dlpage\/gaoptout\/\">https:\/\/tools.google.com\/dlpage\/gaoptout\/<\/a>.<\/p>\n<p>N\u00e5r du bruker funksjoner p\u00e5 v\u00e5rt nettsted som gj\u00f8r det mulig \u00e5 legge opp informasjon eller annet materiale p\u00e5 nettstedet v\u00e5rt, ber vi deg merke at ogs\u00e5 slik informasjon kan inneholde personopplysninger. I tilfelle din informasjon inneholder opplysninger om andre personer, f\u00e5r du bare legge opp slik informasjon som du har f\u00e5tt deres samtykke til \u00e5 levere.<\/p>\n<p><strong>Rettslig grunnlag for behandlingen og lagringstid<\/strong><\/p>\n<p>engcon behandler alltid personopplysningene dine i samsvar med gjeldende lovgivning. Vi behandler personopplysningene dine n\u00e5r det er n\u00f8dvendig for \u00e5 oppfylle en avtale med deg, og n\u00e5r vi har en annet legitim og berettiget interesse av \u00e5 behandle personopplysningene dine, f.eks. en interesse av \u00e5 f\u00e5 markedsf\u00f8re oss overfor bes\u00f8kende p\u00e5 nettstedet eller en interesse av \u00e5 utvikle nettstedet v\u00e5rt eller tjenestene og\/eller produktene v\u00e5re. Hvis vi skulle behandle personopplysningene dine for noe form\u00e5l som if\u00f8lge gjeldende lovgivning krever ditt samtykke, vil vi innhente ditt samtykke f\u00f8r vi p\u00e5begynner slik behandling.<\/p>\n<p>Opplysningene som vi samler inn i samsvar med det som angis ovenfor, slettes n\u00e5r form\u00e5lene med behandlingen har blitt oppfylt.<\/p>\n<p><strong>Sikkerhet til vern for personopplysninger<\/strong><\/p>\n<p>engcon verner om en h\u00f8y sikkerhet for personopplysningene dine og har for dette form\u00e5l iverksatt egnede tekniske og organisatoriske sikkerhetstiltak for \u00e5 verne personopplysningene dine mot uvedkommende tilgang, endring, spredning eller \u00f8deleggelse.<\/p>\n<p><strong>Begrensninger i utlevering av personopplysninger<\/strong><\/p>\n<p>engcon kan engasjere eksterne samarbeidspartnere til \u00e5 utf\u00f8re oppgaver for v\u00e5r regning, f.eks. levere IT-tjenester eller hjelpe til med markedsf\u00f8ring, administrasjon av pressemeldinger, analyser eller statistikk. Utf\u00f8relsen av disse tjenestene kan inneb\u00e6re at v\u00e5re samarbeidspartnere, b\u00e5de innen EU\/E\u00d8S og utenfor EU\/E\u00d8S, f\u00e5r tilgang til personopplysningene dine. Selskaper som h\u00e5ndterer personopplysninger for v\u00e5r regning, m\u00e5 alltid undertegne avtale med oss for at vi skal kunne sikre et h\u00f8yt verneniv\u00e5 for personopplysningene dine ogs\u00e5 hos v\u00e5re samarbeidspartnere.<\/p>\n<p>I relasjon til samarbeidspartnere utenfor EU\/E\u00d8S iverksettes s\u00e6rlige vernetiltak, f.eks. \u00e5 tegne avtale som inkluderer standardavtalevilk\u00e5rene for dataoverf\u00f8ring som har blitt antatt av EU-kommisjonen, og som er tilgjengelige p\u00e5 EU-kommisjonens nettsted.<\/p>\n<p>engcon kan ogs\u00e5 gi ut personopplysninger til tredjepart, f.eks. politiet eller annen myndighet, hvis det gjelder etterforskning av kriminalitet, eller hvis vi ellers er pliktige til \u00e5 gi ut slik opplysning med st\u00f8tte i lov eller myndighetsvedtak.<\/p>\n<p>engcon vil ikke gi ut personopplysningene dine i annet omfang enn det som beskrives i dette avsnittet.<\/p>\n<p><strong>Dine rettigheter og rett til \u00e5 inngi klage<\/strong><\/p>\n<p>Du har rett til, i samsvar med gjeldende personopplysningslovgivning, n\u00e5r som helst \u00e5 kreve \u00e5 f\u00e5 tilgang til de personopplysningene som behandles om deg, f\u00e5 feilaktige personopplysninger korrigert, at engcon skal slutte \u00e5 behandle og slette personopplysningene dine, at behandlingen av personopplysningene dine begrenses, \u00e5 ut\u00f8ve din rett til dataportabilitet, \u00e5 kalle tilbake et samtykke til visse typer behandling (der samtykke har blitt innhentet) og innvende mot behandlingen av personopplysningene. Kontakt i slikt tilfelle engcon gjennom kontaktopplysningene til ansvarlig for personopplysninger.<\/p>\n<p><strong>Hvis du vil endre v\u00e5r h\u00e5ndtering av dine opplysninger<\/strong><\/p>\n<p>Vil du endre v\u00e5r h\u00e5ndtering av dine opplysninger og hvordan vi holder kontakt med deg, kan du kontakte v\u00e5r personvernr\u00e5dgiver p\u00e5 <a href=\"mailto:gdpr@mahlers.se\">gdpr@mahlers.se<\/a> og beskrive hva saken gjelder, og hvilke opplysninger du vil endre, for eksempel avmelding til kundeavis eller nyhetsbrev, fjerning fra forretningsregister osv. Merk at du i og med fjerningen kan tape verdifull informasjon s\u00e5 som garantier eller andre avtalebundne tjenester, n\u00e5r alle mister sporbarhet til deg.<\/p>\n\t\t\t\t\t\t\t\t<\/div>\n\t\t\t\t<\/div>\n\t\t\t\t\t<\/div>\n\t\t<\/div>\n\t\t\t\t<div class=\"elementor-column elementor-col-50 elementor-top-column elementor-element elementor-element-54e904b6\" data-id=\"54e904b6\" data-element_type=\"column\" data-e-type=\"column\">\n\t\t\t<div class=\"elementor-widget-wrap\">\n\t\t\t\t\t\t\t<\/div>\n\t\t<\/div>\n\t\t\t\t\t<\/div>\n\t\t<\/section>\n\t\t\t\t<section class=\"elementor-section elementor-top-section elementor-element elementor-element-1f7a7123 elementor-section-boxed elementor-section-height-default elementor-section-height-default\" data-id=\"1f7a7123\" data-element_type=\"section\" data-e-type=\"section\">\n\t\t\t\t\t\t<div class=\"elementor-container elementor-column-gap-default\">\n\t\t\t\t\t<div class=\"elementor-column elementor-col-100 elementor-top-column elementor-element elementor-element-1cf225e2\" data-id=\"1cf225e2\" data-element_type=\"column\" data-e-type=\"column\">\n\t\t\t<div class=\"elementor-widget-wrap elementor-element-populated\">\n\t\t\t\t\t\t<div class=\"elementor-element elementor-element-256da88d elementor-widget elementor-widget-spacer\" data-id=\"256da88d\" data-element_type=\"widget\" data-e-type=\"widget\" data-widget_type=\"spacer.default\">\n\t\t\t\t<div class=\"elementor-widget-container\">\n\t\t\t\t\t\t\t<div class=\"elementor-spacer\">\n\t\t\t<div class=\"elementor-spacer-inner\"><\/div>\n\t\t<\/div>\n\t\t\t\t\t\t<\/div>\n\t\t\t\t<\/div>\n\t\t\t\t\t<\/div>\n\t\t<\/div>\n\t\t\t\t\t<\/div>\n\t\t<\/section>\n\t\t\t\t<\/div>\n\t\t","protected":false},"excerpt":{"rendered":"<p>Personvernerkl\u00e6ring engcon-konsernet (engcon) og konsernselskapene ivaretar personvernet ditt, og vi fors\u00f8ker alltid \u00e5 verne personopplysningene dine p\u00e5 beste m\u00e5te og f\u00f8lge gjeldende lover og regler for personvern. Med denne personvernerkl\u00e6ringen vil vi informere deg om hvordan personopplysningene dine behandles av engcon. Denne erkl\u00e6ringen gjelder for alle opplysninger som samles inn i forbindelse med foresp\u00f8rsel, bestilling [&hellip;]<\/p>\n","protected":false},"author":2,"featured_media":0,"parent":0,"menu_order":0,"comment_status":"closed","ping_status":"closed","template":"","meta":{"_acf_changed":false,"footnotes":""},"class_list":["post-1581","page","type-page","status-publish","hentry"],"acf":[],"yoast_head":"<!-- This site is optimized with the Yoast SEO plugin v27.2 - https:\/\/yoast.com\/product\/yoast-seo-wordpress\/ -->\n<title>Personvernerkl\u00e6ring - M\u00e4hlers<\/title>\n<meta name=\"robots\" content=\"index, follow, max-snippet:-1, max-image-preview:large, max-video-preview:-1\" \/>\n<link rel=\"canonical\" href=\"https:\/\/mahlers.se\/no\/personvernerklaering\/\" \/>\n<meta property=\"og:locale\" content=\"nb_NO\" \/>\n<meta property=\"og:type\" content=\"article\" \/>\n<meta property=\"og:title\" content=\"Personvernerkl\u00e6ring - M\u00e4hlers\" \/>\n<meta property=\"og:description\" content=\"Personvernerkl\u00e6ring engcon-konsernet (engcon) og konsernselskapene ivaretar personvernet ditt, og vi fors\u00f8ker alltid \u00e5 verne personopplysningene dine p\u00e5 beste m\u00e5te og f\u00f8lge gjeldende lover og regler for personvern. Med denne personvernerkl\u00e6ringen vil vi informere deg om hvordan personopplysningene dine behandles av engcon. Denne erkl\u00e6ringen gjelder for alle opplysninger som samles inn i forbindelse med foresp\u00f8rsel, bestilling [&hellip;]\" \/>\n<meta property=\"og:url\" content=\"https:\/\/mahlers.se\/no\/personvernerklaering\/\" \/>\n<meta property=\"og:site_name\" content=\"M\u00e4hlers\" \/>\n<meta property=\"article:modified_time\" content=\"2023-02-08T10:00:12+00:00\" \/>\n<meta name=\"twitter:card\" content=\"summary_large_image\" \/>\n<meta name=\"twitter:label1\" content=\"Ansl. lesetid\" \/>\n\t<meta name=\"twitter:data1\" content=\"5 minutter\" \/>\n<script type=\"application\/ld+json\" class=\"yoast-schema-graph\">{\"@context\":\"https:\/\/schema.org\",\"@graph\":[{\"@type\":\"WebPage\",\"@id\":\"https:\/\/mahlers.se\/no\/personvernerklaering\/\",\"url\":\"https:\/\/mahlers.se\/no\/personvernerklaering\/\",\"name\":\"Personvernerkl\u00e6ring - M\u00e4hlers\",\"isPartOf\":{\"@id\":\"https:\/\/mahlers.se\/no\/#website\"},\"datePublished\":\"2021-08-30T12:34:05+00:00\",\"dateModified\":\"2023-02-08T10:00:12+00:00\",\"breadcrumb\":{\"@id\":\"https:\/\/mahlers.se\/no\/personvernerklaering\/#breadcrumb\"},\"inLanguage\":\"nb-NO\",\"potentialAction\":[{\"@type\":\"ReadAction\",\"target\":[\"https:\/\/mahlers.se\/no\/personvernerklaering\/\"]}]},{\"@type\":\"BreadcrumbList\",\"@id\":\"https:\/\/mahlers.se\/no\/personvernerklaering\/#breadcrumb\",\"itemListElement\":[{\"@type\":\"ListItem\",\"position\":1,\"name\":\"Hem\",\"item\":\"https:\/\/mahlers.se\/no\/\"},{\"@type\":\"ListItem\",\"position\":2,\"name\":\"Personvernerkl\u00e6ring\"}]},{\"@type\":\"WebSite\",\"@id\":\"https:\/\/mahlers.se\/no\/#website\",\"url\":\"https:\/\/mahlers.se\/no\/\",\"name\":\"M\u00e4hlers\",\"description\":\"F\u00f6r effektivare sn\u00f6r\u00f6jning och v\u00e4gunderh\u00e5ll\",\"publisher\":{\"@id\":\"https:\/\/mahlers.se\/no\/#organization\"},\"potentialAction\":[{\"@type\":\"SearchAction\",\"target\":{\"@type\":\"EntryPoint\",\"urlTemplate\":\"https:\/\/mahlers.se\/no\/?s={search_term_string}\"},\"query-input\":{\"@type\":\"PropertyValueSpecification\",\"valueRequired\":true,\"valueName\":\"search_term_string\"}}],\"inLanguage\":\"nb-NO\"},{\"@type\":\"Organization\",\"@id\":\"https:\/\/mahlers.se\/no\/#organization\",\"name\":\"M\u00e4hlers\",\"url\":\"https:\/\/mahlers.se\/no\/\",\"logo\":{\"@type\":\"ImageObject\",\"inLanguage\":\"nb-NO\",\"@id\":\"https:\/\/mahlers.se\/no\/#\/schema\/logo\/image\/\",\"url\":\"https:\/\/mahlers.se\/wp-content\/uploads\/2021\/06\/Mahlers-logo-ned-wordonly.png\",\"contentUrl\":\"https:\/\/mahlers.se\/wp-content\/uploads\/2021\/06\/Mahlers-logo-ned-wordonly.png\",\"width\":1026,\"height\":186,\"caption\":\"M\u00e4hlers\"},\"image\":{\"@id\":\"https:\/\/mahlers.se\/no\/#\/schema\/logo\/image\/\"}}]}<\/script>\n<!-- \/ Yoast SEO plugin. -->","yoast_head_json":{"title":"Personvernerkl\u00e6ring - M\u00e4hlers","robots":{"index":"index","follow":"follow","max-snippet":"max-snippet:-1","max-image-preview":"max-image-preview:large","max-video-preview":"max-video-preview:-1"},"canonical":"https:\/\/mahlers.se\/no\/personvernerklaering\/","og_locale":"nb_NO","og_type":"article","og_title":"Personvernerkl\u00e6ring - M\u00e4hlers","og_description":"Personvernerkl\u00e6ring engcon-konsernet (engcon) og konsernselskapene ivaretar personvernet ditt, og vi fors\u00f8ker alltid \u00e5 verne personopplysningene dine p\u00e5 beste m\u00e5te og f\u00f8lge gjeldende lover og regler for personvern. Med denne personvernerkl\u00e6ringen vil vi informere deg om hvordan personopplysningene dine behandles av engcon. Denne erkl\u00e6ringen gjelder for alle opplysninger som samles inn i forbindelse med foresp\u00f8rsel, bestilling [&hellip;]","og_url":"https:\/\/mahlers.se\/no\/personvernerklaering\/","og_site_name":"M\u00e4hlers","article_modified_time":"2023-02-08T10:00:12+00:00","twitter_card":"summary_large_image","twitter_misc":{"Ansl. lesetid":"5 minutter"},"schema":{"@context":"https:\/\/schema.org","@graph":[{"@type":"WebPage","@id":"https:\/\/mahlers.se\/no\/personvernerklaering\/","url":"https:\/\/mahlers.se\/no\/personvernerklaering\/","name":"Personvernerkl\u00e6ring - M\u00e4hlers","isPartOf":{"@id":"https:\/\/mahlers.se\/no\/#website"},"datePublished":"2021-08-30T12:34:05+00:00","dateModified":"2023-02-08T10:00:12+00:00","breadcrumb":{"@id":"https:\/\/mahlers.se\/no\/personvernerklaering\/#breadcrumb"},"inLanguage":"nb-NO","potentialAction":[{"@type":"ReadAction","target":["https:\/\/mahlers.se\/no\/personvernerklaering\/"]}]},{"@type":"BreadcrumbList","@id":"https:\/\/mahlers.se\/no\/personvernerklaering\/#breadcrumb","itemListElement":[{"@type":"ListItem","position":1,"name":"Hem","item":"https:\/\/mahlers.se\/no\/"},{"@type":"ListItem","position":2,"name":"Personvernerkl\u00e6ring"}]},{"@type":"WebSite","@id":"https:\/\/mahlers.se\/no\/#website","url":"https:\/\/mahlers.se\/no\/","name":"M\u00e4hlers","description":"F\u00f6r effektivare sn\u00f6r\u00f6jning och v\u00e4gunderh\u00e5ll","publisher":{"@id":"https:\/\/mahlers.se\/no\/#organization"},"potentialAction":[{"@type":"SearchAction","target":{"@type":"EntryPoint","urlTemplate":"https:\/\/mahlers.se\/no\/?s={search_term_string}"},"query-input":{"@type":"PropertyValueSpecification","valueRequired":true,"valueName":"search_term_string"}}],"inLanguage":"nb-NO"},{"@type":"Organization","@id":"https:\/\/mahlers.se\/no\/#organization","name":"M\u00e4hlers","url":"https:\/\/mahlers.se\/no\/","logo":{"@type":"ImageObject","inLanguage":"nb-NO","@id":"https:\/\/mahlers.se\/no\/#\/schema\/logo\/image\/","url":"https:\/\/mahlers.se\/wp-content\/uploads\/2021\/06\/Mahlers-logo-ned-wordonly.png","contentUrl":"https:\/\/mahlers.se\/wp-content\/uploads\/2021\/06\/Mahlers-logo-ned-wordonly.png","width":1026,"height":186,"caption":"M\u00e4hlers"},"image":{"@id":"https:\/\/mahlers.se\/no\/#\/schema\/logo\/image\/"}}]}},"_links":{"self":[{"href":"https:\/\/mahlers.se\/no\/wp-json\/wp\/v2\/pages\/1581","targetHints":{"allow":["GET"]}}],"collection":[{"href":"https:\/\/mahlers.se\/no\/wp-json\/wp\/v2\/pages"}],"about":[{"href":"https:\/\/mahlers.se\/no\/wp-json\/wp\/v2\/types\/page"}],"author":[{"embeddable":true,"href":"https:\/\/mahlers.se\/no\/wp-json\/wp\/v2\/users\/2"}],"replies":[{"embeddable":true,"href":"https:\/\/mahlers.se\/no\/wp-json\/wp\/v2\/comments?post=1581"}],"version-history":[{"count":3,"href":"https:\/\/mahlers.se\/no\/wp-json\/wp\/v2\/pages\/1581\/revisions"}],"predecessor-version":[{"id":3943,"href":"https:\/\/mahlers.se\/no\/wp-json\/wp\/v2\/pages\/1581\/revisions\/3943"}],"wp:attachment":[{"href":"https:\/\/mahlers.se\/no\/wp-json\/wp\/v2\/media?parent=1581"}],"curies":[{"name":"wp","href":"https:\/\/api.w.org\/{rel}","templated":true}]}}