{"id":10667,"date":"2021-08-16T14:33:54","date_gmt":"2021-08-16T12:33:54","guid":{"rendered":"https:\/\/mahlers.se\/tietoa-mahlersista\/"},"modified":"2024-08-14T16:26:34","modified_gmt":"2024-08-14T14:26:34","slug":"tietoa-mahlersista","status":"publish","type":"page","link":"https:\/\/mahlers.se\/fi\/tietoa-mahlersista\/","title":{"rendered":"Tietoa M\u00e4hlersist\u00e4"},"content":{"rendered":"\t\t<div data-elementor-type=\"wp-page\" data-elementor-id=\"10667\" class=\"elementor elementor-10667 elementor-493\" data-elementor-post-type=\"page\">\n\t\t\t\t\t\t<section class=\"elementor-section elementor-top-section elementor-element elementor-element-2a57fa22 elementor-section-boxed elementor-section-height-default elementor-section-height-default\" data-id=\"2a57fa22\" data-element_type=\"section\" data-e-type=\"section\">\n\t\t\t\t\t\t<div class=\"elementor-container elementor-column-gap-default\">\n\t\t\t\t\t<div class=\"elementor-column elementor-col-100 elementor-top-column elementor-element elementor-element-1c7f2935\" data-id=\"1c7f2935\" data-element_type=\"column\" data-e-type=\"column\">\n\t\t\t<div class=\"elementor-widget-wrap elementor-element-populated\">\n\t\t\t\t\t\t<div class=\"elementor-element elementor-element-637e4c02 elementor-widget elementor-widget-spacer\" data-id=\"637e4c02\" data-element_type=\"widget\" data-e-type=\"widget\" data-widget_type=\"spacer.default\">\n\t\t\t\t<div class=\"elementor-widget-container\">\n\t\t\t\t\t\t\t<div class=\"elementor-spacer\">\n\t\t\t<div class=\"elementor-spacer-inner\"><\/div>\n\t\t<\/div>\n\t\t\t\t\t\t<\/div>\n\t\t\t\t<\/div>\n\t\t\t\t\t<\/div>\n\t\t<\/div>\n\t\t\t\t\t<\/div>\n\t\t<\/section>\n\t\t\t\t<section class=\"elementor-section elementor-top-section elementor-element elementor-element-55390a41 elementor-section-boxed elementor-section-height-default elementor-section-height-default\" data-id=\"55390a41\" data-element_type=\"section\" data-e-type=\"section\">\n\t\t\t\t\t\t<div class=\"elementor-container elementor-column-gap-default\">\n\t\t\t\t\t<div class=\"elementor-column elementor-col-100 elementor-top-column elementor-element elementor-element-7ebed28f\" data-id=\"7ebed28f\" data-element_type=\"column\" data-e-type=\"column\">\n\t\t\t<div class=\"elementor-widget-wrap elementor-element-populated\">\n\t\t\t\t\t\t<div class=\"elementor-element elementor-element-599cfa11 elementor-widget elementor-widget-heading\" data-id=\"599cfa11\" data-element_type=\"widget\" data-e-type=\"widget\" data-widget_type=\"heading.default\">\n\t\t\t\t<div class=\"elementor-widget-container\">\n\t\t\t\t\t<h1 class=\"elementor-heading-title elementor-size-default\">Tietoa M\u00e4hlersist\u00e4<\/h1>\t\t\t\t<\/div>\n\t\t\t\t<\/div>\n\t\t\t\t\t<\/div>\n\t\t<\/div>\n\t\t\t\t\t<\/div>\n\t\t<\/section>\n\t\t\t\t<section class=\"elementor-section elementor-top-section elementor-element elementor-element-7a882d6c elementor-section-boxed elementor-section-height-default elementor-section-height-default\" data-id=\"7a882d6c\" data-element_type=\"section\" data-e-type=\"section\">\n\t\t\t\t\t\t<div class=\"elementor-container elementor-column-gap-default\">\n\t\t\t\t\t<div class=\"elementor-column elementor-col-100 elementor-top-column elementor-element elementor-element-8e1bb14\" data-id=\"8e1bb14\" data-element_type=\"column\" data-e-type=\"column\">\n\t\t\t<div class=\"elementor-widget-wrap elementor-element-populated\">\n\t\t\t\t\t\t<div class=\"elementor-element elementor-element-44af97bc elementor-widget elementor-widget-text-editor\" data-id=\"44af97bc\" data-element_type=\"widget\" data-e-type=\"widget\" data-widget_type=\"text-editor.default\">\n\t\t\t\t<div class=\"elementor-widget-container\">\n\t\t\t\t\t\t\t\t\tAB M\u00c4HLER &amp; S\u00d6NER (M\u00e4hlers) perustettiin vuonna 1895, ja se on nyky\u00e4\u00e4n yksi Pohjoismaiden johtavista lumiaurojen, h\u00f6yl\u00e4terien, levittimien ja muiden tehokkaan tienhoidon ty\u00f6kalujen toimittajista.\r\n\r\nVaikka meill\u00e4 on pitk\u00e4 historia, emme ole pys\u00e4htyneet kehityksess\u00e4mme. Ty\u00f6skentelemme jatkuvasti innovatiivisesti ja kehit\u00e4mme uusia tuotteita. T\u00e4m\u00e4 on johtanut siihen, ett\u00e4 olemme nyt markkinajohtajia Pohjoismaissa ymp\u00e4rivuotisessa tienhoidossa.\r\n\r\nVoimme ehdottaa ja toimittaa t\u00e4ydelliset varustukset kuorma-autoille ja tieh\u00f6ylille. Kuuntelemalla tarkasti asiakkaitamme M\u00e4hlers parantaa ja uudistaa jatkuvasti tuotevalikoimaansa.\r\n\r\nPanosta sin\u00e4kin M\u00e4hlersiin oikean menetelm\u00e4n, tuotteen sek\u00e4 optimaalisen talouden ja tuotannon saavuttamiseksi.\t\t\t\t\t\t\t\t<\/div>\n\t\t\t\t<\/div>\n\t\t\t\t<div class=\"elementor-element elementor-element-f07121a elementor-widget-divider--view-line elementor-widget elementor-widget-divider\" data-id=\"f07121a\" data-element_type=\"widget\" data-e-type=\"widget\" data-widget_type=\"divider.default\">\n\t\t\t\t<div class=\"elementor-widget-container\">\n\t\t\t\t\t\t\t<div class=\"elementor-divider\">\n\t\t\t<span class=\"elementor-divider-separator\">\n\t\t\t\t\t\t<\/span>\n\t\t<\/div>\n\t\t\t\t\t\t<\/div>\n\t\t\t\t<\/div>\n\t\t\t\t\t<\/div>\n\t\t<\/div>\n\t\t\t\t\t<\/div>\n\t\t<\/section>\n\t\t\t\t<section class=\"elementor-section elementor-top-section elementor-element elementor-element-6f4d6ef elementor-section-boxed elementor-section-height-default elementor-section-height-default\" data-id=\"6f4d6ef\" data-element_type=\"section\" data-e-type=\"section\">\n\t\t\t\t\t\t<div class=\"elementor-container elementor-column-gap-default\">\n\t\t\t\t\t<div class=\"elementor-column elementor-col-100 elementor-top-column elementor-element elementor-element-53cc77a\" data-id=\"53cc77a\" data-element_type=\"column\" data-e-type=\"column\">\n\t\t\t<div class=\"elementor-widget-wrap elementor-element-populated\">\n\t\t\t\t\t\t<div class=\"elementor-element elementor-element-ad19666 elementor-widget elementor-widget-text-editor\" data-id=\"ad19666\" data-element_type=\"widget\" data-e-type=\"widget\" data-widget_type=\"text-editor.default\">\n\t\t\t\t<div class=\"elementor-widget-container\">\n\t\t\t\t\t\t\t\t\t<h2><strong>Toimitussopimus<\/strong><\/h2><p>M\u00e4hlers noudattaa Maskin 21 -ehtoja, linkki alla.<\/p><p><a href=\"https:\/\/mahlers.se\/wp-content\/uploads\/2024\/08\/Mahlers-Data-Protection-Policy-ENG.pdf\"><strong>Maskin 21<\/strong><\/a><\/p><h2><strong>Code of Conduct<\/strong><\/h2><p>Toimintaohjeet tiivist\u00e4v\u00e4t, mit\u00e4 me edustamme, ja korostavat menestysvisiotamme kuvaamalla arvojamme ja odotuksiamme ty\u00f6ntekij\u00f6it\u00e4 ja liikekumppaneita kohtaan.<\/p><p><a href=\"https:\/\/mahlers.se\/wp-content\/uploads\/2024\/01\/Mahlers-Code-of-conduct-A4-low.pdf\"><strong>Code of Conduct<\/strong><\/a><\/p><h2><strong>Takuuehdot<\/strong><\/h2><p>T\u00e4\u00e4lt\u00e4 voit lukea M\u00e4hlersin takuuehdot. Linkki alla.<\/p><p><a href=\"https:\/\/mahlers.se\/wp-content\/uploads\/2024\/08\/Mahlersin-takuuehdot-Mahlers-warranty.pdf\"><strong>Takuuehdot<\/strong><\/a><\/p><h2><strong>Tietosuojak\u00e4yt\u00e4nt\u00f6<\/strong><\/h2><p>T\u00e4\u00e4lt\u00e4 voit lukea M\u00e4hlersin tietosuojak\u00e4yt\u00e4nn\u00f6n. Linkki alla.<\/p><p><a href=\"https:\/\/mahlers.se\/wp-content\/uploads\/2024\/08\/Mahlers-Data-Protection-Policy-ENG.pdf\"><strong>Tietosuojak\u00e4yt\u00e4nt\u00f6<\/strong><\/a><\/p>\t\t\t\t\t\t\t\t<\/div>\n\t\t\t\t<\/div>\n\t\t\t\t<div class=\"elementor-element elementor-element-0a45d16 elementor-widget-divider--view-line elementor-widget elementor-widget-divider\" data-id=\"0a45d16\" data-element_type=\"widget\" data-e-type=\"widget\" data-widget_type=\"divider.default\">\n\t\t\t\t<div class=\"elementor-widget-container\">\n\t\t\t\t\t\t\t<div class=\"elementor-divider\">\n\t\t\t<span class=\"elementor-divider-separator\">\n\t\t\t\t\t\t<\/span>\n\t\t<\/div>\n\t\t\t\t\t\t<\/div>\n\t\t\t\t<\/div>\n\t\t\t\t\t<\/div>\n\t\t<\/div>\n\t\t\t\t\t<\/div>\n\t\t<\/section>\n\t\t\t\t<\/div>\n\t\t","protected":false},"excerpt":{"rendered":"<p>Tietoa M\u00e4hlersist\u00e4 AB M\u00c4HLER &amp; S\u00d6NER (M\u00e4hlers) perustettiin vuonna 1895, ja se on nyky\u00e4\u00e4n yksi Pohjoismaiden johtavista lumiaurojen, h\u00f6yl\u00e4terien, levittimien ja muiden tehokkaan tienhoidon ty\u00f6kalujen toimittajista. Vaikka meill\u00e4 on pitk\u00e4 historia, emme ole pys\u00e4htyneet kehityksess\u00e4mme. Ty\u00f6skentelemme jatkuvasti innovatiivisesti ja kehit\u00e4mme uusia tuotteita. T\u00e4m\u00e4 on johtanut siihen, ett\u00e4 olemme nyt markkinajohtajia Pohjoismaissa ymp\u00e4rivuotisessa tienhoidossa. Voimme ehdottaa [&hellip;]<\/p>\n","protected":false},"author":1,"featured_media":0,"parent":0,"menu_order":0,"comment_status":"closed","ping_status":"closed","template":"","meta":{"_acf_changed":false,"footnotes":""},"class_list":["post-10667","page","type-page","status-publish","hentry"],"acf":[],"yoast_head":"<!-- This site is optimized with the Yoast SEO plugin v27.2 - https:\/\/yoast.com\/product\/yoast-seo-wordpress\/ -->\n<title>Tietoa M\u00e4hlersist\u00e4 - M\u00e4hlers<\/title>\n<meta name=\"robots\" content=\"index, follow, max-snippet:-1, max-image-preview:large, max-video-preview:-1\" \/>\n<link rel=\"canonical\" href=\"https:\/\/mahlers.se\/fi\/tietoa-mahlersista\/\" \/>\n<meta property=\"og:locale\" content=\"fi_FI\" \/>\n<meta property=\"og:type\" content=\"article\" \/>\n<meta property=\"og:title\" content=\"Tietoa M\u00e4hlersist\u00e4 - M\u00e4hlers\" \/>\n<meta property=\"og:description\" content=\"Tietoa M\u00e4hlersist\u00e4 AB M\u00c4HLER &amp; S\u00d6NER (M\u00e4hlers) perustettiin vuonna 1895, ja se on nyky\u00e4\u00e4n yksi Pohjoismaiden johtavista lumiaurojen, h\u00f6yl\u00e4terien, levittimien ja muiden tehokkaan tienhoidon ty\u00f6kalujen toimittajista. Vaikka meill\u00e4 on pitk\u00e4 historia, emme ole pys\u00e4htyneet kehityksess\u00e4mme. Ty\u00f6skentelemme jatkuvasti innovatiivisesti ja kehit\u00e4mme uusia tuotteita. T\u00e4m\u00e4 on johtanut siihen, ett\u00e4 olemme nyt markkinajohtajia Pohjoismaissa ymp\u00e4rivuotisessa tienhoidossa. Voimme ehdottaa [&hellip;]\" \/>\n<meta property=\"og:url\" content=\"https:\/\/mahlers.se\/fi\/tietoa-mahlersista\/\" \/>\n<meta property=\"og:site_name\" content=\"M\u00e4hlers\" \/>\n<meta property=\"article:modified_time\" content=\"2024-08-14T14:26:34+00:00\" \/>\n<meta name=\"twitter:card\" content=\"summary_large_image\" \/>\n<meta name=\"twitter:label1\" content=\"Arvioitu lukuaika\" \/>\n\t<meta name=\"twitter:data1\" content=\"1 minuutti\" \/>\n<script type=\"application\/ld+json\" class=\"yoast-schema-graph\">{\"@context\":\"https:\/\/schema.org\",\"@graph\":[{\"@type\":\"WebPage\",\"@id\":\"https:\/\/mahlers.se\/fi\/tietoa-mahlersista\/\",\"url\":\"https:\/\/mahlers.se\/fi\/tietoa-mahlersista\/\",\"name\":\"Tietoa M\u00e4hlersist\u00e4 - M\u00e4hlers\",\"isPartOf\":{\"@id\":\"https:\/\/mahlers.se\/fi\/#website\"},\"datePublished\":\"2021-08-16T12:33:54+00:00\",\"dateModified\":\"2024-08-14T14:26:34+00:00\",\"breadcrumb\":{\"@id\":\"https:\/\/mahlers.se\/fi\/tietoa-mahlersista\/#breadcrumb\"},\"inLanguage\":\"fi\",\"potentialAction\":[{\"@type\":\"ReadAction\",\"target\":[\"https:\/\/mahlers.se\/fi\/tietoa-mahlersista\/\"]}]},{\"@type\":\"BreadcrumbList\",\"@id\":\"https:\/\/mahlers.se\/fi\/tietoa-mahlersista\/#breadcrumb\",\"itemListElement\":[{\"@type\":\"ListItem\",\"position\":1,\"name\":\"Hem\",\"item\":\"https:\/\/mahlers.se\/fi\/\"},{\"@type\":\"ListItem\",\"position\":2,\"name\":\"Tietoa M\u00e4hlersist\u00e4\"}]},{\"@type\":\"WebSite\",\"@id\":\"https:\/\/mahlers.se\/fi\/#website\",\"url\":\"https:\/\/mahlers.se\/fi\/\",\"name\":\"M\u00e4hlers\",\"description\":\"F\u00f6r effektivare sn\u00f6r\u00f6jning och v\u00e4gunderh\u00e5ll\",\"publisher\":{\"@id\":\"https:\/\/mahlers.se\/fi\/#organization\"},\"potentialAction\":[{\"@type\":\"SearchAction\",\"target\":{\"@type\":\"EntryPoint\",\"urlTemplate\":\"https:\/\/mahlers.se\/fi\/?s={search_term_string}\"},\"query-input\":{\"@type\":\"PropertyValueSpecification\",\"valueRequired\":true,\"valueName\":\"search_term_string\"}}],\"inLanguage\":\"fi\"},{\"@type\":\"Organization\",\"@id\":\"https:\/\/mahlers.se\/fi\/#organization\",\"name\":\"M\u00e4hlers\",\"url\":\"https:\/\/mahlers.se\/fi\/\",\"logo\":{\"@type\":\"ImageObject\",\"inLanguage\":\"fi\",\"@id\":\"https:\/\/mahlers.se\/fi\/#\/schema\/logo\/image\/\",\"url\":\"https:\/\/mahlers.se\/wp-content\/uploads\/2021\/06\/Mahlers-logo-ned-wordonly.png\",\"contentUrl\":\"https:\/\/mahlers.se\/wp-content\/uploads\/2021\/06\/Mahlers-logo-ned-wordonly.png\",\"width\":1026,\"height\":186,\"caption\":\"M\u00e4hlers\"},\"image\":{\"@id\":\"https:\/\/mahlers.se\/fi\/#\/schema\/logo\/image\/\"}}]}<\/script>\n<!-- \/ Yoast SEO plugin. -->","yoast_head_json":{"title":"Tietoa M\u00e4hlersist\u00e4 - M\u00e4hlers","robots":{"index":"index","follow":"follow","max-snippet":"max-snippet:-1","max-image-preview":"max-image-preview:large","max-video-preview":"max-video-preview:-1"},"canonical":"https:\/\/mahlers.se\/fi\/tietoa-mahlersista\/","og_locale":"fi_FI","og_type":"article","og_title":"Tietoa M\u00e4hlersist\u00e4 - M\u00e4hlers","og_description":"Tietoa M\u00e4hlersist\u00e4 AB M\u00c4HLER &amp; S\u00d6NER (M\u00e4hlers) perustettiin vuonna 1895, ja se on nyky\u00e4\u00e4n yksi Pohjoismaiden johtavista lumiaurojen, h\u00f6yl\u00e4terien, levittimien ja muiden tehokkaan tienhoidon ty\u00f6kalujen toimittajista. Vaikka meill\u00e4 on pitk\u00e4 historia, emme ole pys\u00e4htyneet kehityksess\u00e4mme. Ty\u00f6skentelemme jatkuvasti innovatiivisesti ja kehit\u00e4mme uusia tuotteita. T\u00e4m\u00e4 on johtanut siihen, ett\u00e4 olemme nyt markkinajohtajia Pohjoismaissa ymp\u00e4rivuotisessa tienhoidossa. Voimme ehdottaa [&hellip;]","og_url":"https:\/\/mahlers.se\/fi\/tietoa-mahlersista\/","og_site_name":"M\u00e4hlers","article_modified_time":"2024-08-14T14:26:34+00:00","twitter_card":"summary_large_image","twitter_misc":{"Arvioitu lukuaika":"1 minuutti"},"schema":{"@context":"https:\/\/schema.org","@graph":[{"@type":"WebPage","@id":"https:\/\/mahlers.se\/fi\/tietoa-mahlersista\/","url":"https:\/\/mahlers.se\/fi\/tietoa-mahlersista\/","name":"Tietoa M\u00e4hlersist\u00e4 - M\u00e4hlers","isPartOf":{"@id":"https:\/\/mahlers.se\/fi\/#website"},"datePublished":"2021-08-16T12:33:54+00:00","dateModified":"2024-08-14T14:26:34+00:00","breadcrumb":{"@id":"https:\/\/mahlers.se\/fi\/tietoa-mahlersista\/#breadcrumb"},"inLanguage":"fi","potentialAction":[{"@type":"ReadAction","target":["https:\/\/mahlers.se\/fi\/tietoa-mahlersista\/"]}]},{"@type":"BreadcrumbList","@id":"https:\/\/mahlers.se\/fi\/tietoa-mahlersista\/#breadcrumb","itemListElement":[{"@type":"ListItem","position":1,"name":"Hem","item":"https:\/\/mahlers.se\/fi\/"},{"@type":"ListItem","position":2,"name":"Tietoa M\u00e4hlersist\u00e4"}]},{"@type":"WebSite","@id":"https:\/\/mahlers.se\/fi\/#website","url":"https:\/\/mahlers.se\/fi\/","name":"M\u00e4hlers","description":"F\u00f6r effektivare sn\u00f6r\u00f6jning och v\u00e4gunderh\u00e5ll","publisher":{"@id":"https:\/\/mahlers.se\/fi\/#organization"},"potentialAction":[{"@type":"SearchAction","target":{"@type":"EntryPoint","urlTemplate":"https:\/\/mahlers.se\/fi\/?s={search_term_string}"},"query-input":{"@type":"PropertyValueSpecification","valueRequired":true,"valueName":"search_term_string"}}],"inLanguage":"fi"},{"@type":"Organization","@id":"https:\/\/mahlers.se\/fi\/#organization","name":"M\u00e4hlers","url":"https:\/\/mahlers.se\/fi\/","logo":{"@type":"ImageObject","inLanguage":"fi","@id":"https:\/\/mahlers.se\/fi\/#\/schema\/logo\/image\/","url":"https:\/\/mahlers.se\/wp-content\/uploads\/2021\/06\/Mahlers-logo-ned-wordonly.png","contentUrl":"https:\/\/mahlers.se\/wp-content\/uploads\/2021\/06\/Mahlers-logo-ned-wordonly.png","width":1026,"height":186,"caption":"M\u00e4hlers"},"image":{"@id":"https:\/\/mahlers.se\/fi\/#\/schema\/logo\/image\/"}}]}},"_links":{"self":[{"href":"https:\/\/mahlers.se\/fi\/wp-json\/wp\/v2\/pages\/10667","targetHints":{"allow":["GET"]}}],"collection":[{"href":"https:\/\/mahlers.se\/fi\/wp-json\/wp\/v2\/pages"}],"about":[{"href":"https:\/\/mahlers.se\/fi\/wp-json\/wp\/v2\/types\/page"}],"author":[{"embeddable":true,"href":"https:\/\/mahlers.se\/fi\/wp-json\/wp\/v2\/users\/1"}],"replies":[{"embeddable":true,"href":"https:\/\/mahlers.se\/fi\/wp-json\/wp\/v2\/comments?post=10667"}],"version-history":[{"count":3,"href":"https:\/\/mahlers.se\/fi\/wp-json\/wp\/v2\/pages\/10667\/revisions"}],"predecessor-version":[{"id":10765,"href":"https:\/\/mahlers.se\/fi\/wp-json\/wp\/v2\/pages\/10667\/revisions\/10765"}],"wp:attachment":[{"href":"https:\/\/mahlers.se\/fi\/wp-json\/wp\/v2\/media?parent=10667"}],"curies":[{"name":"wp","href":"https:\/\/api.w.org\/{rel}","templated":true}]}}