{"id":10540,"date":"2021-10-20T15:09:00","date_gmt":"2021-10-20T13:09:00","guid":{"rendered":"https:\/\/mahlers.se\/turvallisuus\/"},"modified":"2024-07-19T23:58:33","modified_gmt":"2024-07-19T21:58:33","slug":"turvallisuus","status":"publish","type":"page","link":"https:\/\/mahlers.se\/fi\/turvallisuus\/","title":{"rendered":"Turvallisuus"},"content":{"rendered":"\t\t<div data-elementor-type=\"wp-page\" data-elementor-id=\"10540\" class=\"elementor elementor-10540 elementor-3838\" data-elementor-post-type=\"page\">\n\t\t\t\t\t\t<section class=\"elementor-section elementor-top-section elementor-element elementor-element-c5fcbae elementor-section-boxed elementor-section-height-default elementor-section-height-default\" data-id=\"c5fcbae\" data-element_type=\"section\" data-e-type=\"section\">\n\t\t\t\t\t\t<div class=\"elementor-container elementor-column-gap-default\">\n\t\t\t\t\t<div class=\"elementor-column elementor-col-100 elementor-top-column elementor-element elementor-element-c6e0ce0\" data-id=\"c6e0ce0\" data-element_type=\"column\" data-e-type=\"column\">\n\t\t\t<div class=\"elementor-widget-wrap elementor-element-populated\">\n\t\t\t\t\t\t<div class=\"elementor-element elementor-element-150e5fe elementor-widget elementor-widget-image\" data-id=\"150e5fe\" data-element_type=\"widget\" data-e-type=\"widget\" data-widget_type=\"image.default\">\n\t\t\t\t<div class=\"elementor-widget-container\">\n\t\t\t\t\t\t\t\t\t\t\t\t\t\t\t<img fetchpriority=\"high\" decoding=\"async\" width=\"750\" height=\"350\" src=\"https:\/\/mahlers.se\/wp-content\/uploads\/2021\/10\/nag-mahlers.jpg\" class=\"attachment-large size-large wp-image-11214\" alt=\"\" srcset=\"https:\/\/mahlers.se\/wp-content\/uploads\/2021\/10\/nag-mahlers.jpg 750w, https:\/\/mahlers.se\/wp-content\/uploads\/2021\/10\/nag-mahlers-300x140.jpg 300w\" sizes=\"(max-width: 750px) 100vw, 750px\" \/>\t\t\t\t\t\t\t\t\t\t\t\t\t\t\t<\/div>\n\t\t\t\t<\/div>\n\t\t\t\t<div class=\"elementor-element elementor-element-a6ee675 elementor-widget elementor-widget-text-editor\" data-id=\"a6ee675\" data-element_type=\"widget\" data-e-type=\"widget\" data-widget_type=\"text-editor.default\">\n\t\t\t\t<div class=\"elementor-widget-container\">\n\t\t\t\t\t\t\t\t\t<h1>Non Accident Generation<\/h1>\n\t\t\t\t\t\t\t\t<\/div>\n\t\t\t\t<\/div>\n\t\t\t\t<div class=\"elementor-element elementor-element-b96f21b elementor-widget elementor-widget-text-editor\" data-id=\"b96f21b\" data-element_type=\"widget\" data-e-type=\"widget\" data-widget_type=\"text-editor.default\">\n\t\t\t\t<div class=\"elementor-widget-container\">\n\t\t\t\t\t\t\t\t\t<h2><strong>Varmat tulokset<\/strong><\/h2>\n<p>Yli 100 vuoden ajan M\u00e4hlers on ollut synonyymi laadukkaille ty\u00f6kaluille ja ammattilaisten ensisijainen valinta lumenauraukseen ja tienhoitoon Skandinaviassa.<\/p>\n\t\t\t\t\t\t\t\t<\/div>\n\t\t\t\t<\/div>\n\t\t\t\t<section class=\"elementor-section elementor-inner-section elementor-element elementor-element-51f2a53 elementor-section-boxed elementor-section-height-default elementor-section-height-default\" data-id=\"51f2a53\" data-element_type=\"section\" data-e-type=\"section\">\n\t\t\t\t\t\t<div class=\"elementor-container elementor-column-gap-no\">\n\t\t\t\t\t<div class=\"elementor-column elementor-col-50 elementor-inner-column elementor-element elementor-element-bdfcb8b\" data-id=\"bdfcb8b\" data-element_type=\"column\" data-e-type=\"column\">\n\t\t\t<div class=\"elementor-widget-wrap elementor-element-populated\">\n\t\t\t\t\t\t<div class=\"elementor-element elementor-element-5c0a57c elementor-widget elementor-widget-text-editor\" data-id=\"5c0a57c\" data-element_type=\"widget\" data-e-type=\"widget\" data-widget_type=\"text-editor.default\">\n\t\t\t\t<div class=\"elementor-widget-container\">\n\t\t\t\t\t\t\t\t\t<p>Selitys on, ett\u00e4 emme koskaan ole tyytyv\u00e4isi\u00e4 emmek\u00e4 pys\u00e4hdy. Jatkuva kehitysty\u00f6 johtaa uutuuksiin ja asteittaisiin parannuksiin tehokkuuden ja turvallisuuden osalta.<\/p>\n<p style=\"text-align: left;\">Kaikki M\u00e4hlersin vinolumilingot t\u00e4ytt\u00e4v\u00e4t eurooppalaisen standardin EN 13021+A1:2008, kiitos laukaisuk\u00e4rkien, jotka kest\u00e4v\u00e4t 50 mm korkean esteen 40 km\/h nopeudella.<\/p>\n\t\t\t\t\t\t\t\t<\/div>\n\t\t\t\t<\/div>\n\t\t\t\t\t<\/div>\n\t\t<\/div>\n\t\t\t\t<div class=\"elementor-column elementor-col-50 elementor-inner-column elementor-element elementor-element-00fd67d\" data-id=\"00fd67d\" data-element_type=\"column\" data-e-type=\"column\">\n\t\t\t<div class=\"elementor-widget-wrap elementor-element-populated\">\n\t\t\t\t\t\t<div class=\"elementor-element elementor-element-dcd6130 elementor-widget elementor-widget-image\" data-id=\"dcd6130\" data-element_type=\"widget\" data-e-type=\"widget\" data-widget_type=\"image.default\">\n\t\t\t\t<div class=\"elementor-widget-container\">\n\t\t\t\t\t\t\t\t\t\t\t\t\t\t\t<img decoding=\"async\" width=\"460\" height=\"290\" src=\"https:\/\/mahlers.se\/wp-content\/uploads\/2021\/10\/sakra-resultat.jpg\" class=\"attachment-large size-large wp-image-11213\" alt=\"\" srcset=\"https:\/\/mahlers.se\/wp-content\/uploads\/2021\/10\/sakra-resultat.jpg 460w, https:\/\/mahlers.se\/wp-content\/uploads\/2021\/10\/sakra-resultat-300x189.jpg 300w\" sizes=\"(max-width: 460px) 100vw, 460px\" \/>\t\t\t\t\t\t\t\t\t\t\t\t\t\t\t<\/div>\n\t\t\t\t<\/div>\n\t\t\t\t\t<\/div>\n\t\t<\/div>\n\t\t\t\t\t<\/div>\n\t\t<\/section>\n\t\t\t\t<div class=\"elementor-element elementor-element-f03ef9b elementor-widget elementor-widget-text-editor\" data-id=\"f03ef9b\" data-element_type=\"widget\" data-e-type=\"widget\" data-widget_type=\"text-editor.default\">\n\t\t\t\t<div class=\"elementor-widget-container\">\n\t\t\t\t\t\t\t\t\t<h2><strong>Hydrauliset sivuaurat lis\u00e4\u00e4v\u00e4t ty\u00f6skentelyaluetta<\/strong><\/h2>\n<p><strong>M\u00e4hlersin hydrauliset aurat auttavat sinua olemaan joustavampi ja tekem\u00e4\u00e4n enemm\u00e4n, erityisesti lumenaurauksessa taajama-alueilla.<\/strong><\/p>\n\t\t\t\t\t\t\t\t<\/div>\n\t\t\t\t<\/div>\n\t\t\t\t<section class=\"elementor-section elementor-inner-section elementor-element elementor-element-8cbeeaf elementor-section-boxed elementor-section-height-default elementor-section-height-default\" data-id=\"8cbeeaf\" data-element_type=\"section\" data-e-type=\"section\">\n\t\t\t\t\t\t<div class=\"elementor-container elementor-column-gap-no\">\n\t\t\t\t\t<div class=\"elementor-column elementor-col-50 elementor-inner-column elementor-element elementor-element-27b4fda\" data-id=\"27b4fda\" data-element_type=\"column\" data-e-type=\"column\">\n\t\t\t<div class=\"elementor-widget-wrap elementor-element-populated\">\n\t\t\t\t\t\t<div class=\"elementor-element elementor-element-2190ef1 elementor-widget elementor-widget-text-editor\" data-id=\"2190ef1\" data-element_type=\"widget\" data-e-type=\"widget\" data-widget_type=\"text-editor.default\">\n\t\t\t\t<div class=\"elementor-widget-container\">\n\t\t\t\t\t\t\t\t\t<p>Tiejyr\u00e4 tai kuorma-auto vinolumilingolla sek\u00e4 hydraulisella sivuauralla on tehokas yhdistelm\u00e4 useimpiin suurta kapasiteettia vaativiin teht\u00e4viin.<\/p>\n<p>Kaikissa M\u00e4hlersin sivuauroissa on ns. iskunvaimentimet, jotka laukeavat mahdollisessa t\u00f6rm\u00e4yksess\u00e4 kiinte\u00e4\u00e4n esteeseen (kuten tiekaiteeseen tai betonipalkkiin) ja est\u00e4v\u00e4t kuorma-autoa sinkoutumasta tielle. Lis\u00e4turvallisuutena aura ja kiinnike on yhdistetty ter\u00e4svaijerilla.<\/p>\n\t\t\t\t\t\t\t\t<\/div>\n\t\t\t\t<\/div>\n\t\t\t\t\t<\/div>\n\t\t<\/div>\n\t\t\t\t<div class=\"elementor-column elementor-col-50 elementor-inner-column elementor-element elementor-element-2673944\" data-id=\"2673944\" data-element_type=\"column\" data-e-type=\"column\">\n\t\t\t<div class=\"elementor-widget-wrap elementor-element-populated\">\n\t\t\t\t\t\t<div class=\"elementor-element elementor-element-b190c96 elementor-widget elementor-widget-image\" data-id=\"b190c96\" data-element_type=\"widget\" data-e-type=\"widget\" data-widget_type=\"image.default\">\n\t\t\t\t<div class=\"elementor-widget-container\">\n\t\t\t\t\t\t\t\t\t\t\t\t\t\t\t<img decoding=\"async\" width=\"460\" height=\"290\" src=\"https:\/\/mahlers.se\/wp-content\/uploads\/2021\/10\/hydrauliska-sidplogar.jpg\" class=\"attachment-large size-large wp-image-11215\" alt=\"\" srcset=\"https:\/\/mahlers.se\/wp-content\/uploads\/2021\/10\/hydrauliska-sidplogar.jpg 460w, https:\/\/mahlers.se\/wp-content\/uploads\/2021\/10\/hydrauliska-sidplogar-300x189.jpg 300w\" sizes=\"(max-width: 460px) 100vw, 460px\" \/>\t\t\t\t\t\t\t\t\t\t\t\t\t\t\t<\/div>\n\t\t\t\t<\/div>\n\t\t\t\t\t<\/div>\n\t\t<\/div>\n\t\t\t\t\t<\/div>\n\t\t<\/section>\n\t\t\t\t<div class=\"elementor-element elementor-element-3bd580f elementor-widget elementor-widget-text-editor\" data-id=\"3bd580f\" data-element_type=\"widget\" data-e-type=\"widget\" data-widget_type=\"text-editor.default\">\n\t\t\t\t<div class=\"elementor-widget-container\">\n\t\t\t\t\t\t\t\t\t<h2><strong>Monitoimiohjausj\u00e4rjestelm\u00e4<\/strong><\/h2>\r\nM\u00e4hlersin ohjausj\u00e4rjestelm\u00e4 MC3 voidaan yhdist\u00e4\u00e4 sek\u00e4 h\u00f6yl\u00e4ter\u00e4n, aurien ett\u00e4 kippilavan k\u00e4ytt\u00f6\u00f6n.\t\t\t\t\t\t\t\t<\/div>\n\t\t\t\t<\/div>\n\t\t\t\t<section class=\"elementor-section elementor-inner-section elementor-element elementor-element-eb111c8 elementor-section-boxed elementor-section-height-default elementor-section-height-default\" data-id=\"eb111c8\" data-element_type=\"section\" data-e-type=\"section\">\n\t\t\t\t\t\t<div class=\"elementor-container elementor-column-gap-no\">\n\t\t\t\t\t<div class=\"elementor-column elementor-col-50 elementor-inner-column elementor-element elementor-element-b6500b3\" data-id=\"b6500b3\" data-element_type=\"column\" data-e-type=\"column\">\n\t\t\t<div class=\"elementor-widget-wrap elementor-element-populated\">\n\t\t\t\t\t\t<div class=\"elementor-element elementor-element-8c1ee5a elementor-widget elementor-widget-text-editor\" data-id=\"8c1ee5a\" data-element_type=\"widget\" data-e-type=\"widget\" data-widget_type=\"text-editor.default\">\n\t\t\t\t<div class=\"elementor-widget-container\">\n\t\t\t\t\t\t\t\t\tMC3 on suhteellinen ohjausj\u00e4rjestelm\u00e4, mik\u00e4 tarkoittaa, ett\u00e4 kaikki aurauslaitteet ja kuorma-auton kippilava voidaan ohjata portaatta.\r\n\r\nMC3\u00a0ohjelmisto on mukautettu tukemaan muiden toimintojen, kuten hiekoitus- ja suolauslaitteiden, kippilavan ym. ohjausta. Lis\u00e4ksi ohjausj\u00e4rjestelm\u00e4 on rakennettu et\u00e4tukea varten, mik\u00e4 mahdollistaa ohjausj\u00e4rjestelm\u00e4n yhdist\u00e4misen mobiiliverkon kautta ja teknisen tuen saamisen riippumatta siit\u00e4, miss\u00e4 asiakas sijaitsee.\r\n\r\n&nbsp;\r\n\r\nMC3 t\u00e4ytt\u00e4\u00e4 EN ISO 13849 -standardin ja on kolmannen osapuolen sertifioima. Kaikki hallintalaitteet t\u00e4ytt\u00e4v\u00e4t PLd-turvallisuustason. CANopen Safety -yhteensopiva turvallisempaa ohjausta varten. Leveytt\u00e4 lis\u00e4\u00e4vien toimintojen valvonta liukuvalvonnalla hydraulij\u00e4rjestelm\u00e4ss\u00e4. Turvaventtiili kaikissa hydraulilohkoissa.\t\t\t\t\t\t\t\t<\/div>\n\t\t\t\t<\/div>\n\t\t\t\t\t<\/div>\n\t\t<\/div>\n\t\t\t\t<div class=\"elementor-column elementor-col-50 elementor-inner-column elementor-element elementor-element-fa11d18\" data-id=\"fa11d18\" data-element_type=\"column\" data-e-type=\"column\">\n\t\t\t<div class=\"elementor-widget-wrap\">\n\t\t\t\t\t\t\t<\/div>\n\t\t<\/div>\n\t\t\t\t\t<\/div>\n\t\t<\/section>\n\t\t\t\t\t<\/div>\n\t\t<\/div>\n\t\t\t\t\t<\/div>\n\t\t<\/section>\n\t\t\t\t<\/div>\n\t\t","protected":false},"excerpt":{"rendered":"<p>Non Accident Generation Varmat tulokset Yli 100 vuoden ajan M\u00e4hlers on ollut synonyymi laadukkaille ty\u00f6kaluille ja ammattilaisten ensisijainen valinta lumenauraukseen ja tienhoitoon Skandinaviassa. Selitys on, ett\u00e4 emme koskaan ole tyytyv\u00e4isi\u00e4 emmek\u00e4 pys\u00e4hdy. Jatkuva kehitysty\u00f6 johtaa uutuuksiin ja asteittaisiin parannuksiin tehokkuuden ja turvallisuuden osalta. Kaikki M\u00e4hlersin vinolumilingot t\u00e4ytt\u00e4v\u00e4t eurooppalaisen standardin EN 13021+A1:2008, kiitos laukaisuk\u00e4rkien, jotka kest\u00e4v\u00e4t [&hellip;]<\/p>\n","protected":false},"author":2,"featured_media":0,"parent":0,"menu_order":0,"comment_status":"closed","ping_status":"closed","template":"","meta":{"_acf_changed":false,"footnotes":""},"class_list":["post-10540","page","type-page","status-publish","hentry"],"acf":[],"yoast_head":"<!-- This site is optimized with the Yoast SEO plugin v27.2 - https:\/\/yoast.com\/product\/yoast-seo-wordpress\/ -->\n<title>Turvallisuus - M\u00e4hlers<\/title>\n<meta name=\"robots\" content=\"index, follow, max-snippet:-1, max-image-preview:large, max-video-preview:-1\" \/>\n<link rel=\"canonical\" href=\"https:\/\/mahlers.se\/fi\/turvallisuus\/\" \/>\n<meta property=\"og:locale\" content=\"fi_FI\" \/>\n<meta property=\"og:type\" content=\"article\" \/>\n<meta property=\"og:title\" content=\"Turvallisuus - M\u00e4hlers\" \/>\n<meta property=\"og:description\" content=\"Non Accident Generation Varmat tulokset Yli 100 vuoden ajan M\u00e4hlers on ollut synonyymi laadukkaille ty\u00f6kaluille ja ammattilaisten ensisijainen valinta lumenauraukseen ja tienhoitoon Skandinaviassa. Selitys on, ett\u00e4 emme koskaan ole tyytyv\u00e4isi\u00e4 emmek\u00e4 pys\u00e4hdy. Jatkuva kehitysty\u00f6 johtaa uutuuksiin ja asteittaisiin parannuksiin tehokkuuden ja turvallisuuden osalta. Kaikki M\u00e4hlersin vinolumilingot t\u00e4ytt\u00e4v\u00e4t eurooppalaisen standardin EN 13021+A1:2008, kiitos laukaisuk\u00e4rkien, jotka kest\u00e4v\u00e4t [&hellip;]\" \/>\n<meta property=\"og:url\" content=\"https:\/\/mahlers.se\/fi\/turvallisuus\/\" \/>\n<meta property=\"og:site_name\" content=\"M\u00e4hlers\" \/>\n<meta property=\"article:modified_time\" content=\"2024-07-19T21:58:33+00:00\" \/>\n<meta property=\"og:image\" content=\"https:\/\/mahlers.se\/wp-content\/uploads\/2021\/10\/nag-mahlers.jpg\" \/>\n<meta name=\"twitter:card\" content=\"summary_large_image\" \/>\n<meta name=\"twitter:label1\" content=\"Arvioitu lukuaika\" \/>\n\t<meta name=\"twitter:data1\" content=\"1 minuutti\" \/>\n<script type=\"application\/ld+json\" class=\"yoast-schema-graph\">{\"@context\":\"https:\/\/schema.org\",\"@graph\":[{\"@type\":\"WebPage\",\"@id\":\"https:\/\/mahlers.se\/fi\/turvallisuus\/\",\"url\":\"https:\/\/mahlers.se\/fi\/turvallisuus\/\",\"name\":\"Turvallisuus - M\u00e4hlers\",\"isPartOf\":{\"@id\":\"https:\/\/mahlers.se\/fi\/#website\"},\"primaryImageOfPage\":{\"@id\":\"https:\/\/mahlers.se\/fi\/turvallisuus\/#primaryimage\"},\"image\":{\"@id\":\"https:\/\/mahlers.se\/fi\/turvallisuus\/#primaryimage\"},\"thumbnailUrl\":\"https:\/\/mahlers.se\/wp-content\/uploads\/2021\/10\/nag-mahlers.jpg\",\"datePublished\":\"2021-10-20T13:09:00+00:00\",\"dateModified\":\"2024-07-19T21:58:33+00:00\",\"breadcrumb\":{\"@id\":\"https:\/\/mahlers.se\/fi\/turvallisuus\/#breadcrumb\"},\"inLanguage\":\"fi\",\"potentialAction\":[{\"@type\":\"ReadAction\",\"target\":[\"https:\/\/mahlers.se\/fi\/turvallisuus\/\"]}]},{\"@type\":\"ImageObject\",\"inLanguage\":\"fi\",\"@id\":\"https:\/\/mahlers.se\/fi\/turvallisuus\/#primaryimage\",\"url\":\"https:\/\/mahlers.se\/wp-content\/uploads\/2021\/10\/nag-mahlers.jpg\",\"contentUrl\":\"https:\/\/mahlers.se\/wp-content\/uploads\/2021\/10\/nag-mahlers.jpg\"},{\"@type\":\"BreadcrumbList\",\"@id\":\"https:\/\/mahlers.se\/fi\/turvallisuus\/#breadcrumb\",\"itemListElement\":[{\"@type\":\"ListItem\",\"position\":1,\"name\":\"Hem\",\"item\":\"https:\/\/mahlers.se\/fi\/\"},{\"@type\":\"ListItem\",\"position\":2,\"name\":\"Turvallisuus\"}]},{\"@type\":\"WebSite\",\"@id\":\"https:\/\/mahlers.se\/fi\/#website\",\"url\":\"https:\/\/mahlers.se\/fi\/\",\"name\":\"M\u00e4hlers\",\"description\":\"F\u00f6r effektivare sn\u00f6r\u00f6jning och v\u00e4gunderh\u00e5ll\",\"publisher\":{\"@id\":\"https:\/\/mahlers.se\/fi\/#organization\"},\"potentialAction\":[{\"@type\":\"SearchAction\",\"target\":{\"@type\":\"EntryPoint\",\"urlTemplate\":\"https:\/\/mahlers.se\/fi\/?s={search_term_string}\"},\"query-input\":{\"@type\":\"PropertyValueSpecification\",\"valueRequired\":true,\"valueName\":\"search_term_string\"}}],\"inLanguage\":\"fi\"},{\"@type\":\"Organization\",\"@id\":\"https:\/\/mahlers.se\/fi\/#organization\",\"name\":\"M\u00e4hlers\",\"url\":\"https:\/\/mahlers.se\/fi\/\",\"logo\":{\"@type\":\"ImageObject\",\"inLanguage\":\"fi\",\"@id\":\"https:\/\/mahlers.se\/fi\/#\/schema\/logo\/image\/\",\"url\":\"https:\/\/mahlers.se\/wp-content\/uploads\/2021\/06\/Mahlers-logo-ned-wordonly.png\",\"contentUrl\":\"https:\/\/mahlers.se\/wp-content\/uploads\/2021\/06\/Mahlers-logo-ned-wordonly.png\",\"width\":1026,\"height\":186,\"caption\":\"M\u00e4hlers\"},\"image\":{\"@id\":\"https:\/\/mahlers.se\/fi\/#\/schema\/logo\/image\/\"}}]}<\/script>\n<!-- \/ Yoast SEO plugin. -->","yoast_head_json":{"title":"Turvallisuus - M\u00e4hlers","robots":{"index":"index","follow":"follow","max-snippet":"max-snippet:-1","max-image-preview":"max-image-preview:large","max-video-preview":"max-video-preview:-1"},"canonical":"https:\/\/mahlers.se\/fi\/turvallisuus\/","og_locale":"fi_FI","og_type":"article","og_title":"Turvallisuus - M\u00e4hlers","og_description":"Non Accident Generation Varmat tulokset Yli 100 vuoden ajan M\u00e4hlers on ollut synonyymi laadukkaille ty\u00f6kaluille ja ammattilaisten ensisijainen valinta lumenauraukseen ja tienhoitoon Skandinaviassa. Selitys on, ett\u00e4 emme koskaan ole tyytyv\u00e4isi\u00e4 emmek\u00e4 pys\u00e4hdy. Jatkuva kehitysty\u00f6 johtaa uutuuksiin ja asteittaisiin parannuksiin tehokkuuden ja turvallisuuden osalta. Kaikki M\u00e4hlersin vinolumilingot t\u00e4ytt\u00e4v\u00e4t eurooppalaisen standardin EN 13021+A1:2008, kiitos laukaisuk\u00e4rkien, jotka kest\u00e4v\u00e4t [&hellip;]","og_url":"https:\/\/mahlers.se\/fi\/turvallisuus\/","og_site_name":"M\u00e4hlers","article_modified_time":"2024-07-19T21:58:33+00:00","og_image":[{"url":"https:\/\/mahlers.se\/wp-content\/uploads\/2021\/10\/nag-mahlers.jpg","type":"","width":"","height":""}],"twitter_card":"summary_large_image","twitter_misc":{"Arvioitu lukuaika":"1 minuutti"},"schema":{"@context":"https:\/\/schema.org","@graph":[{"@type":"WebPage","@id":"https:\/\/mahlers.se\/fi\/turvallisuus\/","url":"https:\/\/mahlers.se\/fi\/turvallisuus\/","name":"Turvallisuus - M\u00e4hlers","isPartOf":{"@id":"https:\/\/mahlers.se\/fi\/#website"},"primaryImageOfPage":{"@id":"https:\/\/mahlers.se\/fi\/turvallisuus\/#primaryimage"},"image":{"@id":"https:\/\/mahlers.se\/fi\/turvallisuus\/#primaryimage"},"thumbnailUrl":"https:\/\/mahlers.se\/wp-content\/uploads\/2021\/10\/nag-mahlers.jpg","datePublished":"2021-10-20T13:09:00+00:00","dateModified":"2024-07-19T21:58:33+00:00","breadcrumb":{"@id":"https:\/\/mahlers.se\/fi\/turvallisuus\/#breadcrumb"},"inLanguage":"fi","potentialAction":[{"@type":"ReadAction","target":["https:\/\/mahlers.se\/fi\/turvallisuus\/"]}]},{"@type":"ImageObject","inLanguage":"fi","@id":"https:\/\/mahlers.se\/fi\/turvallisuus\/#primaryimage","url":"https:\/\/mahlers.se\/wp-content\/uploads\/2021\/10\/nag-mahlers.jpg","contentUrl":"https:\/\/mahlers.se\/wp-content\/uploads\/2021\/10\/nag-mahlers.jpg"},{"@type":"BreadcrumbList","@id":"https:\/\/mahlers.se\/fi\/turvallisuus\/#breadcrumb","itemListElement":[{"@type":"ListItem","position":1,"name":"Hem","item":"https:\/\/mahlers.se\/fi\/"},{"@type":"ListItem","position":2,"name":"Turvallisuus"}]},{"@type":"WebSite","@id":"https:\/\/mahlers.se\/fi\/#website","url":"https:\/\/mahlers.se\/fi\/","name":"M\u00e4hlers","description":"F\u00f6r effektivare sn\u00f6r\u00f6jning och v\u00e4gunderh\u00e5ll","publisher":{"@id":"https:\/\/mahlers.se\/fi\/#organization"},"potentialAction":[{"@type":"SearchAction","target":{"@type":"EntryPoint","urlTemplate":"https:\/\/mahlers.se\/fi\/?s={search_term_string}"},"query-input":{"@type":"PropertyValueSpecification","valueRequired":true,"valueName":"search_term_string"}}],"inLanguage":"fi"},{"@type":"Organization","@id":"https:\/\/mahlers.se\/fi\/#organization","name":"M\u00e4hlers","url":"https:\/\/mahlers.se\/fi\/","logo":{"@type":"ImageObject","inLanguage":"fi","@id":"https:\/\/mahlers.se\/fi\/#\/schema\/logo\/image\/","url":"https:\/\/mahlers.se\/wp-content\/uploads\/2021\/06\/Mahlers-logo-ned-wordonly.png","contentUrl":"https:\/\/mahlers.se\/wp-content\/uploads\/2021\/06\/Mahlers-logo-ned-wordonly.png","width":1026,"height":186,"caption":"M\u00e4hlers"},"image":{"@id":"https:\/\/mahlers.se\/fi\/#\/schema\/logo\/image\/"}}]}},"_links":{"self":[{"href":"https:\/\/mahlers.se\/fi\/wp-json\/wp\/v2\/pages\/10540","targetHints":{"allow":["GET"]}}],"collection":[{"href":"https:\/\/mahlers.se\/fi\/wp-json\/wp\/v2\/pages"}],"about":[{"href":"https:\/\/mahlers.se\/fi\/wp-json\/wp\/v2\/types\/page"}],"author":[{"embeddable":true,"href":"https:\/\/mahlers.se\/fi\/wp-json\/wp\/v2\/users\/2"}],"replies":[{"embeddable":true,"href":"https:\/\/mahlers.se\/fi\/wp-json\/wp\/v2\/comments?post=10540"}],"version-history":[{"count":1,"href":"https:\/\/mahlers.se\/fi\/wp-json\/wp\/v2\/pages\/10540\/revisions"}],"predecessor-version":[{"id":10541,"href":"https:\/\/mahlers.se\/fi\/wp-json\/wp\/v2\/pages\/10540\/revisions\/10541"}],"wp:attachment":[{"href":"https:\/\/mahlers.se\/fi\/wp-json\/wp\/v2\/media?parent=10540"}],"curies":[{"name":"wp","href":"https:\/\/api.w.org\/{rel}","templated":true}]}}