{"id":10538,"date":"2021-08-30T14:34:05","date_gmt":"2021-08-30T12:34:05","guid":{"rendered":"https:\/\/mahlers.se\/tietosuojakaytanto\/"},"modified":"2024-07-19T23:39:19","modified_gmt":"2024-07-19T21:39:19","slug":"tietosuojakaytanto","status":"publish","type":"page","link":"https:\/\/mahlers.se\/fi\/tietosuojakaytanto\/","title":{"rendered":"Tietosuojak\u00e4yt\u00e4nt\u00f6"},"content":{"rendered":"\t\t<div data-elementor-type=\"wp-page\" data-elementor-id=\"10538\" class=\"elementor elementor-10538 elementor-1569\" data-elementor-post-type=\"page\">\n\t\t\t\t\t\t<section class=\"elementor-section elementor-top-section elementor-element elementor-element-40a6e644 elementor-section-full_width elementor-section-height-default elementor-section-height-default\" data-id=\"40a6e644\" data-element_type=\"section\" data-e-type=\"section\">\n\t\t\t\t\t\t<div class=\"elementor-container elementor-column-gap-default\">\n\t\t\t\t\t<div class=\"elementor-column elementor-col-100 elementor-top-column elementor-element elementor-element-31c58206\" data-id=\"31c58206\" data-element_type=\"column\" data-e-type=\"column\">\n\t\t\t<div class=\"elementor-widget-wrap\">\n\t\t\t\t\t\t\t<\/div>\n\t\t<\/div>\n\t\t\t\t\t<\/div>\n\t\t<\/section>\n\t\t\t\t<section class=\"elementor-section elementor-top-section elementor-element elementor-element-fe94c77 elementor-section-boxed elementor-section-height-default elementor-section-height-default\" data-id=\"fe94c77\" data-element_type=\"section\" data-e-type=\"section\">\n\t\t\t\t\t\t<div class=\"elementor-container elementor-column-gap-default\">\n\t\t\t\t\t<div class=\"elementor-column elementor-col-100 elementor-top-column elementor-element elementor-element-5674f0c0\" data-id=\"5674f0c0\" data-element_type=\"column\" data-e-type=\"column\">\n\t\t\t<div class=\"elementor-widget-wrap elementor-element-populated\">\n\t\t\t\t\t\t<div class=\"elementor-element elementor-element-6c659063 elementor-widget elementor-widget-spacer\" data-id=\"6c659063\" data-element_type=\"widget\" data-e-type=\"widget\" data-widget_type=\"spacer.default\">\n\t\t\t\t<div class=\"elementor-widget-container\">\n\t\t\t\t\t\t\t<div class=\"elementor-spacer\">\n\t\t\t<div class=\"elementor-spacer-inner\"><\/div>\n\t\t<\/div>\n\t\t\t\t\t\t<\/div>\n\t\t\t\t<\/div>\n\t\t\t\t\t<\/div>\n\t\t<\/div>\n\t\t\t\t\t<\/div>\n\t\t<\/section>\n\t\t\t\t<section class=\"elementor-section elementor-top-section elementor-element elementor-element-736db1e6 elementor-section-boxed elementor-section-height-default elementor-section-height-default\" data-id=\"736db1e6\" data-element_type=\"section\" data-e-type=\"section\">\n\t\t\t\t\t\t<div class=\"elementor-container elementor-column-gap-default\">\n\t\t\t\t\t<div class=\"elementor-column elementor-col-100 elementor-top-column elementor-element elementor-element-664f55d9\" data-id=\"664f55d9\" data-element_type=\"column\" data-e-type=\"column\">\n\t\t\t<div class=\"elementor-widget-wrap elementor-element-populated\">\n\t\t\t\t\t\t<div class=\"elementor-element elementor-element-2b7098c5 elementor-widget elementor-widget-heading\" data-id=\"2b7098c5\" data-element_type=\"widget\" data-e-type=\"widget\" data-widget_type=\"heading.default\">\n\t\t\t\t<div class=\"elementor-widget-container\">\n\t\t\t\t\t<h1 class=\"elementor-heading-title elementor-size-default\">Tietosuojak\u00e4yt\u00e4nt\u00f6<\/h1>\t\t\t\t<\/div>\n\t\t\t\t<\/div>\n\t\t\t\t\t<\/div>\n\t\t<\/div>\n\t\t\t\t\t<\/div>\n\t\t<\/section>\n\t\t\t\t<section class=\"elementor-section elementor-top-section elementor-element elementor-element-5908b676 elementor-section-boxed elementor-section-height-default elementor-section-height-default\" data-id=\"5908b676\" data-element_type=\"section\" data-e-type=\"section\">\n\t\t\t\t\t\t<div class=\"elementor-container elementor-column-gap-default\">\n\t\t\t\t\t<div class=\"elementor-column elementor-col-50 elementor-top-column elementor-element elementor-element-57aa71e2\" data-id=\"57aa71e2\" data-element_type=\"column\" data-e-type=\"column\">\n\t\t\t<div class=\"elementor-widget-wrap elementor-element-populated\">\n\t\t\t\t\t\t<div class=\"elementor-element elementor-element-6cf4b815 elementor-widget elementor-widget-text-editor\" data-id=\"6cf4b815\" data-element_type=\"widget\" data-e-type=\"widget\" data-widget_type=\"text-editor.default\">\n\t\t\t\t<div class=\"elementor-widget-container\">\n\t\t\t\t\t\t\t\t\t<p>Engcon-konserni (engcon) ja sen tyt\u00e4ryhti\u00f6t v\u00e4litt\u00e4v\u00e4t henkil\u00f6kohtaisesta yksityisyydest\u00e4si ja pyrimme aina suojaamaan henkil\u00f6tietosi parhaalla mahdollisella tavalla ja noudattamaan sovellettavia tietosuojalakeja ja -s\u00e4\u00e4nn\u00f6ksi\u00e4. T\u00e4m\u00e4n tietosuojak\u00e4yt\u00e4nn\u00f6n avulla haluamme tiedottaa sinulle siit\u00e4, miten engcon k\u00e4sittelee henkil\u00f6tietojasi. T\u00e4m\u00e4 k\u00e4yt\u00e4nt\u00f6 koskee kaikkia tietoja, joita ker\u00e4t\u00e4\u00e4n, kun teet kyselyn, tilauksen tai oston engconilla, k\u00e4yt\u00e4t verkkosivustoamme, l\u00e4het\u00e4t lomakkeita tai tilaat palveluja.<\/p>\n<p><strong>Kuka on vastuussa henkil\u00f6tiedoistasi<\/strong><\/p>\n<p>Engcon Holding AB (556647-1727), Vilohemsgatan 1, SE-833 31 Str\u00f6msund, Ruotsi, on vastuussa henkil\u00f6tietojesi k\u00e4sittelyst\u00e4. Voit ottaa yhteytt\u00e4 tietosuojavastaavaamme puhelimitse numerossa +46 670 178 00 tai s\u00e4hk\u00f6postitse osoitteessa <a rel=\"noreferrer\">gdpr@mahlers.se<\/a>.<\/p>\n<p><strong>Mit\u00e4 henkil\u00f6tietoja k\u00e4sittelemme<\/strong><\/p>\n<p>Engcon k\u00e4sittelee henkil\u00f6tietoja, jotka olet itse antanut meille, jotka ker\u00e4\u00e4mme verkkosivustomme kautta tai saamme kolmansilta osapuolilta liiketoimintaverkostomme puitteissa. Kun teet kyselyn tai oston meill\u00e4, annat meille tietoja, samoin kun rekister\u00f6idyt johonkin lomakkeistamme. Voit my\u00f6s antaa tietoja engconille muista syist\u00e4. Antamasi tiedot voivat sis\u00e4lt\u00e4\u00e4 nimen, kuvan, IP-osoitteen, henkil\u00f6tunnuksen, yhteys- ja osoitetiedot, henkil\u00f6kohtaiset mieltymykset, puhelinnumerot jne.<\/p>\n<p><strong>Mihin tarkoituksiin k\u00e4sittelemme tietojasi<\/strong><\/p>\n<p>K\u00e4sittelemme yhteystietojasi hallitaksemme kyselyj\u00e4si ja mahdollisia sopimuksia kanssasi sek\u00e4 antaaksemme tietoja ja palveluja n\u00e4ihin kyselyihin ja sopimuksiin liittyen. T\u00e4m\u00e4 voi esimerkiksi olla kiinnostuksen ilmaiseminen palveluistamme ja tuotteistamme, osallistuminen koulutuksiin, joihin valitset osallistua, arvontoihin, kilpailuihin tai tilauksiin.<\/p>\n<p>Henkil\u00f6tietojasi voidaan k\u00e4ytt\u00e4\u00e4 my\u00f6s markkinointiin, seurantaan sek\u00e4 myynti- ja tuotekehitykseemme parantaaksemme palvelujamme ja tuotteitamme. Jos et halua vastaanottaa markkinointia ja\/tai tarjouksia, ota yhteytt\u00e4 tietosuojavastaavaamme.<\/p>\n<p>K\u00e4sittelemme my\u00f6s henkil\u00f6tietoja tilastointitarkoituksiin n\u00e4hd\u00e4ksemme, miten k\u00e4ytt\u00e4j\u00e4t k\u00e4ytt\u00e4v\u00e4t verkkosivustoa ja analysoidaksemme hakuk\u00e4ytt\u00e4ytymist\u00e4 sek\u00e4 n\u00e4ytt\u00e4\u00e4ksemme sinulle mukautettua sis\u00e4lt\u00f6\u00e4. Kun k\u00e4yt\u00e4t verkkosivustoamme, ker\u00e4\u00e4mme ja analysoimme automaattisesti IP-osoitteesi, tuotteet ja palvelut, joista olet osoittanut kiinnostusta, ja selausk\u00e4ytt\u00e4ytymisesi verkkosivustollamme. T\u00e4ss\u00e4 k\u00e4yt\u00e4mme esimerkiksi Google Analytics -ty\u00f6kalua. Profiilitietojen analysointi antaa meille lis\u00e4\u00e4 tietoa ja ymm\u00e4rryst\u00e4 asiakkaistamme yleisesti ja mahdollistaa my\u00f6s tarjousten esitt\u00e4misen suoraan verkkosivustollamme, joiden uskomme olevan sinulle merkityksellisi\u00e4. Haluamme huomauttaa, ett\u00e4 Google Analytics on varustettu koodilla \u201dgat._anonymizeIp();\u201d IP-osoitteiden anonyymin rekister\u00f6innin takaamiseksi.<\/p>\n<p>Voit est\u00e4\u00e4 Google Analyticsin tietojen tallentamisen k\u00e4ytt\u00e4m\u00e4ll\u00e4 selainlaajennusta, joka l\u00f6ytyy t\u00e4\u00e4lt\u00e4: <a href=\"https:\/\/tools.google.com\/dlpage\/gaoptout\/\" target=\"_new\" rel=\"noreferrer\">https:\/\/tools.google.com\/dlpage\/gaoptout\/<\/a>.<\/p>\n<p>Kun k\u00e4yt\u00e4t verkkosivustomme toimintoja, jotka mahdollistavat tietojen tai muun materiaalin l\u00e4hett\u00e4misen verkkosivustollemme, huomioi, ett\u00e4 t\u00e4llaiset tiedot voivat sis\u00e4lt\u00e4\u00e4 henkil\u00f6tietoja. Jos tietosi sis\u00e4lt\u00e4v\u00e4t tietoja muista henkil\u00f6ist\u00e4, saat l\u00e4hett\u00e4\u00e4 t\u00e4llaista tietoa vain, jos olet saanut heid\u00e4n suostumuksensa siihen.<\/p>\n<p><strong>Oikeusperuste k\u00e4sittelylle ja s\u00e4ilytysaika<\/strong><\/p>\n<p>Engcon k\u00e4sittelee aina henkil\u00f6tietojasi sovellettavan lains\u00e4\u00e4d\u00e4nn\u00f6n mukaisesti. K\u00e4sittelemme henkil\u00f6tietojasi, kun se on tarpeen sopimuksen t\u00e4ytt\u00e4miseksi kanssasi ja kun meill\u00e4 on muu oikeutettu ja perusteltu etu k\u00e4sitell\u00e4 henkil\u00f6tietojasi, kuten esimerkiksi markkinoidaksemme vierailijoille verkkosivustolla tai kehitt\u00e4\u00e4ksemme verkkosivustoamme tai palvelujamme ja\/tai tuotteitamme. Jos k\u00e4sittelemme henkil\u00f6tietojasi johonkin tarkoitukseen, joka sovellettavan lains\u00e4\u00e4d\u00e4nn\u00f6n mukaan edellytt\u00e4\u00e4 suostumustasi, pyyd\u00e4mme suostumustasi ennen t\u00e4llaisen k\u00e4sittelyn aloittamista.<\/p>\n<p>Yll\u00e4 kuvatulla tavalla ker\u00e4tyt tiedot poistetaan, kun k\u00e4sittelyn tarkoitukset on saavutettu.<\/p>\n<p><strong>Turvatoimet henkil\u00f6tietojen suojaamiseksi<\/strong><\/p>\n<p>Engcon v\u00e4litt\u00e4\u00e4 henkil\u00f6tietojesi korkeasta turvallisuudesta ja on toteuttanut t\u00e4h\u00e4n tarkoitukseen sopivia teknisi\u00e4 ja organisatorisia turvallisuustoimenpiteit\u00e4 suojatakseen henkil\u00f6tietosi luvattomalta p\u00e4\u00e4sylt\u00e4, muutokselta, levitt\u00e4miselt\u00e4 tai tuhoamiselta.<\/p>\n<p><strong>Rajoitukset henkil\u00f6tietojen luovuttamisessa<\/strong><\/p>\n<p>Engcon voi k\u00e4ytt\u00e4\u00e4 ulkopuolisia yhteisty\u00f6kumppaneita suorittamaan teht\u00e4vi\u00e4 puolestamme, kuten IT-palvelujen tarjoamiseen tai markkinoinnin, lehdist\u00f6tiedotteiden hallinnan, analyysien tai tilastojen avustamiseen. N\u00e4iden palvelujen suorittaminen voi tarkoittaa, ett\u00e4 yhteisty\u00f6kumppanimme, sek\u00e4 EU\/ETA-alueella ett\u00e4 sen ulkopuolella, saavat p\u00e4\u00e4syn henkil\u00f6tietoihisi. Yritykset, jotka k\u00e4sittelev\u00e4t henkil\u00f6tietoja puolestamme, allekirjoittavat aina sopimuksen kanssamme varmistaaksemme korkean suojan henkil\u00f6tiedoillesi my\u00f6s yhteisty\u00f6kumppaneidemme kanssa.<\/p>\n<p>EU\/ETA-alueen ulkopuolisten yhteisty\u00f6kumppaneiden suhteen toteutetaan erityisi\u00e4 suojatoimenpiteit\u00e4, kuten esimerkiksi sopimusten tekeminen, jotka sis\u00e4lt\u00e4v\u00e4t Euroopan komission hyv\u00e4ksym\u00e4t vakiosopimuslausekkeet tietojen siirtoa varten ja jotka ovat saatavilla Euroopan komission verkkosivustolla.<\/p>\n<p>Engcon voi my\u00f6s luovuttaa henkil\u00f6tietoja kolmansille osapuolille, kuten poliisille tai muulle viranomaiselle, jos se liittyy rikostutkintaan tai jos meill\u00e4 on muutoin lakis\u00e4\u00e4teinen velvollisuus luovuttaa t\u00e4llaisia tietoja lain tai viranomaisen p\u00e4\u00e4t\u00f6ksen perusteella.<\/p>\n<p>Engcon ei luovuta henkil\u00f6tietojasi muussa laajuudessa kuin t\u00e4ss\u00e4 osiossa on kuvattu.<\/p>\n<p><strong>Oikeutesi ja oikeus tehd\u00e4 valitus<\/strong><\/p>\n<p>Sinulla on oikeus sovellettavan tietosuojalains\u00e4\u00e4d\u00e4nn\u00f6n mukaisesti milloin tahansa pyyt\u00e4\u00e4 p\u00e4\u00e4sy\u00e4 sinua koskeviin henkil\u00f6tietoihin, oikaista virheelliset henkil\u00f6tiedot, vaatia engconin lopettamaan henkil\u00f6tietojesi k\u00e4sittelyn ja poistamaan henkil\u00f6tietosi, rajoittaa henkil\u00f6tietojesi k\u00e4sittely\u00e4, k\u00e4ytt\u00e4\u00e4 oikeuttasi tietojen siirrett\u00e4vyyteen, peruuttaa suostumus tiettyyn k\u00e4sittelyyn (jos suostumus on annettu) ja vastustaa henkil\u00f6tietojen k\u00e4sittely\u00e4. Ota t\u00e4llaisessa tapauksessa yhteytt\u00e4 engconiin k\u00e4ytt\u00e4m\u00e4ll\u00e4 henkil\u00f6tietojen k\u00e4sittelyst\u00e4 vastaavan yhteystietoja.<\/p>\n<p><strong>Jos haluat muuttaa tietojesi k\u00e4sittely\u00e4<\/strong><\/p>\n<p>Jos haluat muuttaa tietojesi k\u00e4sittely\u00e4 ja tapaa, jolla pid\u00e4mme yhteytt\u00e4 sinuun, ota yhteytt\u00e4 tietosuojavastaavaamme osoitteessa <a rel=\"noreferrer\">gdpr@mahlers.se<\/a> ja kuvaile asiasi ja tiedot, joita haluat muuttaa, kuten asiakaslehden tai uutiskirjeen peruutus, poistaminen liiketoimintarekisterist\u00e4 jne. Huomaa, ett\u00e4 poistamalla tietosi voit menett\u00e4\u00e4 arvokasta tietoa, kuten takuut tai muut sopimukseen perustuvat palvelut, koska menet\u00e4mme kaikki sinuun liittyv\u00e4t j\u00e4ljitett\u00e4vyystiedot.<\/p>\n\t\t\t\t\t\t\t\t<\/div>\n\t\t\t\t<\/div>\n\t\t\t\t\t<\/div>\n\t\t<\/div>\n\t\t\t\t<div class=\"elementor-column elementor-col-50 elementor-top-column elementor-element elementor-element-54e904b6\" data-id=\"54e904b6\" data-element_type=\"column\" data-e-type=\"column\">\n\t\t\t<div class=\"elementor-widget-wrap\">\n\t\t\t\t\t\t\t<\/div>\n\t\t<\/div>\n\t\t\t\t\t<\/div>\n\t\t<\/section>\n\t\t\t\t<section class=\"elementor-section elementor-top-section elementor-element elementor-element-1f7a7123 elementor-section-boxed elementor-section-height-default elementor-section-height-default\" data-id=\"1f7a7123\" data-element_type=\"section\" data-e-type=\"section\">\n\t\t\t\t\t\t<div class=\"elementor-container elementor-column-gap-default\">\n\t\t\t\t\t<div class=\"elementor-column elementor-col-100 elementor-top-column elementor-element elementor-element-1cf225e2\" data-id=\"1cf225e2\" data-element_type=\"column\" data-e-type=\"column\">\n\t\t\t<div class=\"elementor-widget-wrap elementor-element-populated\">\n\t\t\t\t\t\t<div class=\"elementor-element elementor-element-256da88d elementor-widget elementor-widget-spacer\" data-id=\"256da88d\" data-element_type=\"widget\" data-e-type=\"widget\" data-widget_type=\"spacer.default\">\n\t\t\t\t<div class=\"elementor-widget-container\">\n\t\t\t\t\t\t\t<div class=\"elementor-spacer\">\n\t\t\t<div class=\"elementor-spacer-inner\"><\/div>\n\t\t<\/div>\n\t\t\t\t\t\t<\/div>\n\t\t\t\t<\/div>\n\t\t\t\t\t<\/div>\n\t\t<\/div>\n\t\t\t\t\t<\/div>\n\t\t<\/section>\n\t\t\t\t<\/div>\n\t\t","protected":false},"excerpt":{"rendered":"<p>Tietosuojak\u00e4yt\u00e4nt\u00f6 Engcon-konserni (engcon) ja sen tyt\u00e4ryhti\u00f6t v\u00e4litt\u00e4v\u00e4t henkil\u00f6kohtaisesta yksityisyydest\u00e4si ja pyrimme aina suojaamaan henkil\u00f6tietosi parhaalla mahdollisella tavalla ja noudattamaan sovellettavia tietosuojalakeja ja -s\u00e4\u00e4nn\u00f6ksi\u00e4. T\u00e4m\u00e4n tietosuojak\u00e4yt\u00e4nn\u00f6n avulla haluamme tiedottaa sinulle siit\u00e4, miten engcon k\u00e4sittelee henkil\u00f6tietojasi. T\u00e4m\u00e4 k\u00e4yt\u00e4nt\u00f6 koskee kaikkia tietoja, joita ker\u00e4t\u00e4\u00e4n, kun teet kyselyn, tilauksen tai oston engconilla, k\u00e4yt\u00e4t verkkosivustoamme, l\u00e4het\u00e4t lomakkeita tai tilaat palveluja. [&hellip;]<\/p>\n","protected":false},"author":2,"featured_media":0,"parent":0,"menu_order":0,"comment_status":"closed","ping_status":"closed","template":"","meta":{"_acf_changed":false,"footnotes":""},"class_list":["post-10538","page","type-page","status-publish","hentry"],"acf":[],"yoast_head":"<!-- This site is optimized with the Yoast SEO plugin v27.2 - https:\/\/yoast.com\/product\/yoast-seo-wordpress\/ -->\n<title>Tietosuojak\u00e4yt\u00e4nt\u00f6 - M\u00e4hlers<\/title>\n<meta name=\"robots\" content=\"index, follow, max-snippet:-1, max-image-preview:large, max-video-preview:-1\" \/>\n<link rel=\"canonical\" href=\"https:\/\/mahlers.se\/fi\/tietosuojakaytanto\/\" \/>\n<meta property=\"og:locale\" content=\"fi_FI\" \/>\n<meta property=\"og:type\" content=\"article\" \/>\n<meta property=\"og:title\" content=\"Tietosuojak\u00e4yt\u00e4nt\u00f6 - M\u00e4hlers\" \/>\n<meta property=\"og:description\" content=\"Tietosuojak\u00e4yt\u00e4nt\u00f6 Engcon-konserni (engcon) ja sen tyt\u00e4ryhti\u00f6t v\u00e4litt\u00e4v\u00e4t henkil\u00f6kohtaisesta yksityisyydest\u00e4si ja pyrimme aina suojaamaan henkil\u00f6tietosi parhaalla mahdollisella tavalla ja noudattamaan sovellettavia tietosuojalakeja ja -s\u00e4\u00e4nn\u00f6ksi\u00e4. T\u00e4m\u00e4n tietosuojak\u00e4yt\u00e4nn\u00f6n avulla haluamme tiedottaa sinulle siit\u00e4, miten engcon k\u00e4sittelee henkil\u00f6tietojasi. T\u00e4m\u00e4 k\u00e4yt\u00e4nt\u00f6 koskee kaikkia tietoja, joita ker\u00e4t\u00e4\u00e4n, kun teet kyselyn, tilauksen tai oston engconilla, k\u00e4yt\u00e4t verkkosivustoamme, l\u00e4het\u00e4t lomakkeita tai tilaat palveluja. [&hellip;]\" \/>\n<meta property=\"og:url\" content=\"https:\/\/mahlers.se\/fi\/tietosuojakaytanto\/\" \/>\n<meta property=\"og:site_name\" content=\"M\u00e4hlers\" \/>\n<meta property=\"article:modified_time\" content=\"2024-07-19T21:39:19+00:00\" \/>\n<meta name=\"twitter:card\" content=\"summary_large_image\" \/>\n<meta name=\"twitter:label1\" content=\"Arvioitu lukuaika\" \/>\n\t<meta name=\"twitter:data1\" content=\"4 minuuttia\" \/>\n<script type=\"application\/ld+json\" class=\"yoast-schema-graph\">{\"@context\":\"https:\/\/schema.org\",\"@graph\":[{\"@type\":\"WebPage\",\"@id\":\"https:\/\/mahlers.se\/fi\/tietosuojakaytanto\/\",\"url\":\"https:\/\/mahlers.se\/fi\/tietosuojakaytanto\/\",\"name\":\"Tietosuojak\u00e4yt\u00e4nt\u00f6 - M\u00e4hlers\",\"isPartOf\":{\"@id\":\"https:\/\/mahlers.se\/fi\/#website\"},\"datePublished\":\"2021-08-30T12:34:05+00:00\",\"dateModified\":\"2024-07-19T21:39:19+00:00\",\"breadcrumb\":{\"@id\":\"https:\/\/mahlers.se\/fi\/tietosuojakaytanto\/#breadcrumb\"},\"inLanguage\":\"fi\",\"potentialAction\":[{\"@type\":\"ReadAction\",\"target\":[\"https:\/\/mahlers.se\/fi\/tietosuojakaytanto\/\"]}]},{\"@type\":\"BreadcrumbList\",\"@id\":\"https:\/\/mahlers.se\/fi\/tietosuojakaytanto\/#breadcrumb\",\"itemListElement\":[{\"@type\":\"ListItem\",\"position\":1,\"name\":\"Hem\",\"item\":\"https:\/\/mahlers.se\/fi\/\"},{\"@type\":\"ListItem\",\"position\":2,\"name\":\"Tietosuojak\u00e4yt\u00e4nt\u00f6\"}]},{\"@type\":\"WebSite\",\"@id\":\"https:\/\/mahlers.se\/fi\/#website\",\"url\":\"https:\/\/mahlers.se\/fi\/\",\"name\":\"M\u00e4hlers\",\"description\":\"F\u00f6r effektivare sn\u00f6r\u00f6jning och v\u00e4gunderh\u00e5ll\",\"publisher\":{\"@id\":\"https:\/\/mahlers.se\/fi\/#organization\"},\"potentialAction\":[{\"@type\":\"SearchAction\",\"target\":{\"@type\":\"EntryPoint\",\"urlTemplate\":\"https:\/\/mahlers.se\/fi\/?s={search_term_string}\"},\"query-input\":{\"@type\":\"PropertyValueSpecification\",\"valueRequired\":true,\"valueName\":\"search_term_string\"}}],\"inLanguage\":\"fi\"},{\"@type\":\"Organization\",\"@id\":\"https:\/\/mahlers.se\/fi\/#organization\",\"name\":\"M\u00e4hlers\",\"url\":\"https:\/\/mahlers.se\/fi\/\",\"logo\":{\"@type\":\"ImageObject\",\"inLanguage\":\"fi\",\"@id\":\"https:\/\/mahlers.se\/fi\/#\/schema\/logo\/image\/\",\"url\":\"https:\/\/mahlers.se\/wp-content\/uploads\/2021\/06\/Mahlers-logo-ned-wordonly.png\",\"contentUrl\":\"https:\/\/mahlers.se\/wp-content\/uploads\/2021\/06\/Mahlers-logo-ned-wordonly.png\",\"width\":1026,\"height\":186,\"caption\":\"M\u00e4hlers\"},\"image\":{\"@id\":\"https:\/\/mahlers.se\/fi\/#\/schema\/logo\/image\/\"}}]}<\/script>\n<!-- \/ Yoast SEO plugin. -->","yoast_head_json":{"title":"Tietosuojak\u00e4yt\u00e4nt\u00f6 - M\u00e4hlers","robots":{"index":"index","follow":"follow","max-snippet":"max-snippet:-1","max-image-preview":"max-image-preview:large","max-video-preview":"max-video-preview:-1"},"canonical":"https:\/\/mahlers.se\/fi\/tietosuojakaytanto\/","og_locale":"fi_FI","og_type":"article","og_title":"Tietosuojak\u00e4yt\u00e4nt\u00f6 - M\u00e4hlers","og_description":"Tietosuojak\u00e4yt\u00e4nt\u00f6 Engcon-konserni (engcon) ja sen tyt\u00e4ryhti\u00f6t v\u00e4litt\u00e4v\u00e4t henkil\u00f6kohtaisesta yksityisyydest\u00e4si ja pyrimme aina suojaamaan henkil\u00f6tietosi parhaalla mahdollisella tavalla ja noudattamaan sovellettavia tietosuojalakeja ja -s\u00e4\u00e4nn\u00f6ksi\u00e4. T\u00e4m\u00e4n tietosuojak\u00e4yt\u00e4nn\u00f6n avulla haluamme tiedottaa sinulle siit\u00e4, miten engcon k\u00e4sittelee henkil\u00f6tietojasi. T\u00e4m\u00e4 k\u00e4yt\u00e4nt\u00f6 koskee kaikkia tietoja, joita ker\u00e4t\u00e4\u00e4n, kun teet kyselyn, tilauksen tai oston engconilla, k\u00e4yt\u00e4t verkkosivustoamme, l\u00e4het\u00e4t lomakkeita tai tilaat palveluja. [&hellip;]","og_url":"https:\/\/mahlers.se\/fi\/tietosuojakaytanto\/","og_site_name":"M\u00e4hlers","article_modified_time":"2024-07-19T21:39:19+00:00","twitter_card":"summary_large_image","twitter_misc":{"Arvioitu lukuaika":"4 minuuttia"},"schema":{"@context":"https:\/\/schema.org","@graph":[{"@type":"WebPage","@id":"https:\/\/mahlers.se\/fi\/tietosuojakaytanto\/","url":"https:\/\/mahlers.se\/fi\/tietosuojakaytanto\/","name":"Tietosuojak\u00e4yt\u00e4nt\u00f6 - M\u00e4hlers","isPartOf":{"@id":"https:\/\/mahlers.se\/fi\/#website"},"datePublished":"2021-08-30T12:34:05+00:00","dateModified":"2024-07-19T21:39:19+00:00","breadcrumb":{"@id":"https:\/\/mahlers.se\/fi\/tietosuojakaytanto\/#breadcrumb"},"inLanguage":"fi","potentialAction":[{"@type":"ReadAction","target":["https:\/\/mahlers.se\/fi\/tietosuojakaytanto\/"]}]},{"@type":"BreadcrumbList","@id":"https:\/\/mahlers.se\/fi\/tietosuojakaytanto\/#breadcrumb","itemListElement":[{"@type":"ListItem","position":1,"name":"Hem","item":"https:\/\/mahlers.se\/fi\/"},{"@type":"ListItem","position":2,"name":"Tietosuojak\u00e4yt\u00e4nt\u00f6"}]},{"@type":"WebSite","@id":"https:\/\/mahlers.se\/fi\/#website","url":"https:\/\/mahlers.se\/fi\/","name":"M\u00e4hlers","description":"F\u00f6r effektivare sn\u00f6r\u00f6jning och v\u00e4gunderh\u00e5ll","publisher":{"@id":"https:\/\/mahlers.se\/fi\/#organization"},"potentialAction":[{"@type":"SearchAction","target":{"@type":"EntryPoint","urlTemplate":"https:\/\/mahlers.se\/fi\/?s={search_term_string}"},"query-input":{"@type":"PropertyValueSpecification","valueRequired":true,"valueName":"search_term_string"}}],"inLanguage":"fi"},{"@type":"Organization","@id":"https:\/\/mahlers.se\/fi\/#organization","name":"M\u00e4hlers","url":"https:\/\/mahlers.se\/fi\/","logo":{"@type":"ImageObject","inLanguage":"fi","@id":"https:\/\/mahlers.se\/fi\/#\/schema\/logo\/image\/","url":"https:\/\/mahlers.se\/wp-content\/uploads\/2021\/06\/Mahlers-logo-ned-wordonly.png","contentUrl":"https:\/\/mahlers.se\/wp-content\/uploads\/2021\/06\/Mahlers-logo-ned-wordonly.png","width":1026,"height":186,"caption":"M\u00e4hlers"},"image":{"@id":"https:\/\/mahlers.se\/fi\/#\/schema\/logo\/image\/"}}]}},"_links":{"self":[{"href":"https:\/\/mahlers.se\/fi\/wp-json\/wp\/v2\/pages\/10538","targetHints":{"allow":["GET"]}}],"collection":[{"href":"https:\/\/mahlers.se\/fi\/wp-json\/wp\/v2\/pages"}],"about":[{"href":"https:\/\/mahlers.se\/fi\/wp-json\/wp\/v2\/types\/page"}],"author":[{"embeddable":true,"href":"https:\/\/mahlers.se\/fi\/wp-json\/wp\/v2\/users\/2"}],"replies":[{"embeddable":true,"href":"https:\/\/mahlers.se\/fi\/wp-json\/wp\/v2\/comments?post=10538"}],"version-history":[{"count":1,"href":"https:\/\/mahlers.se\/fi\/wp-json\/wp\/v2\/pages\/10538\/revisions"}],"predecessor-version":[{"id":10539,"href":"https:\/\/mahlers.se\/fi\/wp-json\/wp\/v2\/pages\/10538\/revisions\/10539"}],"wp:attachment":[{"href":"https:\/\/mahlers.se\/fi\/wp-json\/wp\/v2\/media?parent=10538"}],"curies":[{"name":"wp","href":"https:\/\/api.w.org\/{rel}","templated":true}]}}