{"id":3844,"date":"2021-10-20T15:09:00","date_gmt":"2021-10-20T13:09:00","guid":{"rendered":"https:\/\/mahlers.a.vaia.cloud\/safety\/"},"modified":"2021-10-21T10:36:28","modified_gmt":"2021-10-21T08:36:28","slug":"safety","status":"publish","type":"page","link":"https:\/\/mahlers.se\/en\/safety\/","title":{"rendered":"Safety"},"content":{"rendered":"\t\t<div data-elementor-type=\"wp-page\" data-elementor-id=\"3844\" class=\"elementor elementor-3844 elementor-3838\" data-elementor-post-type=\"page\">\n\t\t\t\t\t\t<section class=\"elementor-section elementor-top-section elementor-element elementor-element-c5fcbae elementor-section-boxed elementor-section-height-default elementor-section-height-default\" data-id=\"c5fcbae\" data-element_type=\"section\" data-e-type=\"section\">\n\t\t\t\t\t\t<div class=\"elementor-container elementor-column-gap-default\">\n\t\t\t\t\t<div class=\"elementor-column elementor-col-100 elementor-top-column elementor-element elementor-element-c6e0ce0\" data-id=\"c6e0ce0\" data-element_type=\"column\" data-e-type=\"column\">\n\t\t\t<div class=\"elementor-widget-wrap elementor-element-populated\">\n\t\t\t\t\t\t<div class=\"elementor-element elementor-element-150e5fe elementor-widget elementor-widget-image\" data-id=\"150e5fe\" data-element_type=\"widget\" data-e-type=\"widget\" data-widget_type=\"image.default\">\n\t\t\t\t<div class=\"elementor-widget-container\">\n\t\t\t\t\t\t\t\t\t\t\t\t\t\t\t<img fetchpriority=\"high\" decoding=\"async\" width=\"750\" height=\"350\" src=\"https:\/\/mahlers.se\/wp-content\/uploads\/2021\/10\/nag-mahlers.jpg\" class=\"attachment-large size-large wp-image-3605\" alt=\"\" srcset=\"https:\/\/mahlers.se\/wp-content\/uploads\/2021\/10\/nag-mahlers.jpg 750w, https:\/\/mahlers.se\/wp-content\/uploads\/2021\/10\/nag-mahlers-300x140.jpg 300w\" sizes=\"(max-width: 750px) 100vw, 750px\" \/>\t\t\t\t\t\t\t\t\t\t\t\t\t\t\t<\/div>\n\t\t\t\t<\/div>\n\t\t\t\t<div class=\"elementor-element elementor-element-a6ee675 elementor-widget elementor-widget-text-editor\" data-id=\"a6ee675\" data-element_type=\"widget\" data-e-type=\"widget\" data-widget_type=\"text-editor.default\">\n\t\t\t\t<div class=\"elementor-widget-container\">\n\t\t\t\t\t\t\t\t\t<h1>Non Accident Generation<\/h1>\n\t\t\t\t\t\t\t\t<\/div>\n\t\t\t\t<\/div>\n\t\t\t\t<div class=\"elementor-element elementor-element-b96f21b elementor-widget elementor-widget-text-editor\" data-id=\"b96f21b\" data-element_type=\"widget\" data-e-type=\"widget\" data-widget_type=\"text-editor.default\">\n\t\t\t\t<div class=\"elementor-widget-container\">\n\t\t\t\t\t\t\t\t\t<h2>Safe results<\/h2>\n<p><strong>For more than 100 years M\u00e4hlers has been synonymous with quality attachments, and is the professionals\u2019 first choice for snow plowing and road maintenance in Scandinavia.<\/strong><\/p>\n\t\t\t\t\t\t\t\t<\/div>\n\t\t\t\t<\/div>\n\t\t\t\t<section class=\"elementor-section elementor-inner-section elementor-element elementor-element-51f2a53 elementor-section-boxed elementor-section-height-default elementor-section-height-default\" data-id=\"51f2a53\" data-element_type=\"section\" data-e-type=\"section\">\n\t\t\t\t\t\t<div class=\"elementor-container elementor-column-gap-no\">\n\t\t\t\t\t<div class=\"elementor-column elementor-col-50 elementor-inner-column elementor-element elementor-element-bdfcb8b\" data-id=\"bdfcb8b\" data-element_type=\"column\" data-e-type=\"column\">\n\t\t\t<div class=\"elementor-widget-wrap elementor-element-populated\">\n\t\t\t\t\t\t<div class=\"elementor-element elementor-element-5c0a57c elementor-widget elementor-widget-text-editor\" data-id=\"5c0a57c\" data-element_type=\"widget\" data-e-type=\"widget\" data-widget_type=\"text-editor.default\">\n\t\t\t\t<div class=\"elementor-widget-container\">\n\t\t\t\t\t\t\t\t\t<p>The reason is that we never rest on our laurels. Continuous development leads to new products and successive improvements in efficiency and safety.<\/p>\n<blockquote><p><em>All of M\u00e4hlers diagonal ploughs conform to EN 13021+A1:2008 thanks to triggered safety blades that can cope with a height of 50 mm at 40 km\/h.<\/em><\/p><\/blockquote>\n\t\t\t\t\t\t\t\t<\/div>\n\t\t\t\t<\/div>\n\t\t\t\t\t<\/div>\n\t\t<\/div>\n\t\t\t\t<div class=\"elementor-column elementor-col-50 elementor-inner-column elementor-element elementor-element-00fd67d\" data-id=\"00fd67d\" data-element_type=\"column\" data-e-type=\"column\">\n\t\t\t<div class=\"elementor-widget-wrap elementor-element-populated\">\n\t\t\t\t\t\t<div class=\"elementor-element elementor-element-dcd6130 elementor-widget elementor-widget-image\" data-id=\"dcd6130\" data-element_type=\"widget\" data-e-type=\"widget\" data-widget_type=\"image.default\">\n\t\t\t\t<div class=\"elementor-widget-container\">\n\t\t\t\t\t\t\t\t\t\t\t\t\t\t\t<img decoding=\"async\" width=\"460\" height=\"290\" src=\"https:\/\/mahlers.se\/wp-content\/uploads\/2021\/10\/sakra-resultat.jpg\" class=\"attachment-large size-large wp-image-3602\" alt=\"\" srcset=\"https:\/\/mahlers.se\/wp-content\/uploads\/2021\/10\/sakra-resultat.jpg 460w, https:\/\/mahlers.se\/wp-content\/uploads\/2021\/10\/sakra-resultat-300x189.jpg 300w\" sizes=\"(max-width: 460px) 100vw, 460px\" \/>\t\t\t\t\t\t\t\t\t\t\t\t\t\t\t<\/div>\n\t\t\t\t<\/div>\n\t\t\t\t\t<\/div>\n\t\t<\/div>\n\t\t\t\t\t<\/div>\n\t\t<\/section>\n\t\t\t\t<div class=\"elementor-element elementor-element-f03ef9b elementor-widget elementor-widget-text-editor\" data-id=\"f03ef9b\" data-element_type=\"widget\" data-e-type=\"widget\" data-widget_type=\"text-editor.default\">\n\t\t\t\t<div class=\"elementor-widget-container\">\n\t\t\t\t\t\t\t\t\t<h2>Hydraulic side wings increase the area of operation<\/h2>\n<p><strong>M\u00e4hlers&#8217; hydraulic plows help you to become more flexible and get more done, not least when clearing snow i urban areas.<\/strong><\/p>\n\t\t\t\t\t\t\t\t<\/div>\n\t\t\t\t<\/div>\n\t\t\t\t<section class=\"elementor-section elementor-inner-section elementor-element elementor-element-8cbeeaf elementor-section-boxed elementor-section-height-default elementor-section-height-default\" data-id=\"8cbeeaf\" data-element_type=\"section\" data-e-type=\"section\">\n\t\t\t\t\t\t<div class=\"elementor-container elementor-column-gap-no\">\n\t\t\t\t\t<div class=\"elementor-column elementor-col-50 elementor-inner-column elementor-element elementor-element-27b4fda\" data-id=\"27b4fda\" data-element_type=\"column\" data-e-type=\"column\">\n\t\t\t<div class=\"elementor-widget-wrap elementor-element-populated\">\n\t\t\t\t\t\t<div class=\"elementor-element elementor-element-2190ef1 elementor-widget elementor-widget-text-editor\" data-id=\"2190ef1\" data-element_type=\"widget\" data-e-type=\"widget\" data-widget_type=\"text-editor.default\">\n\t\t\t\t<div class=\"elementor-widget-container\">\n\t\t\t\t\t\t\t\t\t<p>A road grader or truck with a diagonal plow and a hydraulic side wing is an effective combination for most capacity-demanding tasks.<\/p>\n<blockquote><p><em>All M\u00e4hlers side wings have so-called shock-valves that are activated in the event of a collision with a solid obstacle such as a steel or concrete barrier, and prevent the vehicle from being thrown out onto the road surface. A steel cable serves as an extra security device.<\/em><\/p><\/blockquote>\n\t\t\t\t\t\t\t\t<\/div>\n\t\t\t\t<\/div>\n\t\t\t\t\t<\/div>\n\t\t<\/div>\n\t\t\t\t<div class=\"elementor-column elementor-col-50 elementor-inner-column elementor-element elementor-element-2673944\" data-id=\"2673944\" data-element_type=\"column\" data-e-type=\"column\">\n\t\t\t<div class=\"elementor-widget-wrap elementor-element-populated\">\n\t\t\t\t\t\t<div class=\"elementor-element elementor-element-b190c96 elementor-widget elementor-widget-image\" data-id=\"b190c96\" data-element_type=\"widget\" data-e-type=\"widget\" data-widget_type=\"image.default\">\n\t\t\t\t<div class=\"elementor-widget-container\">\n\t\t\t\t\t\t\t\t\t\t\t\t\t\t\t<img decoding=\"async\" width=\"460\" height=\"290\" src=\"https:\/\/mahlers.se\/wp-content\/uploads\/2021\/10\/hydrauliska-sidplogar.jpg\" class=\"attachment-large size-large wp-image-3607\" alt=\"\" srcset=\"https:\/\/mahlers.se\/wp-content\/uploads\/2021\/10\/hydrauliska-sidplogar.jpg 460w, https:\/\/mahlers.se\/wp-content\/uploads\/2021\/10\/hydrauliska-sidplogar-300x189.jpg 300w\" sizes=\"(max-width: 460px) 100vw, 460px\" \/>\t\t\t\t\t\t\t\t\t\t\t\t\t\t\t<\/div>\n\t\t\t\t<\/div>\n\t\t\t\t\t<\/div>\n\t\t<\/div>\n\t\t\t\t\t<\/div>\n\t\t<\/section>\n\t\t\t\t<div class=\"elementor-element elementor-element-3bd580f elementor-widget elementor-widget-text-editor\" data-id=\"3bd580f\" data-element_type=\"widget\" data-e-type=\"widget\" data-widget_type=\"text-editor.default\">\n\t\t\t\t<div class=\"elementor-widget-container\">\n\t\t\t\t\t\t\t\t\t<h2>Multifunctional control system<\/h2>\n<p><strong>M\u00e4hlers\u2019 new control system MC3 can be combined for both grader blades and plows.<\/strong><\/p>\n\t\t\t\t\t\t\t\t<\/div>\n\t\t\t\t<\/div>\n\t\t\t\t<section class=\"elementor-section elementor-inner-section elementor-element elementor-element-eb111c8 elementor-section-boxed elementor-section-height-default elementor-section-height-default\" data-id=\"eb111c8\" data-element_type=\"section\" data-e-type=\"section\">\n\t\t\t\t\t\t<div class=\"elementor-container elementor-column-gap-no\">\n\t\t\t\t\t<div class=\"elementor-column elementor-col-50 elementor-inner-column elementor-element elementor-element-b6500b3\" data-id=\"b6500b3\" data-element_type=\"column\" data-e-type=\"column\">\n\t\t\t<div class=\"elementor-widget-wrap elementor-element-populated\">\n\t\t\t\t\t\t<div class=\"elementor-element elementor-element-8c1ee5a elementor-widget elementor-widget-text-editor\" data-id=\"8c1ee5a\" data-element_type=\"widget\" data-e-type=\"widget\" data-widget_type=\"text-editor.default\">\n\t\t\t\t<div class=\"elementor-widget-container\">\n\t\t\t\t\t\t\t\t\t<p>The MC3 is a proportional control system, which allows variable control of all ploughing equipment.  <\/p>\n<p>The software in the MC3 supports the control of other types of functions such as sand and salt equipment, tipper bed etc.<br \/>\nThe control system is also built for remote support connection via the mobile network to receive technical support, regardless of the customer\u2019s location.<\/p>\n<blockquote><p><em>Complies with EN ISO 13849, third-party certified.<br \/>\nAll controls meet the PLD Safety Directive.<br \/>\nCANopen Safety compatible for safer control.<br \/>\nWidening function monitoring with slide monitoring in the hydraulics.<br \/>\nSafety valves in all hydraulic blocks.<\/em><\/p><\/blockquote>\n\t\t\t\t\t\t\t\t<\/div>\n\t\t\t\t<\/div>\n\t\t\t\t\t<\/div>\n\t\t<\/div>\n\t\t\t\t<div class=\"elementor-column elementor-col-50 elementor-inner-column elementor-element elementor-element-fa11d18\" data-id=\"fa11d18\" data-element_type=\"column\" data-e-type=\"column\">\n\t\t\t<div class=\"elementor-widget-wrap\">\n\t\t\t\t\t\t\t<\/div>\n\t\t<\/div>\n\t\t\t\t\t<\/div>\n\t\t<\/section>\n\t\t\t\t\t<\/div>\n\t\t<\/div>\n\t\t\t\t\t<\/div>\n\t\t<\/section>\n\t\t\t\t<\/div>\n\t\t","protected":false},"excerpt":{"rendered":"<p>Non Accident Generation Safe results For more than 100 years M\u00e4hlers has been synonymous with quality attachments, and is the professionals\u2019 first choice for snow plowing and road maintenance in Scandinavia. The reason is that we never rest on our laurels. Continuous development leads to new products and successive improvements in efficiency and safety. All [&hellip;]<\/p>\n","protected":false},"author":2,"featured_media":0,"parent":0,"menu_order":0,"comment_status":"closed","ping_status":"closed","template":"","meta":{"_acf_changed":false,"footnotes":""},"class_list":["post-3844","page","type-page","status-publish","hentry"],"acf":[],"yoast_head":"<!-- This site is optimized with the Yoast SEO plugin v27.2 - https:\/\/yoast.com\/product\/yoast-seo-wordpress\/ -->\n<title>Safety - M\u00e4hlers<\/title>\n<meta name=\"robots\" content=\"index, follow, max-snippet:-1, max-image-preview:large, max-video-preview:-1\" \/>\n<link rel=\"canonical\" href=\"https:\/\/mahlers.se\/en\/safety\/\" \/>\n<meta property=\"og:locale\" content=\"en_US\" \/>\n<meta property=\"og:type\" content=\"article\" \/>\n<meta property=\"og:title\" content=\"Safety - M\u00e4hlers\" \/>\n<meta property=\"og:description\" content=\"Non Accident Generation Safe results For more than 100 years M\u00e4hlers has been synonymous with quality attachments, and is the professionals\u2019 first choice for snow plowing and road maintenance in Scandinavia. The reason is that we never rest on our laurels. Continuous development leads to new products and successive improvements in efficiency and safety. All [&hellip;]\" \/>\n<meta property=\"og:url\" content=\"https:\/\/mahlers.se\/en\/safety\/\" \/>\n<meta property=\"og:site_name\" content=\"M\u00e4hlers\" \/>\n<meta property=\"article:modified_time\" content=\"2021-10-21T08:36:28+00:00\" \/>\n<meta property=\"og:image\" content=\"https:\/\/mahlers.se\/wp-content\/uploads\/2021\/10\/nag-mahlers.jpg\" \/>\n<meta name=\"twitter:card\" content=\"summary_large_image\" \/>\n<meta name=\"twitter:label1\" content=\"Est. reading time\" \/>\n\t<meta name=\"twitter:data1\" content=\"1 minute\" \/>\n<script type=\"application\/ld+json\" class=\"yoast-schema-graph\">{\"@context\":\"https:\/\/schema.org\",\"@graph\":[{\"@type\":\"WebPage\",\"@id\":\"https:\/\/mahlers.se\/en\/safety\/\",\"url\":\"https:\/\/mahlers.se\/en\/safety\/\",\"name\":\"Safety - M\u00e4hlers\",\"isPartOf\":{\"@id\":\"https:\/\/mahlers.se\/en\/#website\"},\"primaryImageOfPage\":{\"@id\":\"https:\/\/mahlers.se\/en\/safety\/#primaryimage\"},\"image\":{\"@id\":\"https:\/\/mahlers.se\/en\/safety\/#primaryimage\"},\"thumbnailUrl\":\"https:\/\/mahlers.se\/wp-content\/uploads\/2021\/10\/nag-mahlers.jpg\",\"datePublished\":\"2021-10-20T13:09:00+00:00\",\"dateModified\":\"2021-10-21T08:36:28+00:00\",\"breadcrumb\":{\"@id\":\"https:\/\/mahlers.se\/en\/safety\/#breadcrumb\"},\"inLanguage\":\"en-US\",\"potentialAction\":[{\"@type\":\"ReadAction\",\"target\":[\"https:\/\/mahlers.se\/en\/safety\/\"]}]},{\"@type\":\"ImageObject\",\"inLanguage\":\"en-US\",\"@id\":\"https:\/\/mahlers.se\/en\/safety\/#primaryimage\",\"url\":\"https:\/\/mahlers.se\/wp-content\/uploads\/2021\/10\/nag-mahlers.jpg\",\"contentUrl\":\"https:\/\/mahlers.se\/wp-content\/uploads\/2021\/10\/nag-mahlers.jpg\"},{\"@type\":\"BreadcrumbList\",\"@id\":\"https:\/\/mahlers.se\/en\/safety\/#breadcrumb\",\"itemListElement\":[{\"@type\":\"ListItem\",\"position\":1,\"name\":\"Hem\",\"item\":\"https:\/\/mahlers.se\/en\/\"},{\"@type\":\"ListItem\",\"position\":2,\"name\":\"Safety\"}]},{\"@type\":\"WebSite\",\"@id\":\"https:\/\/mahlers.se\/en\/#website\",\"url\":\"https:\/\/mahlers.se\/en\/\",\"name\":\"M\u00e4hlers\",\"description\":\"F\u00f6r effektivare sn\u00f6r\u00f6jning och v\u00e4gunderh\u00e5ll\",\"publisher\":{\"@id\":\"https:\/\/mahlers.se\/en\/#organization\"},\"potentialAction\":[{\"@type\":\"SearchAction\",\"target\":{\"@type\":\"EntryPoint\",\"urlTemplate\":\"https:\/\/mahlers.se\/en\/?s={search_term_string}\"},\"query-input\":{\"@type\":\"PropertyValueSpecification\",\"valueRequired\":true,\"valueName\":\"search_term_string\"}}],\"inLanguage\":\"en-US\"},{\"@type\":\"Organization\",\"@id\":\"https:\/\/mahlers.se\/en\/#organization\",\"name\":\"M\u00e4hlers\",\"url\":\"https:\/\/mahlers.se\/en\/\",\"logo\":{\"@type\":\"ImageObject\",\"inLanguage\":\"en-US\",\"@id\":\"https:\/\/mahlers.se\/en\/#\/schema\/logo\/image\/\",\"url\":\"https:\/\/mahlers.se\/wp-content\/uploads\/2021\/06\/Mahlers-logo-ned-wordonly.png\",\"contentUrl\":\"https:\/\/mahlers.se\/wp-content\/uploads\/2021\/06\/Mahlers-logo-ned-wordonly.png\",\"width\":1026,\"height\":186,\"caption\":\"M\u00e4hlers\"},\"image\":{\"@id\":\"https:\/\/mahlers.se\/en\/#\/schema\/logo\/image\/\"}}]}<\/script>\n<!-- \/ Yoast SEO plugin. -->","yoast_head_json":{"title":"Safety - M\u00e4hlers","robots":{"index":"index","follow":"follow","max-snippet":"max-snippet:-1","max-image-preview":"max-image-preview:large","max-video-preview":"max-video-preview:-1"},"canonical":"https:\/\/mahlers.se\/en\/safety\/","og_locale":"en_US","og_type":"article","og_title":"Safety - M\u00e4hlers","og_description":"Non Accident Generation Safe results For more than 100 years M\u00e4hlers has been synonymous with quality attachments, and is the professionals\u2019 first choice for snow plowing and road maintenance in Scandinavia. The reason is that we never rest on our laurels. Continuous development leads to new products and successive improvements in efficiency and safety. All [&hellip;]","og_url":"https:\/\/mahlers.se\/en\/safety\/","og_site_name":"M\u00e4hlers","article_modified_time":"2021-10-21T08:36:28+00:00","og_image":[{"url":"https:\/\/mahlers.se\/wp-content\/uploads\/2021\/10\/nag-mahlers.jpg","type":"","width":"","height":""}],"twitter_card":"summary_large_image","twitter_misc":{"Est. reading time":"1 minute"},"schema":{"@context":"https:\/\/schema.org","@graph":[{"@type":"WebPage","@id":"https:\/\/mahlers.se\/en\/safety\/","url":"https:\/\/mahlers.se\/en\/safety\/","name":"Safety - M\u00e4hlers","isPartOf":{"@id":"https:\/\/mahlers.se\/en\/#website"},"primaryImageOfPage":{"@id":"https:\/\/mahlers.se\/en\/safety\/#primaryimage"},"image":{"@id":"https:\/\/mahlers.se\/en\/safety\/#primaryimage"},"thumbnailUrl":"https:\/\/mahlers.se\/wp-content\/uploads\/2021\/10\/nag-mahlers.jpg","datePublished":"2021-10-20T13:09:00+00:00","dateModified":"2021-10-21T08:36:28+00:00","breadcrumb":{"@id":"https:\/\/mahlers.se\/en\/safety\/#breadcrumb"},"inLanguage":"en-US","potentialAction":[{"@type":"ReadAction","target":["https:\/\/mahlers.se\/en\/safety\/"]}]},{"@type":"ImageObject","inLanguage":"en-US","@id":"https:\/\/mahlers.se\/en\/safety\/#primaryimage","url":"https:\/\/mahlers.se\/wp-content\/uploads\/2021\/10\/nag-mahlers.jpg","contentUrl":"https:\/\/mahlers.se\/wp-content\/uploads\/2021\/10\/nag-mahlers.jpg"},{"@type":"BreadcrumbList","@id":"https:\/\/mahlers.se\/en\/safety\/#breadcrumb","itemListElement":[{"@type":"ListItem","position":1,"name":"Hem","item":"https:\/\/mahlers.se\/en\/"},{"@type":"ListItem","position":2,"name":"Safety"}]},{"@type":"WebSite","@id":"https:\/\/mahlers.se\/en\/#website","url":"https:\/\/mahlers.se\/en\/","name":"M\u00e4hlers","description":"F\u00f6r effektivare sn\u00f6r\u00f6jning och v\u00e4gunderh\u00e5ll","publisher":{"@id":"https:\/\/mahlers.se\/en\/#organization"},"potentialAction":[{"@type":"SearchAction","target":{"@type":"EntryPoint","urlTemplate":"https:\/\/mahlers.se\/en\/?s={search_term_string}"},"query-input":{"@type":"PropertyValueSpecification","valueRequired":true,"valueName":"search_term_string"}}],"inLanguage":"en-US"},{"@type":"Organization","@id":"https:\/\/mahlers.se\/en\/#organization","name":"M\u00e4hlers","url":"https:\/\/mahlers.se\/en\/","logo":{"@type":"ImageObject","inLanguage":"en-US","@id":"https:\/\/mahlers.se\/en\/#\/schema\/logo\/image\/","url":"https:\/\/mahlers.se\/wp-content\/uploads\/2021\/06\/Mahlers-logo-ned-wordonly.png","contentUrl":"https:\/\/mahlers.se\/wp-content\/uploads\/2021\/06\/Mahlers-logo-ned-wordonly.png","width":1026,"height":186,"caption":"M\u00e4hlers"},"image":{"@id":"https:\/\/mahlers.se\/en\/#\/schema\/logo\/image\/"}}]}},"_links":{"self":[{"href":"https:\/\/mahlers.se\/en\/wp-json\/wp\/v2\/pages\/3844","targetHints":{"allow":["GET"]}}],"collection":[{"href":"https:\/\/mahlers.se\/en\/wp-json\/wp\/v2\/pages"}],"about":[{"href":"https:\/\/mahlers.se\/en\/wp-json\/wp\/v2\/types\/page"}],"author":[{"embeddable":true,"href":"https:\/\/mahlers.se\/en\/wp-json\/wp\/v2\/users\/2"}],"replies":[{"embeddable":true,"href":"https:\/\/mahlers.se\/en\/wp-json\/wp\/v2\/comments?post=3844"}],"version-history":[{"count":5,"href":"https:\/\/mahlers.se\/en\/wp-json\/wp\/v2\/pages\/3844\/revisions"}],"predecessor-version":[{"id":3925,"href":"https:\/\/mahlers.se\/en\/wp-json\/wp\/v2\/pages\/3844\/revisions\/3925"}],"wp:attachment":[{"href":"https:\/\/mahlers.se\/en\/wp-json\/wp\/v2\/media?parent=3844"}],"curies":[{"name":"wp","href":"https:\/\/api.w.org\/{rel}","templated":true}]}}