{"id":2874,"date":"2021-08-16T14:33:54","date_gmt":"2021-08-16T12:33:54","guid":{"rendered":"https:\/\/mahlers.a.vaia.cloud\/about-mahlers\/"},"modified":"2024-08-12T14:46:11","modified_gmt":"2024-08-12T12:46:11","slug":"about-mahlers","status":"publish","type":"page","link":"https:\/\/mahlers.se\/en\/about-mahlers\/","title":{"rendered":"About M\u00e4hlers"},"content":{"rendered":"\t\t<div data-elementor-type=\"wp-page\" data-elementor-id=\"2874\" class=\"elementor elementor-2874 elementor-493\" data-elementor-post-type=\"page\">\n\t\t\t\t\t\t<section class=\"elementor-section elementor-top-section elementor-element elementor-element-2a57fa22 elementor-section-boxed elementor-section-height-default elementor-section-height-default\" data-id=\"2a57fa22\" data-element_type=\"section\" data-e-type=\"section\">\n\t\t\t\t\t\t<div class=\"elementor-container elementor-column-gap-default\">\n\t\t\t\t\t<div class=\"elementor-column elementor-col-100 elementor-top-column elementor-element elementor-element-1c7f2935\" data-id=\"1c7f2935\" data-element_type=\"column\" data-e-type=\"column\">\n\t\t\t<div class=\"elementor-widget-wrap elementor-element-populated\">\n\t\t\t\t\t\t<div class=\"elementor-element elementor-element-637e4c02 elementor-widget elementor-widget-spacer\" data-id=\"637e4c02\" data-element_type=\"widget\" data-e-type=\"widget\" data-widget_type=\"spacer.default\">\n\t\t\t\t<div class=\"elementor-widget-container\">\n\t\t\t\t\t\t\t<div class=\"elementor-spacer\">\n\t\t\t<div class=\"elementor-spacer-inner\"><\/div>\n\t\t<\/div>\n\t\t\t\t\t\t<\/div>\n\t\t\t\t<\/div>\n\t\t\t\t\t<\/div>\n\t\t<\/div>\n\t\t\t\t\t<\/div>\n\t\t<\/section>\n\t\t\t\t<section class=\"elementor-section elementor-top-section elementor-element elementor-element-55390a41 elementor-section-boxed elementor-section-height-default elementor-section-height-default\" data-id=\"55390a41\" data-element_type=\"section\" data-e-type=\"section\">\n\t\t\t\t\t\t<div class=\"elementor-container elementor-column-gap-default\">\n\t\t\t\t\t<div class=\"elementor-column elementor-col-100 elementor-top-column elementor-element elementor-element-7ebed28f\" data-id=\"7ebed28f\" data-element_type=\"column\" data-e-type=\"column\">\n\t\t\t<div class=\"elementor-widget-wrap elementor-element-populated\">\n\t\t\t\t\t\t<div class=\"elementor-element elementor-element-599cfa11 elementor-widget elementor-widget-heading\" data-id=\"599cfa11\" data-element_type=\"widget\" data-e-type=\"widget\" data-widget_type=\"heading.default\">\n\t\t\t\t<div class=\"elementor-widget-container\">\n\t\t\t\t\t<h1 class=\"elementor-heading-title elementor-size-default\">About M\u00e4hlers<\/h1>\t\t\t\t<\/div>\n\t\t\t\t<\/div>\n\t\t\t\t\t<\/div>\n\t\t<\/div>\n\t\t\t\t\t<\/div>\n\t\t<\/section>\n\t\t\t\t<section class=\"elementor-section elementor-top-section elementor-element elementor-element-7a882d6c elementor-section-boxed elementor-section-height-default elementor-section-height-default\" data-id=\"7a882d6c\" data-element_type=\"section\" data-e-type=\"section\">\n\t\t\t\t\t\t<div class=\"elementor-container elementor-column-gap-default\">\n\t\t\t\t\t<div class=\"elementor-column elementor-col-50 elementor-top-column elementor-element elementor-element-8e1bb14\" data-id=\"8e1bb14\" data-element_type=\"column\" data-e-type=\"column\">\n\t\t\t<div class=\"elementor-widget-wrap elementor-element-populated\">\n\t\t\t\t\t\t<div class=\"elementor-element elementor-element-44af97bc elementor-widget elementor-widget-text-editor\" data-id=\"44af97bc\" data-element_type=\"widget\" data-e-type=\"widget\" data-widget_type=\"text-editor.default\">\n\t\t\t\t<div class=\"elementor-widget-container\">\n\t\t\t\t\t\t\t\t\t<strong>AB M\u00c4HLER &amp; S\u00d6NER was founded in 1895 in Hoting and is now located in Ross\u00f6n, located in northern J\u00e4mtland, Sweden.<\/strong>\r\n\r\nOver our long history, we have never stopped in our development. We are constantly working on innovation and developing new products. As a result, we are now the market leader in the Nordic region in terms of road maintenance throughout the year.\r\n\r\nWe can propose and deliver complete equipment for trucks and road graders. Our responsiveness to our customers&#8217; views means that M\u00e4hlers continuously improves and renews its product range. You can also bet on M\u00e4hlers for the right method and product aswell as the optimal economy and production.\t\t\t\t\t\t\t\t<\/div>\n\t\t\t\t<\/div>\n\t\t\t\t\t<\/div>\n\t\t<\/div>\n\t\t\t\t<div class=\"elementor-column elementor-col-50 elementor-top-column elementor-element elementor-element-32087f\" data-id=\"32087f\" data-element_type=\"column\" data-e-type=\"column\">\n\t\t\t<div class=\"elementor-widget-wrap\">\n\t\t\t\t\t\t\t<\/div>\n\t\t<\/div>\n\t\t\t\t\t<\/div>\n\t\t<\/section>\n\t\t\t\t<section class=\"elementor-section elementor-top-section elementor-element elementor-element-15c5bcf elementor-section-boxed elementor-section-height-default elementor-section-height-default\" data-id=\"15c5bcf\" data-element_type=\"section\" data-e-type=\"section\">\n\t\t\t\t\t\t<div class=\"elementor-container elementor-column-gap-default\">\n\t\t\t\t\t<div class=\"elementor-column elementor-col-50 elementor-top-column elementor-element elementor-element-9628f87\" data-id=\"9628f87\" data-element_type=\"column\" data-e-type=\"column\">\n\t\t\t<div class=\"elementor-widget-wrap elementor-element-populated\">\n\t\t\t\t\t\t<div class=\"elementor-element elementor-element-9ce3a23 elementor-widget elementor-widget-text-editor\" data-id=\"9ce3a23\" data-element_type=\"widget\" data-e-type=\"widget\" data-widget_type=\"text-editor.default\">\n\t\t\t\t<div class=\"elementor-widget-container\">\n\t\t\t\t\t\t\t\t\t<h2>Quality work<\/h2><p><a href=\"https:\/\/mahlers.se\/wp-content\/uploads\/2022\/05\/General-technical-requirements-Mahlers.pdf\" target=\"_blank\" rel=\"noopener\">General technical requirements<\/a><\/p><p><a href=\"https:\/\/mahlers.se\/wp-content\/uploads\/2022\/05\/How-to-Deliver-to-Mahlers.pdf\" target=\"_blank\" rel=\"noopener\">How to Deliver to M\u00e4hlers<\/a><\/p><p><a href=\"\/wp-content\/uploads\/2022\/05\/Supplier-Handbook-Mahlers.pdf\" target=\"_blank\" rel=\"noopener\">Supplier Handbook<\/a><\/p><p><a href=\"https:\/\/mahlers.se\/wp-content\/uploads\/2024\/01\/Mahlers-Code-of-conduct-A4-low.pdf\">Code of conduct<\/a><\/p><p><a href=\"https:\/\/mahlers.se\/wp-content\/uploads\/2024\/08\/Mahlers-Data-Protection-Policy-ENG.pdf\">Data Protection Policy<\/a><\/p>\t\t\t\t\t\t\t\t<\/div>\n\t\t\t\t<\/div>\n\t\t\t\t\t<\/div>\n\t\t<\/div>\n\t\t\t\t<div class=\"elementor-column elementor-col-50 elementor-top-column elementor-element elementor-element-c87e618\" data-id=\"c87e618\" data-element_type=\"column\" data-e-type=\"column\">\n\t\t\t<div class=\"elementor-widget-wrap\">\n\t\t\t\t\t\t\t<\/div>\n\t\t<\/div>\n\t\t\t\t\t<\/div>\n\t\t<\/section>\n\t\t\t\t<\/div>\n\t\t","protected":false},"excerpt":{"rendered":"<p>About M\u00e4hlers AB M\u00c4HLER &amp; S\u00d6NER was founded in 1895 in Hoting and is now located in Ross\u00f6n, located in northern J\u00e4mtland, Sweden. Over our long history, we have never stopped in our development. We are constantly working on innovation and developing new products. As a result, we are now the market leader in the [&hellip;]<\/p>\n","protected":false},"author":1,"featured_media":0,"parent":0,"menu_order":0,"comment_status":"closed","ping_status":"closed","template":"","meta":{"_acf_changed":false,"footnotes":""},"class_list":["post-2874","page","type-page","status-publish","hentry"],"acf":[],"yoast_head":"<!-- This site is optimized with the Yoast SEO plugin v27.2 - https:\/\/yoast.com\/product\/yoast-seo-wordpress\/ -->\n<title>About M\u00e4hlers - M\u00e4hlers<\/title>\n<meta name=\"robots\" content=\"index, follow, max-snippet:-1, max-image-preview:large, max-video-preview:-1\" \/>\n<link rel=\"canonical\" href=\"https:\/\/mahlers.se\/en\/about-mahlers\/\" \/>\n<meta property=\"og:locale\" content=\"en_US\" \/>\n<meta property=\"og:type\" content=\"article\" \/>\n<meta property=\"og:title\" content=\"About M\u00e4hlers - M\u00e4hlers\" \/>\n<meta property=\"og:description\" content=\"About M\u00e4hlers AB M\u00c4HLER &amp; S\u00d6NER was founded in 1895 in Hoting and is now located in Ross\u00f6n, located in northern J\u00e4mtland, Sweden. Over our long history, we have never stopped in our development. We are constantly working on innovation and developing new products. As a result, we are now the market leader in the [&hellip;]\" \/>\n<meta property=\"og:url\" content=\"https:\/\/mahlers.se\/en\/about-mahlers\/\" \/>\n<meta property=\"og:site_name\" content=\"M\u00e4hlers\" \/>\n<meta property=\"article:modified_time\" content=\"2024-08-12T12:46:11+00:00\" \/>\n<meta name=\"twitter:card\" content=\"summary_large_image\" \/>\n<meta name=\"twitter:label1\" content=\"Est. reading time\" \/>\n\t<meta name=\"twitter:data1\" content=\"1 minute\" \/>\n<script type=\"application\/ld+json\" class=\"yoast-schema-graph\">{\"@context\":\"https:\/\/schema.org\",\"@graph\":[{\"@type\":\"WebPage\",\"@id\":\"https:\/\/mahlers.se\/en\/about-mahlers\/\",\"url\":\"https:\/\/mahlers.se\/en\/about-mahlers\/\",\"name\":\"About M\u00e4hlers - M\u00e4hlers\",\"isPartOf\":{\"@id\":\"https:\/\/mahlers.se\/en\/#website\"},\"datePublished\":\"2021-08-16T12:33:54+00:00\",\"dateModified\":\"2024-08-12T12:46:11+00:00\",\"breadcrumb\":{\"@id\":\"https:\/\/mahlers.se\/en\/about-mahlers\/#breadcrumb\"},\"inLanguage\":\"en-US\",\"potentialAction\":[{\"@type\":\"ReadAction\",\"target\":[\"https:\/\/mahlers.se\/en\/about-mahlers\/\"]}]},{\"@type\":\"BreadcrumbList\",\"@id\":\"https:\/\/mahlers.se\/en\/about-mahlers\/#breadcrumb\",\"itemListElement\":[{\"@type\":\"ListItem\",\"position\":1,\"name\":\"Hem\",\"item\":\"https:\/\/mahlers.se\/en\/\"},{\"@type\":\"ListItem\",\"position\":2,\"name\":\"About M\u00e4hlers\"}]},{\"@type\":\"WebSite\",\"@id\":\"https:\/\/mahlers.se\/en\/#website\",\"url\":\"https:\/\/mahlers.se\/en\/\",\"name\":\"M\u00e4hlers\",\"description\":\"F\u00f6r effektivare sn\u00f6r\u00f6jning och v\u00e4gunderh\u00e5ll\",\"publisher\":{\"@id\":\"https:\/\/mahlers.se\/en\/#organization\"},\"potentialAction\":[{\"@type\":\"SearchAction\",\"target\":{\"@type\":\"EntryPoint\",\"urlTemplate\":\"https:\/\/mahlers.se\/en\/?s={search_term_string}\"},\"query-input\":{\"@type\":\"PropertyValueSpecification\",\"valueRequired\":true,\"valueName\":\"search_term_string\"}}],\"inLanguage\":\"en-US\"},{\"@type\":\"Organization\",\"@id\":\"https:\/\/mahlers.se\/en\/#organization\",\"name\":\"M\u00e4hlers\",\"url\":\"https:\/\/mahlers.se\/en\/\",\"logo\":{\"@type\":\"ImageObject\",\"inLanguage\":\"en-US\",\"@id\":\"https:\/\/mahlers.se\/en\/#\/schema\/logo\/image\/\",\"url\":\"https:\/\/mahlers.se\/wp-content\/uploads\/2021\/06\/Mahlers-logo-ned-wordonly.png\",\"contentUrl\":\"https:\/\/mahlers.se\/wp-content\/uploads\/2021\/06\/Mahlers-logo-ned-wordonly.png\",\"width\":1026,\"height\":186,\"caption\":\"M\u00e4hlers\"},\"image\":{\"@id\":\"https:\/\/mahlers.se\/en\/#\/schema\/logo\/image\/\"}}]}<\/script>\n<!-- \/ Yoast SEO plugin. -->","yoast_head_json":{"title":"About M\u00e4hlers - M\u00e4hlers","robots":{"index":"index","follow":"follow","max-snippet":"max-snippet:-1","max-image-preview":"max-image-preview:large","max-video-preview":"max-video-preview:-1"},"canonical":"https:\/\/mahlers.se\/en\/about-mahlers\/","og_locale":"en_US","og_type":"article","og_title":"About M\u00e4hlers - M\u00e4hlers","og_description":"About M\u00e4hlers AB M\u00c4HLER &amp; S\u00d6NER was founded in 1895 in Hoting and is now located in Ross\u00f6n, located in northern J\u00e4mtland, Sweden. Over our long history, we have never stopped in our development. We are constantly working on innovation and developing new products. As a result, we are now the market leader in the [&hellip;]","og_url":"https:\/\/mahlers.se\/en\/about-mahlers\/","og_site_name":"M\u00e4hlers","article_modified_time":"2024-08-12T12:46:11+00:00","twitter_card":"summary_large_image","twitter_misc":{"Est. reading time":"1 minute"},"schema":{"@context":"https:\/\/schema.org","@graph":[{"@type":"WebPage","@id":"https:\/\/mahlers.se\/en\/about-mahlers\/","url":"https:\/\/mahlers.se\/en\/about-mahlers\/","name":"About M\u00e4hlers - M\u00e4hlers","isPartOf":{"@id":"https:\/\/mahlers.se\/en\/#website"},"datePublished":"2021-08-16T12:33:54+00:00","dateModified":"2024-08-12T12:46:11+00:00","breadcrumb":{"@id":"https:\/\/mahlers.se\/en\/about-mahlers\/#breadcrumb"},"inLanguage":"en-US","potentialAction":[{"@type":"ReadAction","target":["https:\/\/mahlers.se\/en\/about-mahlers\/"]}]},{"@type":"BreadcrumbList","@id":"https:\/\/mahlers.se\/en\/about-mahlers\/#breadcrumb","itemListElement":[{"@type":"ListItem","position":1,"name":"Hem","item":"https:\/\/mahlers.se\/en\/"},{"@type":"ListItem","position":2,"name":"About M\u00e4hlers"}]},{"@type":"WebSite","@id":"https:\/\/mahlers.se\/en\/#website","url":"https:\/\/mahlers.se\/en\/","name":"M\u00e4hlers","description":"F\u00f6r effektivare sn\u00f6r\u00f6jning och v\u00e4gunderh\u00e5ll","publisher":{"@id":"https:\/\/mahlers.se\/en\/#organization"},"potentialAction":[{"@type":"SearchAction","target":{"@type":"EntryPoint","urlTemplate":"https:\/\/mahlers.se\/en\/?s={search_term_string}"},"query-input":{"@type":"PropertyValueSpecification","valueRequired":true,"valueName":"search_term_string"}}],"inLanguage":"en-US"},{"@type":"Organization","@id":"https:\/\/mahlers.se\/en\/#organization","name":"M\u00e4hlers","url":"https:\/\/mahlers.se\/en\/","logo":{"@type":"ImageObject","inLanguage":"en-US","@id":"https:\/\/mahlers.se\/en\/#\/schema\/logo\/image\/","url":"https:\/\/mahlers.se\/wp-content\/uploads\/2021\/06\/Mahlers-logo-ned-wordonly.png","contentUrl":"https:\/\/mahlers.se\/wp-content\/uploads\/2021\/06\/Mahlers-logo-ned-wordonly.png","width":1026,"height":186,"caption":"M\u00e4hlers"},"image":{"@id":"https:\/\/mahlers.se\/en\/#\/schema\/logo\/image\/"}}]}},"_links":{"self":[{"href":"https:\/\/mahlers.se\/en\/wp-json\/wp\/v2\/pages\/2874","targetHints":{"allow":["GET"]}}],"collection":[{"href":"https:\/\/mahlers.se\/en\/wp-json\/wp\/v2\/pages"}],"about":[{"href":"https:\/\/mahlers.se\/en\/wp-json\/wp\/v2\/types\/page"}],"author":[{"embeddable":true,"href":"https:\/\/mahlers.se\/en\/wp-json\/wp\/v2\/users\/1"}],"replies":[{"embeddable":true,"href":"https:\/\/mahlers.se\/en\/wp-json\/wp\/v2\/comments?post=2874"}],"version-history":[{"count":3,"href":"https:\/\/mahlers.se\/en\/wp-json\/wp\/v2\/pages\/2874\/revisions"}],"predecessor-version":[{"id":10602,"href":"https:\/\/mahlers.se\/en\/wp-json\/wp\/v2\/pages\/2874\/revisions\/10602"}],"wp:attachment":[{"href":"https:\/\/mahlers.se\/en\/wp-json\/wp\/v2\/media?parent=2874"}],"curies":[{"name":"wp","href":"https:\/\/api.w.org\/{rel}","templated":true}]}}